{"id":5327,"date":"2024-03-05T08:17:09","date_gmt":"2024-03-05T11:17:09","guid":{"rendered":"http:\/\/nadiacavalleri.com.ar\/?page_id=5327"},"modified":"2024-09-29T00:33:44","modified_gmt":"2024-09-29T03:33:44","slug":"terminos-y-condiciones","status":"publish","type":"page","link":"https:\/\/nadiacavalleri.com.ar\/en\/terminos-y-condiciones\/","title":{"rendered":"T\u00e9rminos y condiciones"},"content":{"rendered":"<div data-elementor-type=\"wp-page\" data-elementor-id=\"5327\" class=\"elementor elementor-5327\">\n\t\t\t\t\t\t<section class=\"elementor-section elementor-top-section elementor-element elementor-element-b989b9c elementor-section-boxed elementor-section-height-default elementor-section-height-default\" data-id=\"b989b9c\" data-element_type=\"section\" data-e-type=\"section\">\n\t\t\t\t\t\t<div class=\"elementor-container elementor-column-gap-default\">\n\t\t\t\t\t<div class=\"elementor-column elementor-col-100 elementor-top-column elementor-element elementor-element-4a73ed1\" data-id=\"4a73ed1\" data-element_type=\"column\" data-e-type=\"column\">\n\t\t\t<div class=\"elementor-widget-wrap elementor-element-populated\">\n\t\t\t\t\t\t<div class=\"elementor-element elementor-element-b18f346 elementor-widget elementor-widget-text-editor\" data-id=\"b18f346\" data-element_type=\"widget\" data-e-type=\"widget\" data-widget_type=\"text-editor.default\">\n\t\t\t\t<div class=\"elementor-widget-container\">\n\t\t\t\t\t\t\t\t\t<p>Al hacer uso de este sitio web, aceptas estos t\u00e9rminos y condiciones. Si no est\u00e1s de acuerdo con alguno de estos t\u00e9rminos, por favor, no utilices este sitio.<\/p>\n<p><strong>Pol\u00edtica de devoluciones y reembolsos<\/strong><\/p>\n<p><span style=\"text-decoration: underline;\">Cursos, libros y sesiones de desarrollo profesional y orientaci\u00f3n vocacional<\/span>: podr\u00e1s solicitar un reembolso por los cursos, libros y sesiones de desarrollo profesional u orientaci\u00f3n vocacional hasta 7 d\u00edas despu\u00e9s de la compra siempre y cuando hayan sido comprados en este sitio. En el caso de las sesiones, esto es posible si el encuentro no se concret\u00f3, Si la sesi\u00f3n se conret\u00f3, entonces no es posible emitir el reembolso. En cualuiera de los casos, se retendr\u00e1 un 10% del importe abonado en concepto de gastos administrativos y transacciones bancarias.&nbsp;<\/p>\n<p><span style=\"text-decoration: underline;\">YouTube Memberships<\/span>: las membres\u00edas de YouTube son gestionadas por YouTube y no es posible intervenir sobre ellas. Es decir que los pagos, devoluciones, reembolsos, etc. deben gestionarse directamente con esa plataforma.<\/p>\n<p><span style=\"text-decoration: underline;\">Cursos en Udemy o Udemy Business<\/span>: dado que no es posible intervenir en la operatoria de Udemy, todo lo relacionado con los pagos, devoluciones, reembolsos, etc. deben gestionarse directamente con esa plataforma.<\/p>\n<p>Teniendo en cuenta lo anterior, para gestionar un reembolso de una compra reembolsable realizada en este sitio, env\u00eda un correo electr\u00f3nico a hola@nadiacavalleri.com.ar indicando el n\u00famero de pedido.<\/p>\n<p>El reembolso puede demorar hasta 15 d\u00edsa h\u00e1biles y se har\u00e1 en el mismo medio de pago utilizado par ala compra dentro de lo posible.&nbsp;&nbsp;<\/p>\n<p>Estos t\u00e9rminos y condiciones pueden ser modificados en cualquier momento y sin aviso previo.<\/p>\n<p><strong>Propiedad Intelectual<\/strong><\/p>\n<p>Todo el contenido disponible en este sitio web y en las redes sociales asociadas es propiedad de Nadia Soledad Cavalleri y est\u00e1 protegido por las leyes de propiedad intelectual. No est\u00e1 permitido copiar, distribuir, modificar, vender o reproducir este contenido sin su permiso expl\u00edcito por escrito.<\/p>\n<p><b>Afiliados<\/b><\/p>\n<p><u>Comisiones<\/u>: se pagar\u00e1 a los afiliados un 20% del valor de la venta excluyendo los descuentos e impuestos que pudieran existir. Este porcentaje puede variar en el futuro.<\/p>\n<p><u>Forma y moneda de pago<\/u>: s<span style=\"font-size: 15px; letter-spacing: 0.4px;\">i el cliente realiza el pago en pesos argentinos, ya sea a trav\u00e9s de MercadoPago, transferencia bancaria, dep\u00f3sito u otros m\u00e9todos que admitan esta moneda, el afiliado recibir\u00e1 su comisi\u00f3n en pesos argentinos.&nbsp;<\/span><span style=\"font-size: 15px; letter-spacing: 0.4px;\">En el caso de pagos con tarjeta de cr\u00e9dito internacional (d\u00f3lares, euros, etc.), el afiliado podr\u00e1 optar por recibir su comisi\u00f3n en una cuenta bancaria internacional o en pesos argentinos, al tipo de cambio oficial publicado por el Banco Naci\u00f3n al momento del pago.<\/span><\/p>\n<p><u>Frecuencia de pagos<\/u>: l<span style=\"font-size: 15px; letter-spacing: 0.4px;\">os pagos a los afiliados se realizar\u00e1n de manera mensual entre los d\u00edas 25 y 31 de cada mes. En cada pago se incluir\u00e1n las comisiones correspondientes a las ventas realizadas desde el \u00faltimo pago y hasta 7 d\u00edas antes del pago actual, para respetar el per\u00edodo de devoluci\u00f3n que tiene el cliente.<\/span><\/p>\n<p><u>Pol\u00edtica de devoluciones<\/u>: s<span style=\"font-size: 15px; letter-spacing: 0.4px;\">i el cliente solicita la devoluci\u00f3n del producto o servicio adquirido, la comisi\u00f3n correspondiente no ser\u00e1 abonada al afiliado.<\/span><\/p>\n<p><u>Sin monto m\u00ednimo para cobrar<\/u>: n<span style=\"font-size: 15px; letter-spacing: 0.4px;\">o se establece un monto m\u00ednimo acumulado para que el afiliado pueda recibir su comisi\u00f3n mensual.<\/span><\/p>\n<p><u>Productos incluidos<\/u>: l<span style=\"font-size: 15px; letter-spacing: 0.4px;\">a comisi\u00f3n aplica a todos los productos vendidos en el sitio web, como cursos, sesiones, revisiones, libros, y cualquier otro servicio o producto que se venda en el futuro Queda fuera del alcance de las comisiones los productos que se ofrezcan en el sitio pero se vendan en otros sitios (como los cursos de Udemy o los de automatizaci\u00f3n)..<\/span><\/p>\n<p><u>Terminaci\u00f3n de la relaci\u00f3n<\/u>: cualquiera de las partes puede&nbsp;<span style=\"font-size: 15px; letter-spacing: 0.4px;\">finalizar la relaci\u00f3n comercial, notificando a la otra parte con una antelaci\u00f3n m\u00ednima de 15 d\u00edas naturales.<\/span><\/p>\n<p><u>Datos de pago<\/u>: e<span style=\"font-size: 15px; letter-spacing: 0.4px;\">l afiliado se compromete a proporcionar datos v\u00e1lidos y correctos para el procesamiento de sus pagos. El pagador no se responsabiliza por retrasos o problemas en los pagos debido a la entrega de informaci\u00f3n incorrecta.<\/span><\/p>\n<p><strong>Terminaci\u00f3n<\/strong><\/p>\n<p>Cualquier cuenta se podr\u00e1 suspender o\/o cancelar en cualquier momento y por cualquier motivo, incluyendo pero no limitado a la violaci\u00f3n de estos t\u00e9rminos.<\/p>\n<p>Al utilizar este sitio web, reconoces que has le\u00eddo, entendido y aceptado estos t\u00e9rminos y condiciones.<\/p>\n<p>Si necesitas m\u00e1s informaci\u00f3n o ten\u00e9s alguna pregunta, no dudes en ponerte en <a href=\"http:\/\/nadiacavalleri.com.ar\/en\/contacto\/\">contacto<\/a>.<\/p>\n<p>\u00a1Muchas gracias!<\/p>\t\t\t\t\t\t\t\t<\/div>\n\t\t\t\t<\/div>\n\t\t\t\t\t<\/div>\n\t\t<\/div>\n\t\t\t\t\t<\/div>\n\t\t<\/section>\n\t\t\t\t<\/div>","protected":false},"excerpt":{"rendered":"<p>Al hacer uso de este sitio web, aceptas estos t\u00e9rminos y condiciones. Si no est\u00e1s de acuerdo con alguno de estos t\u00e9rminos, por favor, no utilices este sitio. Pol\u00edtica de devoluciones y reembolsos Cursos, libros y sesiones de desarrollo profesional y orientaci\u00f3n vocacional: podr\u00e1s solicitar un reembolso por los cursos, libros y sesiones de desarrollo [&hellip;]<\/p>\n","protected":false},"author":2,"featured_media":0,"parent":0,"menu_order":0,"comment_status":"closed","ping_status":"closed","template":"","meta":{"ocean_post_layout":"","ocean_both_sidebars_style":"","ocean_both_sidebars_content_width":0,"ocean_both_sidebars_sidebars_width":0,"ocean_sidebar":"","ocean_second_sidebar":"","ocean_disable_margins":"enable","ocean_add_body_class":"","ocean_shortcode_before_top_bar":"","ocean_shortcode_after_top_bar":"","ocean_shortcode_before_header":"","ocean_shortcode_after_header":"","ocean_has_shortcode":"","ocean_shortcode_after_title":"","ocean_shortcode_before_footer_widgets":"","ocean_shortcode_after_footer_widgets":"","ocean_shortcode_before_footer_bottom":"","ocean_shortcode_after_footer_bottom":"","ocean_display_top_bar":"default","ocean_display_header":"default","ocean_header_style":"","ocean_center_header_left_menu":"","ocean_custom_header_template":"","ocean_custom_logo":0,"ocean_custom_retina_logo":0,"ocean_custom_logo_max_width":0,"ocean_custom_logo_tablet_max_width":0,"ocean_custom_logo_mobile_max_width":0,"ocean_custom_logo_max_height":0,"ocean_custom_logo_tablet_max_height":0,"ocean_custom_logo_mobile_max_height":0,"ocean_header_custom_menu":"","ocean_menu_typo_font_family":"","ocean_menu_typo_font_subset":"","ocean_menu_typo_font_size":0,"ocean_menu_typo_font_size_tablet":0,"ocean_menu_typo_font_size_mobile":0,"ocean_menu_typo_font_size_unit":"px","ocean_menu_typo_font_weight":"","ocean_menu_typo_font_weight_tablet":"","ocean_menu_typo_font_weight_mobile":"","ocean_menu_typo_transform":"","ocean_menu_typo_transform_tablet":"","ocean_menu_typo_transform_mobile":"","ocean_menu_typo_line_height":0,"ocean_menu_typo_line_height_tablet":0,"ocean_menu_typo_line_height_mobile":0,"ocean_menu_typo_line_height_unit":"","ocean_menu_typo_spacing":0,"ocean_menu_typo_spacing_tablet":0,"ocean_menu_typo_spacing_mobile":0,"ocean_menu_typo_spacing_unit":"","ocean_menu_link_color":"","ocean_menu_link_color_hover":"","ocean_menu_link_color_active":"","ocean_menu_link_background":"","ocean_menu_link_hover_background":"","ocean_menu_link_active_background":"","ocean_menu_social_links_bg":"","ocean_menu_social_hover_links_bg":"","ocean_menu_social_links_color":"","ocean_menu_social_hover_links_color":"","ocean_disable_title":"default","ocean_disable_heading":"default","ocean_post_title":"","ocean_post_subheading":"","ocean_post_title_style":"","ocean_post_title_background_color":"","ocean_post_title_background":0,"ocean_post_title_bg_image_position":"","ocean_post_title_bg_image_attachment":"","ocean_post_title_bg_image_repeat":"","ocean_post_title_bg_image_size":"","ocean_post_title_height":0,"ocean_post_title_bg_overlay":0.5,"ocean_post_title_bg_overlay_color":"","ocean_disable_breadcrumbs":"default","ocean_breadcrumbs_color":"","ocean_breadcrumbs_separator_color":"","ocean_breadcrumbs_links_color":"","ocean_breadcrumbs_links_hover_color":"","ocean_display_footer_widgets":"default","ocean_display_footer_bottom":"default","ocean_custom_footer_template":"","footnotes":""},"class_list":["post-5327","page","type-page","status-publish","hentry","entry","owp-thumbs-layout-horizontal","owp-btn-normal","owp-tabs-layout-horizontal","has-no-thumbnails","has-product-nav"],"yoast_head":"<!-- This site is optimized with the Yoast SEO plugin v27.3 - https:\/\/yoast.com\/product\/yoast-seo-wordpress\/ -->\n<title>T\u00e9rminos y condiciones -<\/title>\n<meta name=\"description\" content=\"T\u00e9rminos y condiciones del uso de los servicios del sitio web de Nadia Cavalleri. Pol\u00edtica de devoluciones y reembolsos\" \/>\n<meta name=\"robots\" content=\"noindex, nofollow\" \/>\n<meta property=\"og:locale\" content=\"en_US\" \/>\n<meta property=\"og:type\" content=\"article\" \/>\n<meta property=\"og:title\" content=\"T\u00e9rminos y condiciones -\" \/>\n<meta property=\"og:description\" content=\"T\u00e9rminos y condiciones del uso de los servicios del sitio web de Nadia Cavalleri. Pol\u00edtica de devoluciones y reembolsos\" \/>\n<meta property=\"og:url\" content=\"https:\/\/nadiacavalleri.com.ar\/en\/terminos-y-condiciones\/\" \/>\n<meta property=\"article:publisher\" content=\"https:\/\/www.facebook.com\/nadia.cavalleri\" \/>\n<meta property=\"article:modified_time\" content=\"2024-09-29T03:33:44+00:00\" \/>\n<meta name=\"twitter:card\" content=\"summary_large_image\" \/>\n<meta name=\"twitter:site\" content=\"@nadiacavalleri\" \/>\n<meta name=\"twitter:label1\" content=\"Est. reading time\" \/>\n\t<meta name=\"twitter:data1\" content=\"4 minutes\" \/>\n<script type=\"application\/ld+json\" class=\"yoast-schema-graph\">{\"@context\":\"https:\\\/\\\/schema.org\",\"@graph\":[{\"@type\":\"WebPage\",\"@id\":\"https:\\\/\\\/nadiacavalleri.com.ar\\\/terminos-y-condiciones\\\/\",\"url\":\"https:\\\/\\\/nadiacavalleri.com.ar\\\/terminos-y-condiciones\\\/\",\"name\":\"T\u00e9rminos y condiciones -\",\"isPartOf\":{\"@id\":\"https:\\\/\\\/nadiacavalleri.com.ar\\\/#website\"},\"datePublished\":\"2024-03-05T11:17:09+00:00\",\"dateModified\":\"2024-09-29T03:33:44+00:00\",\"description\":\"T\u00e9rminos y condiciones del uso de los servicios del sitio web de Nadia Cavalleri. Pol\u00edtica de devoluciones y reembolsos\",\"breadcrumb\":{\"@id\":\"https:\\\/\\\/nadiacavalleri.com.ar\\\/terminos-y-condiciones\\\/#breadcrumb\"},\"inLanguage\":\"en-US\",\"potentialAction\":[{\"@type\":\"ReadAction\",\"target\":[\"https:\\\/\\\/nadiacavalleri.com.ar\\\/terminos-y-condiciones\\\/\"]}]},{\"@type\":\"BreadcrumbList\",\"@id\":\"https:\\\/\\\/nadiacavalleri.com.ar\\\/terminos-y-condiciones\\\/#breadcrumb\",\"itemListElement\":[{\"@type\":\"ListItem\",\"position\":1,\"name\":\"Portada\",\"item\":\"https:\\\/\\\/nadiacavalleri.com.ar\\\/\"},{\"@type\":\"ListItem\",\"position\":2,\"name\":\"T\u00e9rminos y condiciones\"}]},{\"@type\":\"WebSite\",\"@id\":\"https:\\\/\\\/nadiacavalleri.com.ar\\\/#website\",\"url\":\"https:\\\/\\\/nadiacavalleri.com.ar\\\/\",\"name\":\"Nadia Cavalleri\",\"description\":\"\",\"publisher\":{\"@id\":\"https:\\\/\\\/nadiacavalleri.com.ar\\\/#organization\"},\"potentialAction\":[{\"@type\":\"SearchAction\",\"target\":{\"@type\":\"EntryPoint\",\"urlTemplate\":\"https:\\\/\\\/nadiacavalleri.com.ar\\\/?s={search_term_string}\"},\"query-input\":{\"@type\":\"PropertyValueSpecification\",\"valueRequired\":true,\"valueName\":\"search_term_string\"}}],\"inLanguage\":\"en-US\"},{\"@type\":\"Organization\",\"@id\":\"https:\\\/\\\/nadiacavalleri.com.ar\\\/#organization\",\"name\":\"Nadia Cavalleri\",\"url\":\"https:\\\/\\\/nadiacavalleri.com.ar\\\/\",\"logo\":{\"@type\":\"ImageObject\",\"inLanguage\":\"en-US\",\"@id\":\"https:\\\/\\\/nadiacavalleri.com.ar\\\/#\\\/schema\\\/logo\\\/image\\\/\",\"url\":\"https:\\\/\\\/nadiacavalleri.com.ar\\\/wp-content\\\/uploads\\\/2018\\\/08\\\/cropped-Favicon-1.png\",\"contentUrl\":\"https:\\\/\\\/nadiacavalleri.com.ar\\\/wp-content\\\/uploads\\\/2018\\\/08\\\/cropped-Favicon-1.png\",\"width\":512,\"height\":512,\"caption\":\"Nadia Cavalleri\"},\"image\":{\"@id\":\"https:\\\/\\\/nadiacavalleri.com.ar\\\/#\\\/schema\\\/logo\\\/image\\\/\"},\"sameAs\":[\"https:\\\/\\\/www.facebook.com\\\/nadia.cavalleri\",\"https:\\\/\\\/x.com\\\/nadiacavalleri\",\"https:\\\/\\\/www.instagram.com\\\/nadia.cavalleri\\\/\",\"https:\\\/\\\/www.youtube.com\\\/c\\\/NadiaSoledadCavalleri\"]}]}<\/script>\n<!-- \/ Yoast SEO plugin. -->","yoast_head_json":{"title":"T\u00e9rminos y condiciones -","description":"T\u00e9rminos y condiciones del uso de los servicios del sitio web de Nadia Cavalleri. Pol\u00edtica de devoluciones y reembolsos","robots":{"index":"noindex","follow":"nofollow"},"og_locale":"en_US","og_type":"article","og_title":"T\u00e9rminos y condiciones -","og_description":"T\u00e9rminos y condiciones del uso de los servicios del sitio web de Nadia Cavalleri. Pol\u00edtica de devoluciones y reembolsos","og_url":"https:\/\/nadiacavalleri.com.ar\/en\/terminos-y-condiciones\/","article_publisher":"https:\/\/www.facebook.com\/nadia.cavalleri","article_modified_time":"2024-09-29T03:33:44+00:00","twitter_card":"summary_large_image","twitter_site":"@nadiacavalleri","twitter_misc":{"Est. reading time":"4 minutes"},"schema":{"@context":"https:\/\/schema.org","@graph":[{"@type":"WebPage","@id":"https:\/\/nadiacavalleri.com.ar\/terminos-y-condiciones\/","url":"https:\/\/nadiacavalleri.com.ar\/terminos-y-condiciones\/","name":"T\u00e9rminos y condiciones -","isPartOf":{"@id":"https:\/\/nadiacavalleri.com.ar\/#website"},"datePublished":"2024-03-05T11:17:09+00:00","dateModified":"2024-09-29T03:33:44+00:00","description":"T\u00e9rminos y condiciones del uso de los servicios del sitio web de Nadia Cavalleri. Pol\u00edtica de devoluciones y reembolsos","breadcrumb":{"@id":"https:\/\/nadiacavalleri.com.ar\/terminos-y-condiciones\/#breadcrumb"},"inLanguage":"en-US","potentialAction":[{"@type":"ReadAction","target":["https:\/\/nadiacavalleri.com.ar\/terminos-y-condiciones\/"]}]},{"@type":"BreadcrumbList","@id":"https:\/\/nadiacavalleri.com.ar\/terminos-y-condiciones\/#breadcrumb","itemListElement":[{"@type":"ListItem","position":1,"name":"Portada","item":"https:\/\/nadiacavalleri.com.ar\/"},{"@type":"ListItem","position":2,"name":"T\u00e9rminos y condiciones"}]},{"@type":"WebSite","@id":"https:\/\/nadiacavalleri.com.ar\/#website","url":"https:\/\/nadiacavalleri.com.ar\/","name":"Nadia Cavalleri","description":"","publisher":{"@id":"https:\/\/nadiacavalleri.com.ar\/#organization"},"potentialAction":[{"@type":"SearchAction","target":{"@type":"EntryPoint","urlTemplate":"https:\/\/nadiacavalleri.com.ar\/?s={search_term_string}"},"query-input":{"@type":"PropertyValueSpecification","valueRequired":true,"valueName":"search_term_string"}}],"inLanguage":"en-US"},{"@type":"Organization","@id":"https:\/\/nadiacavalleri.com.ar\/#organization","name":"Nadia Cavalleri","url":"https:\/\/nadiacavalleri.com.ar\/","logo":{"@type":"ImageObject","inLanguage":"en-US","@id":"https:\/\/nadiacavalleri.com.ar\/#\/schema\/logo\/image\/","url":"https:\/\/nadiacavalleri.com.ar\/wp-content\/uploads\/2018\/08\/cropped-Favicon-1.png","contentUrl":"https:\/\/nadiacavalleri.com.ar\/wp-content\/uploads\/2018\/08\/cropped-Favicon-1.png","width":512,"height":512,"caption":"Nadia Cavalleri"},"image":{"@id":"https:\/\/nadiacavalleri.com.ar\/#\/schema\/logo\/image\/"},"sameAs":["https:\/\/www.facebook.com\/nadia.cavalleri","https:\/\/x.com\/nadiacavalleri","https:\/\/www.instagram.com\/nadia.cavalleri\/","https:\/\/www.youtube.com\/c\/NadiaSoledadCavalleri"]}]}},"_links":{"self":[{"href":"https:\/\/nadiacavalleri.com.ar\/en\/wp-json\/wp\/v2\/pages\/5327","targetHints":{"allow":["GET"]}}],"collection":[{"href":"https:\/\/nadiacavalleri.com.ar\/en\/wp-json\/wp\/v2\/pages"}],"about":[{"href":"https:\/\/nadiacavalleri.com.ar\/en\/wp-json\/wp\/v2\/types\/page"}],"author":[{"embeddable":true,"href":"https:\/\/nadiacavalleri.com.ar\/en\/wp-json\/wp\/v2\/users\/2"}],"replies":[{"embeddable":true,"href":"https:\/\/nadiacavalleri.com.ar\/en\/wp-json\/wp\/v2\/comments?post=5327"}],"version-history":[{"count":28,"href":"https:\/\/nadiacavalleri.com.ar\/en\/wp-json\/wp\/v2\/pages\/5327\/revisions"}],"predecessor-version":[{"id":8666,"href":"https:\/\/nadiacavalleri.com.ar\/en\/wp-json\/wp\/v2\/pages\/5327\/revisions\/8666"}],"wp:attachment":[{"href":"https:\/\/nadiacavalleri.com.ar\/en\/wp-json\/wp\/v2\/media?parent=5327"}],"curies":[{"name":"wp","href":"https:\/\/api.w.org\/{rel}","templated":true}]}}