{"id":10352,"date":"2025-05-25T10:13:38","date_gmt":"2025-05-25T13:13:38","guid":{"rendered":"https:\/\/nadiacavalleri.com.ar\/?post_type=product&#038;p=10352"},"modified":"2026-03-31T18:00:57","modified_gmt":"2026-03-31T21:00:57","slug":"aproba-la-certificacion-test-automation-engineering-ctal-tae","status":"publish","type":"product","link":"https:\/\/nadiacavalleri.com.ar\/en\/product\/aproba-la-certificacion-test-automation-engineering-ctal-tae\/","title":{"rendered":"Aprob\u00e1 la certificaci\u00f3n Test Automation Engineering (CTAL-TAE)"},"content":{"rendered":"<div data-elementor-type=\"wp-post\" data-elementor-id=\"10352\" class=\"elementor elementor-10352\">\n\t\t\t\t\t\t<section class=\"elementor-section elementor-top-section elementor-element elementor-element-f00808d elementor-section-boxed elementor-section-height-default elementor-section-height-default\" data-id=\"f00808d\" data-element_type=\"section\" data-e-type=\"section\">\n\t\t\t\t\t\t<div class=\"elementor-container elementor-column-gap-default\">\n\t\t\t\t\t<div class=\"elementor-column elementor-col-100 elementor-top-column elementor-element elementor-element-aa449a5\" data-id=\"aa449a5\" data-element_type=\"column\" data-e-type=\"column\">\n\t\t\t<div class=\"elementor-widget-wrap elementor-element-populated\">\n\t\t\t\t\t\t<div class=\"elementor-element elementor-element-4d95662 elementor-widget elementor-widget-text-editor\" data-id=\"4d95662\" data-element_type=\"widget\" data-e-type=\"widget\" data-widget_type=\"text-editor.default\">\n\t\t\t\t<div class=\"elementor-widget-container\">\n\t\t\t\t\t\t\t\t\t<p data-pm-slice=\"0 0 []\">Este curso est\u00e1 dise\u00f1ado para ayudarte tanto si est\u00e1s prepar\u00e1ndote para rendir la certificaci\u00f3n de\u00a0<strong>Test Automation Engineering\u00a0<\/strong>(CTAL-TAE)\u00a0como si simplemente quer\u00e9s aprender o repasar vocabulario, metodolog\u00edas y t\u00e9cnicas que te resultar\u00e1n claves para automatizar pruebas.<\/p><p>El curso est\u00e1 completamente actualizado a la \u00faltima versi\u00f3n de la certificaci\u00f3n, y vamos a recorrer juntos todos los temas del\u00a0<em>syllabus<\/em>. Todo el material est\u00e1 organizado en las mismas secciones del syllabus para que puedas ir directamente a consultar el contenido espec\u00edfico que est\u00e1s buscando.<\/p><p>Al final de algunos m\u00f3dulos, tambi\u00e9n encontrar\u00e1s preguntas y respuestas basadas en modelos de examen reales que te ayudaran a afianzar los conceptos y a entrenarte en la estructura de las preguntas para tener una mejor preparaci\u00f3n al mom.\u00a0Como siempre, no solo se explica cu\u00e1l es la respuesta correcta sino que se analiza por qu\u00e9 las otras son incorrectas.<\/p><p>Por supuesto que hacer el curso no garantiza la aprobaci\u00f3n del examen pero, si lo hiciste y practicaste lo suficiente, podes ir con la tranquilidad de que ten\u00e9s todo lo que necesitas para pasar satisfactoriamente ese examen.<\/p><p>Preparate para analizar, entender y practicar. Estoy ac\u00e1 para acompa\u00f1arte en este proceso.<\/p><p>\u00a1Nos vemos dentro del curso! Te espero.<\/p>\t\t\t\t\t\t\t\t<\/div>\n\t\t\t\t<\/div>\n\t\t\t\t\t<\/div>\n\t\t<\/div>\n\t\t\t\t\t<\/div>\n\t\t<\/section>\n\t\t\t\t<\/div>","protected":false},"excerpt":{"rendered":"<p>Este curso est\u00e1 dise\u00f1ado para ayudarte tanto si est\u00e1s prepar\u00e1ndote para rendir la certificaci\u00f3n de\u00a0Test Automation Engineering\u00a0(CTAL-TAE)\u00a0como si simplemente quer\u00e9s aprender o repasar vocabulario, metodolog\u00edas y t\u00e9cnicas que te resultar\u00e1n claves para automatizar pruebas. El curso est\u00e1 completamente actualizado a la \u00faltima versi\u00f3n de la certificaci\u00f3n, y vamos a recorrer juntos todos los temas del\u00a0syllabus. [&hellip;]<\/p>\n","protected":false},"featured_media":10353,"comment_status":"closed","ping_status":"closed","template":"","meta":{"ocean_post_layout":"","ocean_both_sidebars_style":"","ocean_both_sidebars_content_width":0,"ocean_both_sidebars_sidebars_width":0,"ocean_sidebar":"0","ocean_second_sidebar":"0","ocean_disable_margins":"enable","ocean_add_body_class":"","ocean_shortcode_before_top_bar":"","ocean_shortcode_after_top_bar":"","ocean_shortcode_before_header":"","ocean_shortcode_after_header":"","ocean_has_shortcode":"","ocean_shortcode_after_title":"","ocean_shortcode_before_footer_widgets":"","ocean_shortcode_after_footer_widgets":"","ocean_shortcode_before_footer_bottom":"","ocean_shortcode_after_footer_bottom":"","ocean_display_top_bar":"default","ocean_display_header":"default","ocean_header_style":"","ocean_center_header_left_menu":"0","ocean_custom_header_template":"0","ocean_custom_logo":0,"ocean_custom_retina_logo":0,"ocean_custom_logo_max_width":0,"ocean_custom_logo_tablet_max_width":0,"ocean_custom_logo_mobile_max_width":0,"ocean_custom_logo_max_height":0,"ocean_custom_logo_tablet_max_height":0,"ocean_custom_logo_mobile_max_height":0,"ocean_header_custom_menu":"0","ocean_menu_typo_font_family":"0","ocean_menu_typo_font_subset":"","ocean_menu_typo_font_size":0,"ocean_menu_typo_font_size_tablet":0,"ocean_menu_typo_font_size_mobile":0,"ocean_menu_typo_font_size_unit":"px","ocean_menu_typo_font_weight":"","ocean_menu_typo_font_weight_tablet":"","ocean_menu_typo_font_weight_mobile":"","ocean_menu_typo_transform":"","ocean_menu_typo_transform_tablet":"","ocean_menu_typo_transform_mobile":"","ocean_menu_typo_line_height":0,"ocean_menu_typo_line_height_tablet":0,"ocean_menu_typo_line_height_mobile":0,"ocean_menu_typo_line_height_unit":"","ocean_menu_typo_spacing":0,"ocean_menu_typo_spacing_tablet":0,"ocean_menu_typo_spacing_mobile":0,"ocean_menu_typo_spacing_unit":"","ocean_menu_link_color":"","ocean_menu_link_color_hover":"","ocean_menu_link_color_active":"","ocean_menu_link_background":"","ocean_menu_link_hover_background":"","ocean_menu_link_active_background":"","ocean_menu_social_links_bg":"","ocean_menu_social_hover_links_bg":"","ocean_menu_social_links_color":"","ocean_menu_social_hover_links_color":"","ocean_disable_title":"default","ocean_disable_heading":"default","ocean_post_title":"","ocean_post_subheading":"","ocean_post_title_style":"","ocean_post_title_background_color":"","ocean_post_title_background":0,"ocean_post_title_bg_image_position":"","ocean_post_title_bg_image_attachment":"","ocean_post_title_bg_image_repeat":"","ocean_post_title_bg_image_size":"","ocean_post_title_height":0,"ocean_post_title_bg_overlay":0.5,"ocean_post_title_bg_overlay_color":"","ocean_disable_breadcrumbs":"default","ocean_breadcrumbs_color":"","ocean_breadcrumbs_separator_color":"","ocean_breadcrumbs_links_color":"","ocean_breadcrumbs_links_hover_color":"","ocean_display_footer_widgets":"default","ocean_display_footer_bottom":"default","ocean_custom_footer_template":"0"},"product_brand":[],"product_cat":[199],"product_tag":[157,171],"class_list":{"0":"post-10352","1":"product","2":"type-product","3":"status-publish","4":"has-post-thumbnail","6":"product_cat-certificaciones-testing","7":"product_tag-automatizacion","8":"product_tag-certificacion","10":"entry","11":"has-media","13":"first","14":"instock","15":"sale","16":"virtual","17":"sold-individually","18":"purchasable","19":"product-type-simple","20":"has-product-nav","21":"col","22":"span_1_of_3","23":"owp-content-center","24":"owp-thumbs-layout-horizontal","25":"owp-btn-normal","26":"owp-tabs-layout-horizontal","27":"has-no-thumbnails"},"yoast_head":"<!-- This site is optimized with the Yoast SEO plugin v27.3 - https:\/\/yoast.com\/product\/yoast-seo-wordpress\/ -->\n<title>Aprob\u00e1 la certificaci\u00f3n Test Automation Engineering (CTAL-TAE) -<\/title>\n<meta name=\"description\" content=\"Preparate para rendir y aprobar la certificaci\u00f3n Tester Automation Engineering (CTAL-TAE) de ISTQB . Convertite en un ingeniero de pruebas automatizadas certificado.\" \/>\n<meta name=\"robots\" content=\"index, follow, max-snippet:-1, max-image-preview:large, max-video-preview:-1\" \/>\n<link rel=\"canonical\" href=\"https:\/\/nadiacavalleri.com.ar\/en\/product\/aproba-la-certificacion-test-automation-engineering-ctal-tae\/\" \/>\n<meta property=\"og:locale\" content=\"en_US\" \/>\n<meta property=\"og:type\" content=\"article\" \/>\n<meta property=\"og:title\" content=\"Aprob\u00e1 la certificaci\u00f3n Test Automation Engineering (CTAL-TAE) -\" \/>\n<meta property=\"og:description\" content=\"Preparate para rendir y aprobar la certificaci\u00f3n Tester Automation Engineering (CTAL-TAE) de ISTQB . Convertite en un ingeniero de pruebas automatizadas certificado.\" \/>\n<meta property=\"og:url\" content=\"https:\/\/nadiacavalleri.com.ar\/en\/product\/aproba-la-certificacion-test-automation-engineering-ctal-tae\/\" \/>\n<meta property=\"article:publisher\" content=\"https:\/\/www.facebook.com\/nadia.cavalleri\" \/>\n<meta property=\"article:modified_time\" content=\"2026-03-31T21:00:57+00:00\" \/>\n<meta property=\"og:image\" content=\"https:\/\/nadiacavalleri.com.ar\/wp-content\/uploads\/2025\/05\/Producto-Curso-TAE-Automation-.png\" \/>\n\t<meta property=\"og:image:width\" content=\"1080\" \/>\n\t<meta property=\"og:image:height\" content=\"1080\" \/>\n\t<meta property=\"og:image:type\" content=\"image\/png\" \/>\n<meta name=\"twitter:card\" content=\"summary_large_image\" \/>\n<meta name=\"twitter:site\" content=\"@nadiacavalleri\" \/>\n<meta name=\"twitter:label1\" content=\"Est. reading time\" \/>\n\t<meta name=\"twitter:data1\" content=\"1 minute\" \/>\n<script type=\"application\/ld+json\" class=\"yoast-schema-graph\">{\"@context\":\"https:\\\/\\\/schema.org\",\"@graph\":[{\"@type\":\"WebPage\",\"@id\":\"https:\\\/\\\/nadiacavalleri.com.ar\\\/producto\\\/aproba-la-certificacion-test-automation-engineering-ctal-tae\\\/\",\"url\":\"https:\\\/\\\/nadiacavalleri.com.ar\\\/producto\\\/aproba-la-certificacion-test-automation-engineering-ctal-tae\\\/\",\"name\":\"Aprob\u00e1 la certificaci\u00f3n Test Automation Engineering (CTAL-TAE) -\",\"isPartOf\":{\"@id\":\"https:\\\/\\\/nadiacavalleri.com.ar\\\/#website\"},\"primaryImageOfPage\":{\"@id\":\"https:\\\/\\\/nadiacavalleri.com.ar\\\/producto\\\/aproba-la-certificacion-test-automation-engineering-ctal-tae\\\/#primaryimage\"},\"image\":{\"@id\":\"https:\\\/\\\/nadiacavalleri.com.ar\\\/producto\\\/aproba-la-certificacion-test-automation-engineering-ctal-tae\\\/#primaryimage\"},\"thumbnailUrl\":\"https:\\\/\\\/nadiacavalleri.com.ar\\\/wp-content\\\/uploads\\\/2025\\\/05\\\/Producto-Curso-TAE-Automation-.png\",\"datePublished\":\"2025-05-25T13:13:38+00:00\",\"dateModified\":\"2026-03-31T21:00:57+00:00\",\"description\":\"Preparate para rendir y aprobar la certificaci\u00f3n Tester Automation Engineering (CTAL-TAE) de ISTQB . Convertite en un ingeniero de pruebas automatizadas certificado.\",\"breadcrumb\":{\"@id\":\"https:\\\/\\\/nadiacavalleri.com.ar\\\/producto\\\/aproba-la-certificacion-test-automation-engineering-ctal-tae\\\/#breadcrumb\"},\"inLanguage\":\"en-US\",\"potentialAction\":[{\"@type\":\"ReadAction\",\"target\":[\"https:\\\/\\\/nadiacavalleri.com.ar\\\/producto\\\/aproba-la-certificacion-test-automation-engineering-ctal-tae\\\/\"]}]},{\"@type\":\"ImageObject\",\"inLanguage\":\"en-US\",\"@id\":\"https:\\\/\\\/nadiacavalleri.com.ar\\\/producto\\\/aproba-la-certificacion-test-automation-engineering-ctal-tae\\\/#primaryimage\",\"url\":\"https:\\\/\\\/nadiacavalleri.com.ar\\\/wp-content\\\/uploads\\\/2025\\\/05\\\/Producto-Curso-TAE-Automation-.png\",\"contentUrl\":\"https:\\\/\\\/nadiacavalleri.com.ar\\\/wp-content\\\/uploads\\\/2025\\\/05\\\/Producto-Curso-TAE-Automation-.png\",\"width\":1080,\"height\":1080,\"caption\":\"Certifiaci\u00f3n Test Automation Engineering TAE\"},{\"@type\":\"BreadcrumbList\",\"@id\":\"https:\\\/\\\/nadiacavalleri.com.ar\\\/producto\\\/aproba-la-certificacion-test-automation-engineering-ctal-tae\\\/#breadcrumb\",\"itemListElement\":[{\"@type\":\"ListItem\",\"position\":1,\"name\":\"Portada\",\"item\":\"https:\\\/\\\/nadiacavalleri.com.ar\\\/\"},{\"@type\":\"ListItem\",\"position\":2,\"name\":\"Tienda\",\"item\":\"https:\\\/\\\/nadiacavalleri.com.ar\\\/tienda\\\/\"},{\"@type\":\"ListItem\",\"position\":3,\"name\":\"Aprob\u00e1 la certificaci\u00f3n Test Automation Engineering (CTAL-TAE)\"}]},{\"@type\":\"WebSite\",\"@id\":\"https:\\\/\\\/nadiacavalleri.com.ar\\\/#website\",\"url\":\"https:\\\/\\\/nadiacavalleri.com.ar\\\/\",\"name\":\"Nadia Cavalleri\",\"description\":\"\",\"publisher\":{\"@id\":\"https:\\\/\\\/nadiacavalleri.com.ar\\\/#organization\"},\"potentialAction\":[{\"@type\":\"SearchAction\",\"target\":{\"@type\":\"EntryPoint\",\"urlTemplate\":\"https:\\\/\\\/nadiacavalleri.com.ar\\\/?s={search_term_string}\"},\"query-input\":{\"@type\":\"PropertyValueSpecification\",\"valueRequired\":true,\"valueName\":\"search_term_string\"}}],\"inLanguage\":\"en-US\"},{\"@type\":\"Organization\",\"@id\":\"https:\\\/\\\/nadiacavalleri.com.ar\\\/#organization\",\"name\":\"Nadia Cavalleri\",\"url\":\"https:\\\/\\\/nadiacavalleri.com.ar\\\/\",\"logo\":{\"@type\":\"ImageObject\",\"inLanguage\":\"en-US\",\"@id\":\"https:\\\/\\\/nadiacavalleri.com.ar\\\/#\\\/schema\\\/logo\\\/image\\\/\",\"url\":\"https:\\\/\\\/nadiacavalleri.com.ar\\\/wp-content\\\/uploads\\\/2018\\\/08\\\/cropped-Favicon-1.png\",\"contentUrl\":\"https:\\\/\\\/nadiacavalleri.com.ar\\\/wp-content\\\/uploads\\\/2018\\\/08\\\/cropped-Favicon-1.png\",\"width\":512,\"height\":512,\"caption\":\"Nadia Cavalleri\"},\"image\":{\"@id\":\"https:\\\/\\\/nadiacavalleri.com.ar\\\/#\\\/schema\\\/logo\\\/image\\\/\"},\"sameAs\":[\"https:\\\/\\\/www.facebook.com\\\/nadia.cavalleri\",\"https:\\\/\\\/x.com\\\/nadiacavalleri\",\"https:\\\/\\\/www.instagram.com\\\/nadia.cavalleri\\\/\",\"https:\\\/\\\/www.youtube.com\\\/c\\\/NadiaSoledadCavalleri\"]}]}<\/script>\n<!-- \/ Yoast SEO plugin. -->","yoast_head_json":{"title":"Aprob\u00e1 la certificaci\u00f3n Test Automation Engineering (CTAL-TAE) -","description":"Preparate para rendir y aprobar la certificaci\u00f3n Tester Automation Engineering (CTAL-TAE) de ISTQB . Convertite en un ingeniero de pruebas automatizadas certificado.","robots":{"index":"index","follow":"follow","max-snippet":"max-snippet:-1","max-image-preview":"max-image-preview:large","max-video-preview":"max-video-preview:-1"},"canonical":"https:\/\/nadiacavalleri.com.ar\/en\/product\/aproba-la-certificacion-test-automation-engineering-ctal-tae\/","og_locale":"en_US","og_type":"article","og_title":"Aprob\u00e1 la certificaci\u00f3n Test Automation Engineering (CTAL-TAE) -","og_description":"Preparate para rendir y aprobar la certificaci\u00f3n Tester Automation Engineering (CTAL-TAE) de ISTQB . Convertite en un ingeniero de pruebas automatizadas certificado.","og_url":"https:\/\/nadiacavalleri.com.ar\/en\/product\/aproba-la-certificacion-test-automation-engineering-ctal-tae\/","article_publisher":"https:\/\/www.facebook.com\/nadia.cavalleri","article_modified_time":"2026-03-31T21:00:57+00:00","og_image":[{"width":1080,"height":1080,"url":"https:\/\/nadiacavalleri.com.ar\/wp-content\/uploads\/2025\/05\/Producto-Curso-TAE-Automation-.png","type":"image\/png"}],"twitter_card":"summary_large_image","twitter_site":"@nadiacavalleri","twitter_misc":{"Est. reading time":"1 minute"},"schema":{"@context":"https:\/\/schema.org","@graph":[{"@type":"WebPage","@id":"https:\/\/nadiacavalleri.com.ar\/producto\/aproba-la-certificacion-test-automation-engineering-ctal-tae\/","url":"https:\/\/nadiacavalleri.com.ar\/producto\/aproba-la-certificacion-test-automation-engineering-ctal-tae\/","name":"Aprob\u00e1 la certificaci\u00f3n Test Automation Engineering (CTAL-TAE) -","isPartOf":{"@id":"https:\/\/nadiacavalleri.com.ar\/#website"},"primaryImageOfPage":{"@id":"https:\/\/nadiacavalleri.com.ar\/producto\/aproba-la-certificacion-test-automation-engineering-ctal-tae\/#primaryimage"},"image":{"@id":"https:\/\/nadiacavalleri.com.ar\/producto\/aproba-la-certificacion-test-automation-engineering-ctal-tae\/#primaryimage"},"thumbnailUrl":"https:\/\/nadiacavalleri.com.ar\/wp-content\/uploads\/2025\/05\/Producto-Curso-TAE-Automation-.png","datePublished":"2025-05-25T13:13:38+00:00","dateModified":"2026-03-31T21:00:57+00:00","description":"Preparate para rendir y aprobar la certificaci\u00f3n Tester Automation Engineering (CTAL-TAE) de ISTQB . Convertite en un ingeniero de pruebas automatizadas certificado.","breadcrumb":{"@id":"https:\/\/nadiacavalleri.com.ar\/producto\/aproba-la-certificacion-test-automation-engineering-ctal-tae\/#breadcrumb"},"inLanguage":"en-US","potentialAction":[{"@type":"ReadAction","target":["https:\/\/nadiacavalleri.com.ar\/producto\/aproba-la-certificacion-test-automation-engineering-ctal-tae\/"]}]},{"@type":"ImageObject","inLanguage":"en-US","@id":"https:\/\/nadiacavalleri.com.ar\/producto\/aproba-la-certificacion-test-automation-engineering-ctal-tae\/#primaryimage","url":"https:\/\/nadiacavalleri.com.ar\/wp-content\/uploads\/2025\/05\/Producto-Curso-TAE-Automation-.png","contentUrl":"https:\/\/nadiacavalleri.com.ar\/wp-content\/uploads\/2025\/05\/Producto-Curso-TAE-Automation-.png","width":1080,"height":1080,"caption":"Certifiaci\u00f3n Test Automation Engineering TAE"},{"@type":"BreadcrumbList","@id":"https:\/\/nadiacavalleri.com.ar\/producto\/aproba-la-certificacion-test-automation-engineering-ctal-tae\/#breadcrumb","itemListElement":[{"@type":"ListItem","position":1,"name":"Portada","item":"https:\/\/nadiacavalleri.com.ar\/"},{"@type":"ListItem","position":2,"name":"Tienda","item":"https:\/\/nadiacavalleri.com.ar\/tienda\/"},{"@type":"ListItem","position":3,"name":"Aprob\u00e1 la certificaci\u00f3n Test Automation Engineering (CTAL-TAE)"}]},{"@type":"WebSite","@id":"https:\/\/nadiacavalleri.com.ar\/#website","url":"https:\/\/nadiacavalleri.com.ar\/","name":"Nadia Cavalleri","description":"","publisher":{"@id":"https:\/\/nadiacavalleri.com.ar\/#organization"},"potentialAction":[{"@type":"SearchAction","target":{"@type":"EntryPoint","urlTemplate":"https:\/\/nadiacavalleri.com.ar\/?s={search_term_string}"},"query-input":{"@type":"PropertyValueSpecification","valueRequired":true,"valueName":"search_term_string"}}],"inLanguage":"en-US"},{"@type":"Organization","@id":"https:\/\/nadiacavalleri.com.ar\/#organization","name":"Nadia Cavalleri","url":"https:\/\/nadiacavalleri.com.ar\/","logo":{"@type":"ImageObject","inLanguage":"en-US","@id":"https:\/\/nadiacavalleri.com.ar\/#\/schema\/logo\/image\/","url":"https:\/\/nadiacavalleri.com.ar\/wp-content\/uploads\/2018\/08\/cropped-Favicon-1.png","contentUrl":"https:\/\/nadiacavalleri.com.ar\/wp-content\/uploads\/2018\/08\/cropped-Favicon-1.png","width":512,"height":512,"caption":"Nadia Cavalleri"},"image":{"@id":"https:\/\/nadiacavalleri.com.ar\/#\/schema\/logo\/image\/"},"sameAs":["https:\/\/www.facebook.com\/nadia.cavalleri","https:\/\/x.com\/nadiacavalleri","https:\/\/www.instagram.com\/nadia.cavalleri\/","https:\/\/www.youtube.com\/c\/NadiaSoledadCavalleri"]}]}},"_links":{"self":[{"href":"https:\/\/nadiacavalleri.com.ar\/en\/wp-json\/wp\/v2\/product\/10352","targetHints":{"allow":["GET"]}}],"collection":[{"href":"https:\/\/nadiacavalleri.com.ar\/en\/wp-json\/wp\/v2\/product"}],"about":[{"href":"https:\/\/nadiacavalleri.com.ar\/en\/wp-json\/wp\/v2\/types\/product"}],"replies":[{"embeddable":true,"href":"https:\/\/nadiacavalleri.com.ar\/en\/wp-json\/wp\/v2\/comments?post=10352"}],"version-history":[{"count":4,"href":"https:\/\/nadiacavalleri.com.ar\/en\/wp-json\/wp\/v2\/product\/10352\/revisions"}],"predecessor-version":[{"id":11421,"href":"https:\/\/nadiacavalleri.com.ar\/en\/wp-json\/wp\/v2\/product\/10352\/revisions\/11421"}],"wp:featuredmedia":[{"embeddable":true,"href":"https:\/\/nadiacavalleri.com.ar\/en\/wp-json\/wp\/v2\/media\/10353"}],"wp:attachment":[{"href":"https:\/\/nadiacavalleri.com.ar\/en\/wp-json\/wp\/v2\/media?parent=10352"}],"wp:term":[{"taxonomy":"product_brand","embeddable":true,"href":"https:\/\/nadiacavalleri.com.ar\/en\/wp-json\/wp\/v2\/product_brand?post=10352"},{"taxonomy":"product_cat","embeddable":true,"href":"https:\/\/nadiacavalleri.com.ar\/en\/wp-json\/wp\/v2\/product_cat?post=10352"},{"taxonomy":"product_tag","embeddable":true,"href":"https:\/\/nadiacavalleri.com.ar\/en\/wp-json\/wp\/v2\/product_tag?post=10352"}],"curies":[{"name":"wp","href":"https:\/\/api.w.org\/{rel}","templated":true}]}}