{"id":11697,"date":"2025-12-13T10:42:30","date_gmt":"2025-12-13T13:42:30","guid":{"rendered":"https:\/\/nadiacavalleri.com.ar\/?post_type=product&#038;p=11697"},"modified":"2026-03-07T19:12:08","modified_gmt":"2026-03-07T22:12:08","slug":"certificacion-foundation-level-en-vivo","status":"publish","type":"product","link":"https:\/\/nadiacavalleri.com.ar\/en\/product\/certificacion-foundation-level-en-vivo\/","title":{"rendered":"Preparaci\u00f3n para la certificaci\u00f3n Foundation Level (en vivo)"},"content":{"rendered":"<div data-elementor-type=\"wp-post\" data-elementor-id=\"11697\" class=\"elementor elementor-11697\">\n\t\t\t\t\t\t<section class=\"elementor-section elementor-top-section elementor-element elementor-element-2e560533 elementor-section-boxed elementor-section-height-default elementor-section-height-default\" data-id=\"2e560533\" data-element_type=\"section\" data-e-type=\"section\">\n\t\t\t\t\t\t<div class=\"elementor-container elementor-column-gap-default\">\n\t\t\t\t\t<div class=\"elementor-column elementor-col-100 elementor-top-column elementor-element elementor-element-71f42bf1\" data-id=\"71f42bf1\" data-element_type=\"column\" data-e-type=\"column\">\n\t\t\t<div class=\"elementor-widget-wrap elementor-element-populated\">\n\t\t\t\t\t\t<div class=\"elementor-element elementor-element-1cafb798 elementor-widget elementor-widget-text-editor\" data-id=\"1cafb798\" data-element_type=\"widget\" data-e-type=\"widget\" data-widget_type=\"text-editor.default\">\n\t\t\t\t<div class=\"elementor-widget-container\">\n\t\t\t\t\t\t\t\t\t<div data-tutor-toggle-more-content=\"\" data-toggle-height=\"200\"><p data-start=\"0\" data-end=\"209\">Hace mucho que me ven\u00edan pidiendo una edici\u00f3n <strong data-start=\"50\" data-end=\"61\">en vivo<\/strong> del curso de preparaci\u00f3n para la certificaci\u00f3n Foundation Level 4.0\u00a0\u00a1Y Ac\u00e1 est\u00e1!<\/p><p data-start=\"0\" data-end=\"209\">Una nueva edici\u00f3n pensada para que puedas arrancar el <b>2026<\/b>\u00a0cumpliendo con el objetivo que te propusiste.\u00a0<\/p><p data-start=\"0\" data-end=\"209\"><span style=\"font-size: 15px; letter-spacing: 0.4px;\">Si tu objetivo es certificar, este es el\u00a0<\/span><strong style=\"font-size: 15px; letter-spacing: 0.4px;\" data-start=\"316\" data-end=\"331\">primer paso<\/strong><span style=\"font-size: 15px; letter-spacing: 0.4px;\"> en esa direcci\u00f3n.<\/span><\/p><p data-start=\"368\" data-end=\"856\">Este curso est\u00e1 especialmente dise\u00f1ado <strong>para quienes quieren aprobar el Foundation Level pero no quieren prepararse solos o para los que ya lo est\u00e1n preparando pero tienen dudas y necesitan resolverlas con alguien<\/strong>.<\/p><p data-start=\"368\" data-end=\"856\">Y justamente esa es la idea, <strong>acompa\u00f1arte de cerca<\/strong> durante <b>6<\/b><strong data-start=\"619\" data-end=\"652\">\u00a0clases te\u00f3ricas y pr\u00e1cticas<\/strong>, donde vamos a ver todos los temas del syllabus, del glosario y donde resolveremos ejercicios pr\u00e1cticos de los modelos de ex\u00e1menes.<\/p><p data-start=\"858\" data-end=\"1093\">Para que sea una experiencia manejable y personalizada, habr\u00e1 <strong data-start=\"915\" data-end=\"934\">solo 10 lugares<\/strong>. As\u00ed que si te quer\u00e9s sumar, no lo dudes.<\/p><p data-start=\"858\" data-end=\"1093\"><strong>Las clases quedan grabadas<\/strong> con acceso para siempre.<strong style=\"font-size: 15px; letter-spacing: 0.4px;\" data-start=\"1095\" data-end=\"1117\">Fechas y horarios de cursada:<\/strong><\/p><p data-start=\"1122\" data-end=\"1138\"><span style=\"font-size: 15px; letter-spacing: 0.4px;\"><span style=\"font-family: ABeeZee; font-size: 15px; font-style: normal; font-variant-ligatures: normal; font-variant-caps: normal; font-weight: 400; letter-spacing: 0.4px;\">\u23f0<strong>Home<\/strong>: Lunes 19\/01\/2026<\/span><\/span><\/p><p data-start=\"1122\" data-end=\"1138\"><span style=\"font-size: 15px; letter-spacing: 0.4px;\"><span style=\"font-family: ABeeZee; font-size: 15px; font-style: normal; font-variant-ligatures: normal; font-variant-caps: normal; font-weight: 400; letter-spacing: 0.4px;\">\u23f0 <strong>D\u00edas y horario<\/strong>: <\/span>Lunes y Mi\u00e9rcoles de <\/span>18 a 20 hs (ARG) \/ 22 a 24 hs (ESP)<\/p><p data-start=\"1271\" data-end=\"1579\" data-is-last-node=\"\" data-is-only-node=\"\"><span style=\"font-size: 15px; letter-spacing: 0.4px;\">Acordate que los <b>cupos son limitados<\/b>.\u00a0\u00a0<\/span><\/p><\/div>\t\t\t\t\t\t\t\t<\/div>\n\t\t\t\t<\/div>\n\t\t\t\t\t<\/div>\n\t\t<\/div>\n\t\t\t\t\t<\/div>\n\t\t<\/section>\n\t\t\t\t<section class=\"elementor-section elementor-top-section elementor-element elementor-element-2e52749 elementor-section-boxed elementor-section-height-default elementor-section-height-default\" data-id=\"2e52749\" data-element_type=\"section\" data-e-type=\"section\">\n\t\t\t\t\t\t<div class=\"elementor-container elementor-column-gap-default\">\n\t\t\t\t\t<div class=\"elementor-column elementor-col-100 elementor-top-column elementor-element elementor-element-f4d44fa\" data-id=\"f4d44fa\" data-element_type=\"column\" data-e-type=\"column\">\n\t\t\t<div class=\"elementor-widget-wrap elementor-element-populated\">\n\t\t\t\t\t\t<div class=\"elementor-element elementor-element-654f2b6 elementor-align-center elementor-widget elementor-widget-button\" data-id=\"654f2b6\" data-element_type=\"widget\" data-e-type=\"widget\" data-widget_type=\"button.default\">\n\t\t\t\t<div class=\"elementor-widget-container\">\n\t\t\t\t\t\t\t\t\t<div class=\"elementor-button-wrapper\">\n\t\t\t\t\t<a class=\"elementor-button elementor-button-link elementor-size-sm\" href=\"https:\/\/nadiacavalleri.com.ar\/en\/courses\/preparacion-para-la-certificacion-foundation-level-en-vivo\/\">\n\t\t\t\t\t\t<span class=\"elementor-button-content-wrapper\">\n\t\t\t\t\t\t\t\t\t<span class=\"elementor-button-text\">More information<\/span>\n\t\t\t\t\t<\/span>\n\t\t\t\t\t<\/a>\n\t\t\t\t<\/div>\n\t\t\t\t\t\t\t\t<\/div>\n\t\t\t\t<\/div>\n\t\t\t\t\t<\/div>\n\t\t<\/div>\n\t\t\t\t\t<\/div>\n\t\t<\/section>\n\t\t\t\t<\/div>","protected":false},"excerpt":{"rendered":"<p>Hace mucho que me ven\u00edan pidiendo una edici\u00f3n en vivo del curso de preparaci\u00f3n para la certificaci\u00f3n Foundation Level 4.0\u00a0\u00a1Y Ac\u00e1 est\u00e1! Una nueva edici\u00f3n pensada para que puedas arrancar el 2026\u00a0cumpliendo con el objetivo que te propusiste.\u00a0 Si tu objetivo es certificar, este es el\u00a0primer paso en esa direcci\u00f3n. Este curso est\u00e1 especialmente dise\u00f1ado [&hellip;]<\/p>\n","protected":false},"featured_media":6553,"comment_status":"closed","ping_status":"closed","template":"","meta":{"ocean_post_layout":"","ocean_both_sidebars_style":"","ocean_both_sidebars_content_width":0,"ocean_both_sidebars_sidebars_width":0,"ocean_sidebar":"0","ocean_second_sidebar":"0","ocean_disable_margins":"enable","ocean_add_body_class":"","ocean_shortcode_before_top_bar":"","ocean_shortcode_after_top_bar":"","ocean_shortcode_before_header":"","ocean_shortcode_after_header":"","ocean_has_shortcode":"","ocean_shortcode_after_title":"","ocean_shortcode_before_footer_widgets":"","ocean_shortcode_after_footer_widgets":"","ocean_shortcode_before_footer_bottom":"","ocean_shortcode_after_footer_bottom":"","ocean_display_top_bar":"default","ocean_display_header":"default","ocean_header_style":"","ocean_center_header_left_menu":"0","ocean_custom_header_template":"0","ocean_custom_logo":0,"ocean_custom_retina_logo":0,"ocean_custom_logo_max_width":0,"ocean_custom_logo_tablet_max_width":0,"ocean_custom_logo_mobile_max_width":0,"ocean_custom_logo_max_height":0,"ocean_custom_logo_tablet_max_height":0,"ocean_custom_logo_mobile_max_height":0,"ocean_header_custom_menu":"0","ocean_menu_typo_font_family":"0","ocean_menu_typo_font_subset":"","ocean_menu_typo_font_size":0,"ocean_menu_typo_font_size_tablet":0,"ocean_menu_typo_font_size_mobile":0,"ocean_menu_typo_font_size_unit":"px","ocean_menu_typo_font_weight":"","ocean_menu_typo_font_weight_tablet":"","ocean_menu_typo_font_weight_mobile":"","ocean_menu_typo_transform":"","ocean_menu_typo_transform_tablet":"","ocean_menu_typo_transform_mobile":"","ocean_menu_typo_line_height":0,"ocean_menu_typo_line_height_tablet":0,"ocean_menu_typo_line_height_mobile":0,"ocean_menu_typo_line_height_unit":"","ocean_menu_typo_spacing":0,"ocean_menu_typo_spacing_tablet":0,"ocean_menu_typo_spacing_mobile":0,"ocean_menu_typo_spacing_unit":"","ocean_menu_link_color":"","ocean_menu_link_color_hover":"","ocean_menu_link_color_active":"","ocean_menu_link_background":"","ocean_menu_link_hover_background":"","ocean_menu_link_active_background":"","ocean_menu_social_links_bg":"","ocean_menu_social_hover_links_bg":"","ocean_menu_social_links_color":"","ocean_menu_social_hover_links_color":"","ocean_disable_title":"default","ocean_disable_heading":"default","ocean_post_title":"","ocean_post_subheading":"","ocean_post_title_style":"","ocean_post_title_background_color":"","ocean_post_title_background":0,"ocean_post_title_bg_image_position":"","ocean_post_title_bg_image_attachment":"","ocean_post_title_bg_image_repeat":"","ocean_post_title_bg_image_size":"","ocean_post_title_height":0,"ocean_post_title_bg_overlay":0.5,"ocean_post_title_bg_overlay_color":"","ocean_disable_breadcrumbs":"default","ocean_breadcrumbs_color":"","ocean_breadcrumbs_separator_color":"","ocean_breadcrumbs_links_color":"","ocean_breadcrumbs_links_hover_color":"","ocean_display_footer_widgets":"default","ocean_display_footer_bottom":"default","ocean_custom_footer_template":"0"},"product_brand":[],"product_cat":[199],"product_tag":[171,132,133],"class_list":{"0":"post-11697","1":"product","2":"type-product","3":"status-publish","4":"has-post-thumbnail","6":"product_cat-certificaciones-testing","7":"product_tag-certificacion","8":"product_tag-tester","9":"product_tag-testing","11":"entry","12":"has-media","14":"first","15":"instock","16":"virtual","17":"sold-individually","18":"purchasable","19":"product-type-simple","20":"has-product-nav","21":"col","22":"span_1_of_3","23":"owp-content-center","24":"owp-thumbs-layout-horizontal","25":"owp-btn-normal","26":"owp-tabs-layout-horizontal","27":"has-no-thumbnails"},"yoast_head":"<!-- This site is optimized with the Yoast SEO plugin v27.3 - https:\/\/yoast.com\/product\/yoast-seo-wordpress\/ -->\n<title>Preparaci\u00f3n para la certificaci\u00f3n Foundation Level (en vivo) -<\/title>\n<meta name=\"description\" content=\"Aprend\u00e9 todo lo que necesit\u00e1s saber de la certificaci\u00f3n Foundation Level para aprobar el examen. Aclar\u00e1 tus dudas y practic\u00e1.\" \/>\n<meta name=\"robots\" content=\"index, follow, max-snippet:-1, max-image-preview:large, max-video-preview:-1\" \/>\n<link rel=\"canonical\" href=\"https:\/\/nadiacavalleri.com.ar\/en\/courses\/introduccion-al-testing-de-software\/\" \/>\n<meta property=\"og:locale\" content=\"en_US\" \/>\n<meta property=\"og:type\" content=\"article\" \/>\n<meta property=\"og:title\" content=\"Preparaci\u00f3n para la certificaci\u00f3n Foundation Level (en vivo) -\" \/>\n<meta property=\"og:description\" content=\"Aprend\u00e9 todo lo que necesit\u00e1s saber de la certificaci\u00f3n Foundation Level para aprobar el examen. Aclar\u00e1 tus dudas y practic\u00e1.\" \/>\n<meta property=\"og:url\" content=\"https:\/\/nadiacavalleri.com.ar\/en\/courses\/introduccion-al-testing-de-software\/\" \/>\n<meta property=\"article:publisher\" content=\"https:\/\/www.facebook.com\/nadia.cavalleri\" \/>\n<meta property=\"article:modified_time\" content=\"2026-03-07T22:12:08+00:00\" \/>\n<meta property=\"og:image\" content=\"https:\/\/nadiacavalleri.com.ar\/wp-content\/uploads\/2024\/03\/Producto-Curso-Aproba-la-certificacion-FL.png\" \/>\n\t<meta property=\"og:image:width\" content=\"1080\" \/>\n\t<meta property=\"og:image:height\" content=\"1080\" \/>\n\t<meta property=\"og:image:type\" content=\"image\/png\" \/>\n<meta name=\"twitter:card\" content=\"summary_large_image\" \/>\n<meta name=\"twitter:site\" content=\"@nadiacavalleri\" \/>\n<meta name=\"twitter:label1\" content=\"Est. reading time\" \/>\n\t<meta name=\"twitter:data1\" content=\"1 minute\" \/>\n<script type=\"application\/ld+json\" class=\"yoast-schema-graph\">{\"@context\":\"https:\\\/\\\/schema.org\",\"@graph\":[{\"@type\":\"WebPage\",\"@id\":\"https:\\\/\\\/nadiacavalleri.com.ar\\\/producto\\\/certificacion-foundation-level-en-vivo\\\/\",\"url\":\"https:\\\/\\\/nadiacavalleri.com.ar\\\/courses\\\/introduccion-al-testing-de-software\\\/\",\"name\":\"Preparaci\u00f3n para la certificaci\u00f3n Foundation Level (en vivo) -\",\"isPartOf\":{\"@id\":\"https:\\\/\\\/nadiacavalleri.com.ar\\\/#website\"},\"primaryImageOfPage\":{\"@id\":\"https:\\\/\\\/nadiacavalleri.com.ar\\\/courses\\\/introduccion-al-testing-de-software\\\/#primaryimage\"},\"image\":{\"@id\":\"https:\\\/\\\/nadiacavalleri.com.ar\\\/courses\\\/introduccion-al-testing-de-software\\\/#primaryimage\"},\"thumbnailUrl\":\"https:\\\/\\\/nadiacavalleri.com.ar\\\/wp-content\\\/uploads\\\/2024\\\/03\\\/Producto-Curso-Aproba-la-certificacion-FL.png\",\"datePublished\":\"2025-12-13T13:42:30+00:00\",\"dateModified\":\"2026-03-07T22:12:08+00:00\",\"description\":\"Aprend\u00e9 todo lo que necesit\u00e1s saber de la certificaci\u00f3n Foundation Level para aprobar el examen. Aclar\u00e1 tus dudas y practic\u00e1.\",\"breadcrumb\":{\"@id\":\"https:\\\/\\\/nadiacavalleri.com.ar\\\/courses\\\/introduccion-al-testing-de-software\\\/#breadcrumb\"},\"inLanguage\":\"en-US\",\"potentialAction\":[{\"@type\":\"ReadAction\",\"target\":[\"https:\\\/\\\/nadiacavalleri.com.ar\\\/courses\\\/introduccion-al-testing-de-software\\\/\"]}]},{\"@type\":\"ImageObject\",\"inLanguage\":\"en-US\",\"@id\":\"https:\\\/\\\/nadiacavalleri.com.ar\\\/courses\\\/introduccion-al-testing-de-software\\\/#primaryimage\",\"url\":\"https:\\\/\\\/nadiacavalleri.com.ar\\\/wp-content\\\/uploads\\\/2024\\\/03\\\/Producto-Curso-Aproba-la-certificacion-FL.png\",\"contentUrl\":\"https:\\\/\\\/nadiacavalleri.com.ar\\\/wp-content\\\/uploads\\\/2024\\\/03\\\/Producto-Curso-Aproba-la-certificacion-FL.png\",\"width\":1080,\"height\":1080,\"caption\":\"Curso Certificaci\u00f3n Foundation Level\"},{\"@type\":\"BreadcrumbList\",\"@id\":\"https:\\\/\\\/nadiacavalleri.com.ar\\\/courses\\\/introduccion-al-testing-de-software\\\/#breadcrumb\",\"itemListElement\":[{\"@type\":\"ListItem\",\"position\":1,\"name\":\"Portada\",\"item\":\"https:\\\/\\\/nadiacavalleri.com.ar\\\/\"},{\"@type\":\"ListItem\",\"position\":2,\"name\":\"Tienda\",\"item\":\"https:\\\/\\\/nadiacavalleri.com.ar\\\/tienda\\\/\"},{\"@type\":\"ListItem\",\"position\":3,\"name\":\"Preparaci\u00f3n para la certificaci\u00f3n Foundation Level (en vivo)\"}]},{\"@type\":\"WebSite\",\"@id\":\"https:\\\/\\\/nadiacavalleri.com.ar\\\/#website\",\"url\":\"https:\\\/\\\/nadiacavalleri.com.ar\\\/\",\"name\":\"Nadia Cavalleri\",\"description\":\"\",\"publisher\":{\"@id\":\"https:\\\/\\\/nadiacavalleri.com.ar\\\/#organization\"},\"potentialAction\":[{\"@type\":\"SearchAction\",\"target\":{\"@type\":\"EntryPoint\",\"urlTemplate\":\"https:\\\/\\\/nadiacavalleri.com.ar\\\/?s={search_term_string}\"},\"query-input\":{\"@type\":\"PropertyValueSpecification\",\"valueRequired\":true,\"valueName\":\"search_term_string\"}}],\"inLanguage\":\"en-US\"},{\"@type\":\"Organization\",\"@id\":\"https:\\\/\\\/nadiacavalleri.com.ar\\\/#organization\",\"name\":\"Nadia Cavalleri\",\"url\":\"https:\\\/\\\/nadiacavalleri.com.ar\\\/\",\"logo\":{\"@type\":\"ImageObject\",\"inLanguage\":\"en-US\",\"@id\":\"https:\\\/\\\/nadiacavalleri.com.ar\\\/#\\\/schema\\\/logo\\\/image\\\/\",\"url\":\"https:\\\/\\\/nadiacavalleri.com.ar\\\/wp-content\\\/uploads\\\/2018\\\/08\\\/cropped-Favicon-1.png\",\"contentUrl\":\"https:\\\/\\\/nadiacavalleri.com.ar\\\/wp-content\\\/uploads\\\/2018\\\/08\\\/cropped-Favicon-1.png\",\"width\":512,\"height\":512,\"caption\":\"Nadia Cavalleri\"},\"image\":{\"@id\":\"https:\\\/\\\/nadiacavalleri.com.ar\\\/#\\\/schema\\\/logo\\\/image\\\/\"},\"sameAs\":[\"https:\\\/\\\/www.facebook.com\\\/nadia.cavalleri\",\"https:\\\/\\\/x.com\\\/nadiacavalleri\",\"https:\\\/\\\/www.instagram.com\\\/nadia.cavalleri\\\/\",\"https:\\\/\\\/www.youtube.com\\\/c\\\/NadiaSoledadCavalleri\"]}]}<\/script>\n<!-- \/ Yoast SEO plugin. -->","yoast_head_json":{"title":"Preparaci\u00f3n para la certificaci\u00f3n Foundation Level (en vivo) -","description":"Aprend\u00e9 todo lo que necesit\u00e1s saber de la certificaci\u00f3n Foundation Level para aprobar el examen. Aclar\u00e1 tus dudas y practic\u00e1.","robots":{"index":"index","follow":"follow","max-snippet":"max-snippet:-1","max-image-preview":"max-image-preview:large","max-video-preview":"max-video-preview:-1"},"canonical":"https:\/\/nadiacavalleri.com.ar\/en\/courses\/introduccion-al-testing-de-software\/","og_locale":"en_US","og_type":"article","og_title":"Preparaci\u00f3n para la certificaci\u00f3n Foundation Level (en vivo) -","og_description":"Aprend\u00e9 todo lo que necesit\u00e1s saber de la certificaci\u00f3n Foundation Level para aprobar el examen. Aclar\u00e1 tus dudas y practic\u00e1.","og_url":"https:\/\/nadiacavalleri.com.ar\/en\/courses\/introduccion-al-testing-de-software\/","article_publisher":"https:\/\/www.facebook.com\/nadia.cavalleri","article_modified_time":"2026-03-07T22:12:08+00:00","og_image":[{"width":1080,"height":1080,"url":"https:\/\/nadiacavalleri.com.ar\/wp-content\/uploads\/2024\/03\/Producto-Curso-Aproba-la-certificacion-FL.png","type":"image\/png"}],"twitter_card":"summary_large_image","twitter_site":"@nadiacavalleri","twitter_misc":{"Est. reading time":"1 minute"},"schema":{"@context":"https:\/\/schema.org","@graph":[{"@type":"WebPage","@id":"https:\/\/nadiacavalleri.com.ar\/producto\/certificacion-foundation-level-en-vivo\/","url":"https:\/\/nadiacavalleri.com.ar\/courses\/introduccion-al-testing-de-software\/","name":"Preparaci\u00f3n para la certificaci\u00f3n Foundation Level (en vivo) -","isPartOf":{"@id":"https:\/\/nadiacavalleri.com.ar\/#website"},"primaryImageOfPage":{"@id":"https:\/\/nadiacavalleri.com.ar\/courses\/introduccion-al-testing-de-software\/#primaryimage"},"image":{"@id":"https:\/\/nadiacavalleri.com.ar\/courses\/introduccion-al-testing-de-software\/#primaryimage"},"thumbnailUrl":"https:\/\/nadiacavalleri.com.ar\/wp-content\/uploads\/2024\/03\/Producto-Curso-Aproba-la-certificacion-FL.png","datePublished":"2025-12-13T13:42:30+00:00","dateModified":"2026-03-07T22:12:08+00:00","description":"Aprend\u00e9 todo lo que necesit\u00e1s saber de la certificaci\u00f3n Foundation Level para aprobar el examen. Aclar\u00e1 tus dudas y practic\u00e1.","breadcrumb":{"@id":"https:\/\/nadiacavalleri.com.ar\/courses\/introduccion-al-testing-de-software\/#breadcrumb"},"inLanguage":"en-US","potentialAction":[{"@type":"ReadAction","target":["https:\/\/nadiacavalleri.com.ar\/courses\/introduccion-al-testing-de-software\/"]}]},{"@type":"ImageObject","inLanguage":"en-US","@id":"https:\/\/nadiacavalleri.com.ar\/courses\/introduccion-al-testing-de-software\/#primaryimage","url":"https:\/\/nadiacavalleri.com.ar\/wp-content\/uploads\/2024\/03\/Producto-Curso-Aproba-la-certificacion-FL.png","contentUrl":"https:\/\/nadiacavalleri.com.ar\/wp-content\/uploads\/2024\/03\/Producto-Curso-Aproba-la-certificacion-FL.png","width":1080,"height":1080,"caption":"Curso Certificaci\u00f3n Foundation Level"},{"@type":"BreadcrumbList","@id":"https:\/\/nadiacavalleri.com.ar\/courses\/introduccion-al-testing-de-software\/#breadcrumb","itemListElement":[{"@type":"ListItem","position":1,"name":"Portada","item":"https:\/\/nadiacavalleri.com.ar\/"},{"@type":"ListItem","position":2,"name":"Tienda","item":"https:\/\/nadiacavalleri.com.ar\/tienda\/"},{"@type":"ListItem","position":3,"name":"Preparaci\u00f3n para la certificaci\u00f3n Foundation Level (en vivo)"}]},{"@type":"WebSite","@id":"https:\/\/nadiacavalleri.com.ar\/#website","url":"https:\/\/nadiacavalleri.com.ar\/","name":"Nadia Cavalleri","description":"","publisher":{"@id":"https:\/\/nadiacavalleri.com.ar\/#organization"},"potentialAction":[{"@type":"SearchAction","target":{"@type":"EntryPoint","urlTemplate":"https:\/\/nadiacavalleri.com.ar\/?s={search_term_string}"},"query-input":{"@type":"PropertyValueSpecification","valueRequired":true,"valueName":"search_term_string"}}],"inLanguage":"en-US"},{"@type":"Organization","@id":"https:\/\/nadiacavalleri.com.ar\/#organization","name":"Nadia Cavalleri","url":"https:\/\/nadiacavalleri.com.ar\/","logo":{"@type":"ImageObject","inLanguage":"en-US","@id":"https:\/\/nadiacavalleri.com.ar\/#\/schema\/logo\/image\/","url":"https:\/\/nadiacavalleri.com.ar\/wp-content\/uploads\/2018\/08\/cropped-Favicon-1.png","contentUrl":"https:\/\/nadiacavalleri.com.ar\/wp-content\/uploads\/2018\/08\/cropped-Favicon-1.png","width":512,"height":512,"caption":"Nadia Cavalleri"},"image":{"@id":"https:\/\/nadiacavalleri.com.ar\/#\/schema\/logo\/image\/"},"sameAs":["https:\/\/www.facebook.com\/nadia.cavalleri","https:\/\/x.com\/nadiacavalleri","https:\/\/www.instagram.com\/nadia.cavalleri\/","https:\/\/www.youtube.com\/c\/NadiaSoledadCavalleri"]}]}},"_links":{"self":[{"href":"https:\/\/nadiacavalleri.com.ar\/en\/wp-json\/wp\/v2\/product\/11697","targetHints":{"allow":["GET"]}}],"collection":[{"href":"https:\/\/nadiacavalleri.com.ar\/en\/wp-json\/wp\/v2\/product"}],"about":[{"href":"https:\/\/nadiacavalleri.com.ar\/en\/wp-json\/wp\/v2\/types\/product"}],"replies":[{"embeddable":true,"href":"https:\/\/nadiacavalleri.com.ar\/en\/wp-json\/wp\/v2\/comments?post=11697"}],"version-history":[{"count":10,"href":"https:\/\/nadiacavalleri.com.ar\/en\/wp-json\/wp\/v2\/product\/11697\/revisions"}],"predecessor-version":[{"id":11765,"href":"https:\/\/nadiacavalleri.com.ar\/en\/wp-json\/wp\/v2\/product\/11697\/revisions\/11765"}],"wp:featuredmedia":[{"embeddable":true,"href":"https:\/\/nadiacavalleri.com.ar\/en\/wp-json\/wp\/v2\/media\/6553"}],"wp:attachment":[{"href":"https:\/\/nadiacavalleri.com.ar\/en\/wp-json\/wp\/v2\/media?parent=11697"}],"wp:term":[{"taxonomy":"product_brand","embeddable":true,"href":"https:\/\/nadiacavalleri.com.ar\/en\/wp-json\/wp\/v2\/product_brand?post=11697"},{"taxonomy":"product_cat","embeddable":true,"href":"https:\/\/nadiacavalleri.com.ar\/en\/wp-json\/wp\/v2\/product_cat?post=11697"},{"taxonomy":"product_tag","embeddable":true,"href":"https:\/\/nadiacavalleri.com.ar\/en\/wp-json\/wp\/v2\/product_tag?post=11697"}],"curies":[{"name":"wp","href":"https:\/\/api.w.org\/{rel}","templated":true}]}}