{"id":4941,"date":"2024-02-04T13:09:33","date_gmt":"2024-02-04T16:09:33","guid":{"rendered":"http:\/\/nadiacavalleri.com.ar\/?post_type=product&#038;p=4941"},"modified":"2026-04-06T10:07:48","modified_gmt":"2026-04-06T13:07:48","slug":"introduccion-al-testing-de-software","status":"publish","type":"product","link":"https:\/\/nadiacavalleri.com.ar\/en\/product\/introduccion-al-testing-de-software\/","title":{"rendered":"Introduction to software testing"},"content":{"rendered":"<div data-elementor-type=\"wp-post\" data-elementor-id=\"4941\" class=\"elementor elementor-4941\">\n\t\t\t\t\t\t<section class=\"elementor-section elementor-top-section elementor-element elementor-element-2e560533 elementor-section-boxed elementor-section-height-default elementor-section-height-default\" data-id=\"2e560533\" data-element_type=\"section\" data-e-type=\"section\">\n\t\t\t\t\t\t<div class=\"elementor-container elementor-column-gap-default\">\n\t\t\t\t\t<div class=\"elementor-column elementor-col-100 elementor-top-column elementor-element elementor-element-71f42bf1\" data-id=\"71f42bf1\" data-element_type=\"column\" data-e-type=\"column\">\n\t\t\t<div class=\"elementor-widget-wrap elementor-element-populated\">\n\t\t\t\t\t\t<div class=\"elementor-element elementor-element-1cafb798 elementor-widget elementor-widget-text-editor\" data-id=\"1cafb798\" data-element_type=\"widget\" data-e-type=\"widget\" data-widget_type=\"text-editor.default\">\n\t\t\t\t<div class=\"elementor-widget-container\">\n\t\t\t\t\t\t\t\t\t<div class=\"tutor-course-details-content tutor-toggle-more-content\" data-tutor-toggle-more-content=\"\" data-toggle-height=\"200\"><div class=\"tutor-fs-6 tutor-color-secondary\"><p>Introducci\u00f3n al testing de Software.<\/p><p>Si quer\u00e9s convertirte en un tester de software, este curso es tu punto de partida. Si ya est\u00e1s trabajando en ese rol, pero fuiste aprendiendo de la pr\u00e1ctia, este curso tambi\u00e9n te ayudar\u00e1 a estructurar esos conocimientos y adquirir nuevas t\u00e9cnicas y herramientas.<\/p><p><strong>En este curso veremos los conceptos m\u00e1s importantes del testing de software que te permitir\u00e1n desarrollarte de manera satisfactoria en el rol de tester<\/strong>. Vamos a recorrer desde los conceptos m\u00e1s b\u00e1sicos hasta las t\u00e9cnicas m\u00e1s desafiantes y hacemos ejercicios sobre aplicaciones reales que te permiten aplicar lo aprendido en entornos cercanos a la realidad.<\/p><p>Los conceptos, t\u00e9cnicas, herramientas y metodolog\u00edas que veremos har\u00e1n que te puedas desempe\u00f1ar como tester de una forma eficiente y profesional.<\/p><p><strong>Este curso de <a href=\"https:\/\/nadiacavalleri.com.ar\/en\/courses\/introduccion-al-testing-de-software\/\">Introducci\u00f3n al Testing<\/a> lo han contratado numerosas empresas de primera l\u00ednea para formar a profesionales y luego contratarlos como testers juniors<\/strong>.\u00a0Es decir que:<\/p><ul><li>Hay empresas que contratan testers juniors que ya han avalado estos contenidos<\/li><li>Los contenidos est\u00e1n alineados con las necesidades de la industria<\/li><li>El contenido est\u00e1 probado por otros estudiantes y adaptado para que los temas m\u00e1s complejos, sean sencillos de entender.<\/li><\/ul><p>Te invito a que veas las rese\u00f1as que han hecho otros alumnos de este curso para que te termines de convencer.<\/p><p>\u00a1Te espero adentro del curso!<\/p><\/div><\/div>\t\t\t\t\t\t\t\t<\/div>\n\t\t\t\t<\/div>\n\t\t\t\t\t<\/div>\n\t\t<\/div>\n\t\t\t\t\t<\/div>\n\t\t<\/section>\n\t\t\t\t<section class=\"elementor-section elementor-top-section elementor-element elementor-element-2e52749 elementor-section-boxed elementor-section-height-default elementor-section-height-default\" data-id=\"2e52749\" data-element_type=\"section\" data-e-type=\"section\">\n\t\t\t\t\t\t<div class=\"elementor-container elementor-column-gap-default\">\n\t\t\t\t\t<div class=\"elementor-column elementor-col-100 elementor-top-column elementor-element elementor-element-f4d44fa\" data-id=\"f4d44fa\" data-element_type=\"column\" data-e-type=\"column\">\n\t\t\t<div class=\"elementor-widget-wrap elementor-element-populated\">\n\t\t\t\t\t\t<div class=\"elementor-element elementor-element-654f2b6 elementor-align-center elementor-widget elementor-widget-button\" data-id=\"654f2b6\" data-element_type=\"widget\" data-e-type=\"widget\" data-widget_type=\"button.default\">\n\t\t\t\t<div class=\"elementor-widget-container\">\n\t\t\t\t\t\t\t\t\t<div class=\"elementor-button-wrapper\">\n\t\t\t\t\t<a class=\"elementor-button elementor-button-link elementor-size-sm\" href=\"http:\/\/nadiacavalleri.com.ar\/en\/courses\/introduccion-al-testing-de-software\/\">\n\t\t\t\t\t\t<span class=\"elementor-button-content-wrapper\">\n\t\t\t\t\t\t\t\t\t<span class=\"elementor-button-text\">More information<\/span>\n\t\t\t\t\t<\/span>\n\t\t\t\t\t<\/a>\n\t\t\t\t<\/div>\n\t\t\t\t\t\t\t\t<\/div>\n\t\t\t\t<\/div>\n\t\t\t\t\t<\/div>\n\t\t<\/div>\n\t\t\t\t\t<\/div>\n\t\t<\/section>\n\t\t\t\t<\/div>","protected":false},"excerpt":{"rendered":"<p>Introducci\u00f3n al testing de Software. Si quer\u00e9s convertirte en un tester de software, este curso es tu punto de partida. Si ya est\u00e1s trabajando en ese rol, pero fuiste aprendiendo de la pr\u00e1ctia, este curso tambi\u00e9n te ayudar\u00e1 a estructurar esos conocimientos y adquirir nuevas t\u00e9cnicas y herramientas. En este curso veremos los conceptos m\u00e1s [&hellip;]<\/p>\n","protected":false},"featured_media":5347,"comment_status":"closed","ping_status":"closed","template":"","meta":{"ocean_post_layout":"","ocean_both_sidebars_style":"","ocean_both_sidebars_content_width":0,"ocean_both_sidebars_sidebars_width":0,"ocean_sidebar":"0","ocean_second_sidebar":"0","ocean_disable_margins":"enable","ocean_add_body_class":"","ocean_shortcode_before_top_bar":"","ocean_shortcode_after_top_bar":"","ocean_shortcode_before_header":"","ocean_shortcode_after_header":"","ocean_has_shortcode":"","ocean_shortcode_after_title":"","ocean_shortcode_before_footer_widgets":"","ocean_shortcode_after_footer_widgets":"","ocean_shortcode_before_footer_bottom":"","ocean_shortcode_after_footer_bottom":"","ocean_display_top_bar":"default","ocean_display_header":"default","ocean_header_style":"","ocean_center_header_left_menu":"0","ocean_custom_header_template":"0","ocean_custom_logo":0,"ocean_custom_retina_logo":0,"ocean_custom_logo_max_width":0,"ocean_custom_logo_tablet_max_width":0,"ocean_custom_logo_mobile_max_width":0,"ocean_custom_logo_max_height":0,"ocean_custom_logo_tablet_max_height":0,"ocean_custom_logo_mobile_max_height":0,"ocean_header_custom_menu":"0","ocean_menu_typo_font_family":"0","ocean_menu_typo_font_subset":"","ocean_menu_typo_font_size":0,"ocean_menu_typo_font_size_tablet":0,"ocean_menu_typo_font_size_mobile":0,"ocean_menu_typo_font_size_unit":"px","ocean_menu_typo_font_weight":"","ocean_menu_typo_font_weight_tablet":"","ocean_menu_typo_font_weight_mobile":"","ocean_menu_typo_transform":"","ocean_menu_typo_transform_tablet":"","ocean_menu_typo_transform_mobile":"","ocean_menu_typo_line_height":0,"ocean_menu_typo_line_height_tablet":0,"ocean_menu_typo_line_height_mobile":0,"ocean_menu_typo_line_height_unit":"","ocean_menu_typo_spacing":0,"ocean_menu_typo_spacing_tablet":0,"ocean_menu_typo_spacing_mobile":0,"ocean_menu_typo_spacing_unit":"","ocean_menu_link_color":"","ocean_menu_link_color_hover":"","ocean_menu_link_color_active":"","ocean_menu_link_background":"","ocean_menu_link_hover_background":"","ocean_menu_link_active_background":"","ocean_menu_social_links_bg":"","ocean_menu_social_hover_links_bg":"","ocean_menu_social_links_color":"","ocean_menu_social_hover_links_color":"","ocean_disable_title":"default","ocean_disable_heading":"default","ocean_post_title":"","ocean_post_subheading":"","ocean_post_title_style":"","ocean_post_title_background_color":"","ocean_post_title_background":0,"ocean_post_title_bg_image_position":"","ocean_post_title_bg_image_attachment":"","ocean_post_title_bg_image_repeat":"","ocean_post_title_bg_image_size":"","ocean_post_title_height":0,"ocean_post_title_bg_overlay":0.5,"ocean_post_title_bg_overlay_color":"","ocean_disable_breadcrumbs":"default","ocean_breadcrumbs_color":"","ocean_breadcrumbs_separator_color":"","ocean_breadcrumbs_links_color":"","ocean_breadcrumbs_links_hover_color":"","ocean_display_footer_widgets":"default","ocean_display_footer_bottom":"default","ocean_custom_footer_template":"0"},"product_brand":[],"product_cat":[137],"product_tag":[132,133],"class_list":{"0":"post-4941","1":"product","2":"type-product","3":"status-publish","4":"has-post-thumbnail","6":"product_cat-cursos-testing","7":"product_tag-tester","8":"product_tag-testing","10":"entry","11":"has-media","13":"first","14":"instock","15":"sale","16":"virtual","17":"sold-individually","18":"purchasable","19":"product-type-simple","20":"has-product-nav","21":"col","22":"span_1_of_3","23":"owp-content-center","24":"owp-thumbs-layout-horizontal","25":"owp-btn-normal","26":"owp-tabs-layout-horizontal","27":"has-no-thumbnails"},"yoast_head":"<!-- This site is optimized with the Yoast SEO plugin v27.3 - https:\/\/yoast.com\/product\/yoast-seo-wordpress\/ -->\n<title>Introducci\u00f3n al testing de software -<\/title>\n<meta name=\"description\" content=\"Descubr\u00ed el curso ideal para empezar en testing y convertirte en un tester de software exitoso: Introducci\u00f3n al Testing. \u00a1Potencia tu carrera hoy!\" \/>\n<meta name=\"robots\" content=\"index, follow, max-snippet:-1, max-image-preview:large, max-video-preview:-1\" \/>\n<link rel=\"canonical\" href=\"https:\/\/nadiacavalleri.com.ar\/en\/courses\/introduccion-al-testing-de-software\/\" \/>\n<meta property=\"og:locale\" content=\"en_US\" \/>\n<meta property=\"og:type\" content=\"article\" \/>\n<meta property=\"og:title\" content=\"Introducci\u00f3n al testing de software -\" \/>\n<meta property=\"og:description\" content=\"Descubr\u00ed el curso ideal para empezar en testing y convertirte en un tester de software exitoso: Introducci\u00f3n al Testing. \u00a1Potencia tu carrera hoy!\" \/>\n<meta property=\"og:url\" content=\"https:\/\/nadiacavalleri.com.ar\/en\/courses\/introduccion-al-testing-de-software\/\" \/>\n<meta property=\"article:publisher\" content=\"https:\/\/www.facebook.com\/nadia.cavalleri\" \/>\n<meta property=\"article:modified_time\" content=\"2026-04-06T13:07:48+00:00\" \/>\n<meta property=\"og:image\" content=\"https:\/\/nadiacavalleri.com.ar\/wp-content\/uploads\/2024\/02\/Producto-Curso-Intro-al-testing.png\" \/>\n\t<meta property=\"og:image:width\" content=\"1080\" \/>\n\t<meta property=\"og:image:height\" content=\"1080\" \/>\n\t<meta property=\"og:image:type\" content=\"image\/png\" \/>\n<meta name=\"twitter:card\" content=\"summary_large_image\" \/>\n<meta name=\"twitter:site\" content=\"@nadiacavalleri\" \/>\n<meta name=\"twitter:label1\" content=\"Est. reading time\" \/>\n\t<meta name=\"twitter:data1\" content=\"2 minutes\" \/>\n<script type=\"application\/ld+json\" class=\"yoast-schema-graph\">{\"@context\":\"https:\\\/\\\/schema.org\",\"@graph\":[{\"@type\":\"WebPage\",\"@id\":\"https:\\\/\\\/nadiacavalleri.com.ar\\\/producto\\\/introduccion-al-testing-de-software\\\/\",\"url\":\"https:\\\/\\\/nadiacavalleri.com.ar\\\/courses\\\/introduccion-al-testing-de-software\\\/\",\"name\":\"Introducci\u00f3n al testing de software -\",\"isPartOf\":{\"@id\":\"https:\\\/\\\/nadiacavalleri.com.ar\\\/#website\"},\"primaryImageOfPage\":{\"@id\":\"https:\\\/\\\/nadiacavalleri.com.ar\\\/courses\\\/introduccion-al-testing-de-software\\\/#primaryimage\"},\"image\":{\"@id\":\"https:\\\/\\\/nadiacavalleri.com.ar\\\/courses\\\/introduccion-al-testing-de-software\\\/#primaryimage\"},\"thumbnailUrl\":\"https:\\\/\\\/nadiacavalleri.com.ar\\\/wp-content\\\/uploads\\\/2024\\\/02\\\/Producto-Curso-Intro-al-testing.png\",\"datePublished\":\"2024-02-04T16:09:33+00:00\",\"dateModified\":\"2026-04-06T13:07:48+00:00\",\"description\":\"Descubr\u00ed el curso ideal para empezar en testing y convertirte en un tester de software exitoso: Introducci\u00f3n al Testing. \u00a1Potencia tu carrera hoy!\",\"breadcrumb\":{\"@id\":\"https:\\\/\\\/nadiacavalleri.com.ar\\\/courses\\\/introduccion-al-testing-de-software\\\/#breadcrumb\"},\"inLanguage\":\"en-US\",\"potentialAction\":[{\"@type\":\"ReadAction\",\"target\":[\"https:\\\/\\\/nadiacavalleri.com.ar\\\/courses\\\/introduccion-al-testing-de-software\\\/\"]}]},{\"@type\":\"ImageObject\",\"inLanguage\":\"en-US\",\"@id\":\"https:\\\/\\\/nadiacavalleri.com.ar\\\/courses\\\/introduccion-al-testing-de-software\\\/#primaryimage\",\"url\":\"https:\\\/\\\/nadiacavalleri.com.ar\\\/wp-content\\\/uploads\\\/2024\\\/02\\\/Producto-Curso-Intro-al-testing.png\",\"contentUrl\":\"https:\\\/\\\/nadiacavalleri.com.ar\\\/wp-content\\\/uploads\\\/2024\\\/02\\\/Producto-Curso-Intro-al-testing.png\",\"width\":1080,\"height\":1080,\"caption\":\"Introducci\u00f3n al Testing\"},{\"@type\":\"BreadcrumbList\",\"@id\":\"https:\\\/\\\/nadiacavalleri.com.ar\\\/courses\\\/introduccion-al-testing-de-software\\\/#breadcrumb\",\"itemListElement\":[{\"@type\":\"ListItem\",\"position\":1,\"name\":\"Portada\",\"item\":\"https:\\\/\\\/nadiacavalleri.com.ar\\\/\"},{\"@type\":\"ListItem\",\"position\":2,\"name\":\"Tienda\",\"item\":\"https:\\\/\\\/nadiacavalleri.com.ar\\\/tienda\\\/\"},{\"@type\":\"ListItem\",\"position\":3,\"name\":\"Introducci\u00f3n al testing de software\"}]},{\"@type\":\"WebSite\",\"@id\":\"https:\\\/\\\/nadiacavalleri.com.ar\\\/#website\",\"url\":\"https:\\\/\\\/nadiacavalleri.com.ar\\\/\",\"name\":\"Nadia Cavalleri\",\"description\":\"\",\"publisher\":{\"@id\":\"https:\\\/\\\/nadiacavalleri.com.ar\\\/#organization\"},\"potentialAction\":[{\"@type\":\"SearchAction\",\"target\":{\"@type\":\"EntryPoint\",\"urlTemplate\":\"https:\\\/\\\/nadiacavalleri.com.ar\\\/?s={search_term_string}\"},\"query-input\":{\"@type\":\"PropertyValueSpecification\",\"valueRequired\":true,\"valueName\":\"search_term_string\"}}],\"inLanguage\":\"en-US\"},{\"@type\":\"Organization\",\"@id\":\"https:\\\/\\\/nadiacavalleri.com.ar\\\/#organization\",\"name\":\"Nadia Cavalleri\",\"url\":\"https:\\\/\\\/nadiacavalleri.com.ar\\\/\",\"logo\":{\"@type\":\"ImageObject\",\"inLanguage\":\"en-US\",\"@id\":\"https:\\\/\\\/nadiacavalleri.com.ar\\\/#\\\/schema\\\/logo\\\/image\\\/\",\"url\":\"https:\\\/\\\/nadiacavalleri.com.ar\\\/wp-content\\\/uploads\\\/2018\\\/08\\\/cropped-Favicon-1.png\",\"contentUrl\":\"https:\\\/\\\/nadiacavalleri.com.ar\\\/wp-content\\\/uploads\\\/2018\\\/08\\\/cropped-Favicon-1.png\",\"width\":512,\"height\":512,\"caption\":\"Nadia Cavalleri\"},\"image\":{\"@id\":\"https:\\\/\\\/nadiacavalleri.com.ar\\\/#\\\/schema\\\/logo\\\/image\\\/\"},\"sameAs\":[\"https:\\\/\\\/www.facebook.com\\\/nadia.cavalleri\",\"https:\\\/\\\/x.com\\\/nadiacavalleri\",\"https:\\\/\\\/www.instagram.com\\\/nadia.cavalleri\\\/\",\"https:\\\/\\\/www.youtube.com\\\/c\\\/NadiaSoledadCavalleri\"]}]}<\/script>\n<!-- \/ Yoast SEO plugin. -->","yoast_head_json":{"title":"Introducci\u00f3n al testing de software -","description":"Descubr\u00ed el curso ideal para empezar en testing y convertirte en un tester de software exitoso: Introducci\u00f3n al Testing. \u00a1Potencia tu carrera hoy!","robots":{"index":"index","follow":"follow","max-snippet":"max-snippet:-1","max-image-preview":"max-image-preview:large","max-video-preview":"max-video-preview:-1"},"canonical":"https:\/\/nadiacavalleri.com.ar\/en\/courses\/introduccion-al-testing-de-software\/","og_locale":"en_US","og_type":"article","og_title":"Introducci\u00f3n al testing de software -","og_description":"Descubr\u00ed el curso ideal para empezar en testing y convertirte en un tester de software exitoso: Introducci\u00f3n al Testing. \u00a1Potencia tu carrera hoy!","og_url":"https:\/\/nadiacavalleri.com.ar\/en\/courses\/introduccion-al-testing-de-software\/","article_publisher":"https:\/\/www.facebook.com\/nadia.cavalleri","article_modified_time":"2026-04-06T13:07:48+00:00","og_image":[{"width":1080,"height":1080,"url":"https:\/\/nadiacavalleri.com.ar\/wp-content\/uploads\/2024\/02\/Producto-Curso-Intro-al-testing.png","type":"image\/png"}],"twitter_card":"summary_large_image","twitter_site":"@nadiacavalleri","twitter_misc":{"Est. reading time":"2 minutes"},"schema":{"@context":"https:\/\/schema.org","@graph":[{"@type":"WebPage","@id":"https:\/\/nadiacavalleri.com.ar\/producto\/introduccion-al-testing-de-software\/","url":"https:\/\/nadiacavalleri.com.ar\/courses\/introduccion-al-testing-de-software\/","name":"Introducci\u00f3n al testing de software -","isPartOf":{"@id":"https:\/\/nadiacavalleri.com.ar\/#website"},"primaryImageOfPage":{"@id":"https:\/\/nadiacavalleri.com.ar\/courses\/introduccion-al-testing-de-software\/#primaryimage"},"image":{"@id":"https:\/\/nadiacavalleri.com.ar\/courses\/introduccion-al-testing-de-software\/#primaryimage"},"thumbnailUrl":"https:\/\/nadiacavalleri.com.ar\/wp-content\/uploads\/2024\/02\/Producto-Curso-Intro-al-testing.png","datePublished":"2024-02-04T16:09:33+00:00","dateModified":"2026-04-06T13:07:48+00:00","description":"Descubr\u00ed el curso ideal para empezar en testing y convertirte en un tester de software exitoso: Introducci\u00f3n al Testing. \u00a1Potencia tu carrera hoy!","breadcrumb":{"@id":"https:\/\/nadiacavalleri.com.ar\/courses\/introduccion-al-testing-de-software\/#breadcrumb"},"inLanguage":"en-US","potentialAction":[{"@type":"ReadAction","target":["https:\/\/nadiacavalleri.com.ar\/courses\/introduccion-al-testing-de-software\/"]}]},{"@type":"ImageObject","inLanguage":"en-US","@id":"https:\/\/nadiacavalleri.com.ar\/courses\/introduccion-al-testing-de-software\/#primaryimage","url":"https:\/\/nadiacavalleri.com.ar\/wp-content\/uploads\/2024\/02\/Producto-Curso-Intro-al-testing.png","contentUrl":"https:\/\/nadiacavalleri.com.ar\/wp-content\/uploads\/2024\/02\/Producto-Curso-Intro-al-testing.png","width":1080,"height":1080,"caption":"Introducci\u00f3n al Testing"},{"@type":"BreadcrumbList","@id":"https:\/\/nadiacavalleri.com.ar\/courses\/introduccion-al-testing-de-software\/#breadcrumb","itemListElement":[{"@type":"ListItem","position":1,"name":"Portada","item":"https:\/\/nadiacavalleri.com.ar\/"},{"@type":"ListItem","position":2,"name":"Tienda","item":"https:\/\/nadiacavalleri.com.ar\/tienda\/"},{"@type":"ListItem","position":3,"name":"Introducci\u00f3n al testing de software"}]},{"@type":"WebSite","@id":"https:\/\/nadiacavalleri.com.ar\/#website","url":"https:\/\/nadiacavalleri.com.ar\/","name":"Nadia Cavalleri","description":"","publisher":{"@id":"https:\/\/nadiacavalleri.com.ar\/#organization"},"potentialAction":[{"@type":"SearchAction","target":{"@type":"EntryPoint","urlTemplate":"https:\/\/nadiacavalleri.com.ar\/?s={search_term_string}"},"query-input":{"@type":"PropertyValueSpecification","valueRequired":true,"valueName":"search_term_string"}}],"inLanguage":"en-US"},{"@type":"Organization","@id":"https:\/\/nadiacavalleri.com.ar\/#organization","name":"Nadia Cavalleri","url":"https:\/\/nadiacavalleri.com.ar\/","logo":{"@type":"ImageObject","inLanguage":"en-US","@id":"https:\/\/nadiacavalleri.com.ar\/#\/schema\/logo\/image\/","url":"https:\/\/nadiacavalleri.com.ar\/wp-content\/uploads\/2018\/08\/cropped-Favicon-1.png","contentUrl":"https:\/\/nadiacavalleri.com.ar\/wp-content\/uploads\/2018\/08\/cropped-Favicon-1.png","width":512,"height":512,"caption":"Nadia Cavalleri"},"image":{"@id":"https:\/\/nadiacavalleri.com.ar\/#\/schema\/logo\/image\/"},"sameAs":["https:\/\/www.facebook.com\/nadia.cavalleri","https:\/\/x.com\/nadiacavalleri","https:\/\/www.instagram.com\/nadia.cavalleri\/","https:\/\/www.youtube.com\/c\/NadiaSoledadCavalleri"]}]}},"_links":{"self":[{"href":"https:\/\/nadiacavalleri.com.ar\/en\/wp-json\/wp\/v2\/product\/4941","targetHints":{"allow":["GET"]}}],"collection":[{"href":"https:\/\/nadiacavalleri.com.ar\/en\/wp-json\/wp\/v2\/product"}],"about":[{"href":"https:\/\/nadiacavalleri.com.ar\/en\/wp-json\/wp\/v2\/types\/product"}],"replies":[{"embeddable":true,"href":"https:\/\/nadiacavalleri.com.ar\/en\/wp-json\/wp\/v2\/comments?post=4941"}],"version-history":[{"count":12,"href":"https:\/\/nadiacavalleri.com.ar\/en\/wp-json\/wp\/v2\/product\/4941\/revisions"}],"predecessor-version":[{"id":9357,"href":"https:\/\/nadiacavalleri.com.ar\/en\/wp-json\/wp\/v2\/product\/4941\/revisions\/9357"}],"wp:featuredmedia":[{"embeddable":true,"href":"https:\/\/nadiacavalleri.com.ar\/en\/wp-json\/wp\/v2\/media\/5347"}],"wp:attachment":[{"href":"https:\/\/nadiacavalleri.com.ar\/en\/wp-json\/wp\/v2\/media?parent=4941"}],"wp:term":[{"taxonomy":"product_brand","embeddable":true,"href":"https:\/\/nadiacavalleri.com.ar\/en\/wp-json\/wp\/v2\/product_brand?post=4941"},{"taxonomy":"product_cat","embeddable":true,"href":"https:\/\/nadiacavalleri.com.ar\/en\/wp-json\/wp\/v2\/product_cat?post=4941"},{"taxonomy":"product_tag","embeddable":true,"href":"https:\/\/nadiacavalleri.com.ar\/en\/wp-json\/wp\/v2\/product_tag?post=4941"}],"curies":[{"name":"wp","href":"https:\/\/api.w.org\/{rel}","templated":true}]}}