{"id":5606,"date":"2024-03-08T12:50:43","date_gmt":"2024-03-08T15:50:43","guid":{"rendered":"http:\/\/nadiacavalleri.com.ar\/?post_type=product&#038;p=5606"},"modified":"2026-03-31T18:09:04","modified_gmt":"2026-03-31T21:09:04","slug":"gestion-eficiente-de-pruebas-con-xray","status":"publish","type":"product","link":"https:\/\/nadiacavalleri.com.ar\/en\/product\/gestion-eficiente-de-pruebas-con-xray\/","title":{"rendered":"Efficient test management with Xray."},"content":{"rendered":"<div data-elementor-type=\"wp-post\" data-elementor-id=\"5606\" class=\"elementor elementor-5606\">\n\t\t\t\t\t\t<section class=\"elementor-section elementor-top-section elementor-element elementor-element-5a568c9c elementor-section-boxed elementor-section-height-default elementor-section-height-default\" data-id=\"5a568c9c\" data-element_type=\"section\" data-e-type=\"section\">\n\t\t\t\t\t\t<div class=\"elementor-container elementor-column-gap-default\">\n\t\t\t\t\t<div class=\"elementor-column elementor-col-100 elementor-top-column elementor-element elementor-element-25dc030\" data-id=\"25dc030\" data-element_type=\"column\" data-e-type=\"column\">\n\t\t\t<div class=\"elementor-widget-wrap elementor-element-populated\">\n\t\t\t\t\t\t<div class=\"elementor-element elementor-element-4d118450 elementor-widget elementor-widget-text-editor\" data-id=\"4d118450\" data-element_type=\"widget\" data-e-type=\"widget\" data-widget_type=\"text-editor.default\">\n\t\t\t\t<div class=\"elementor-widget-container\">\n\t\t\t\t\t\t\t\t\t<p data-pm-slice=\"0 0 []\">La gesti\u00f3n de pruebas debe ser eficiente. \u00bfY qu\u00e9 mejor que aprovechar al m\u00e1ximo todas las funcionalidades de Xray para optimizarlas?<\/p><p><strong>Este curso es imprescindible, tanto para aquellos que ya utilizan la herramienta y desean sacarle el m\u00e1ximo provecho, como para aquellos que no la conocen, ya que cada d\u00eda es m\u00e1s solicitada en los puestos de trabajo.<\/strong><\/p><p>Iniciaremos un recorrido desde cero, explorando los fundamentos esenciales de Xray y Jira, y luego nos adentraremos en temas m\u00e1s complejos. Y para que todo esto no quede en abstracto, <strong>utilizaremos un caso de estudio<\/strong> sobre el cual implementaremos todas las funcionalidades como si estuvi\u00e9ramos en un proyecto real. De esta forma, <strong>cada lecci\u00f3n ser\u00e1 una experiencia pr\u00e1ctica<\/strong>, utilizando Xray en tiempo real para una comprensi\u00f3n m\u00e1s profunda.<\/p><div><strong><span style=\"font-size: 15px; letter-spacing: 0.4px;\">Aunque Xray es una herramienta intuitiva, esconde muchas funcionalidades poderosas que no te podes quedar sin conocer. <\/span><\/strong>Al finalizar, no solo tendr\u00e1s una comprensi\u00f3n s\u00f3lida de la gesti\u00f3n de pruebas con Xray, sino que tambi\u00e9n <strong>estar\u00e1s listo para aplicar tus conocimientos de manera efectiva en tu entorno de trabajo<\/strong>.<\/div><div>\u00a0<\/div><p>No lo pienses m\u00e1s, \u00a1s\u00famate a este curso para transformar tu enfoque en la gesti\u00f3n de pruebas y aprender todo sobre<strong> Xray, una herramienta l\u00edder en el mercado<\/strong>!<\/p><p>\u00a1Nos vemos dentro!<\/p>\t\t\t\t\t\t\t\t<\/div>\n\t\t\t\t<\/div>\n\t\t\t\t\t<\/div>\n\t\t<\/div>\n\t\t\t\t\t<\/div>\n\t\t<\/section>\n\t\t\t\t<section class=\"elementor-section elementor-top-section elementor-element elementor-element-a1efe7d elementor-section-boxed elementor-section-height-default elementor-section-height-default\" data-id=\"a1efe7d\" data-element_type=\"section\" data-e-type=\"section\">\n\t\t\t\t\t\t<div class=\"elementor-container elementor-column-gap-default\">\n\t\t\t\t\t<div class=\"elementor-column elementor-col-100 elementor-top-column elementor-element elementor-element-543ba0e\" data-id=\"543ba0e\" data-element_type=\"column\" data-e-type=\"column\">\n\t\t\t<div class=\"elementor-widget-wrap elementor-element-populated\">\n\t\t\t\t\t\t<div class=\"elementor-element elementor-element-34085ab elementor-align-center elementor-widget elementor-widget-button\" data-id=\"34085ab\" data-element_type=\"widget\" data-e-type=\"widget\" data-widget_type=\"button.default\">\n\t\t\t\t<div class=\"elementor-widget-container\">\n\t\t\t\t\t\t\t\t\t<div class=\"elementor-button-wrapper\">\n\t\t\t\t\t<a class=\"elementor-button elementor-button-link elementor-size-sm\" href=\"http:\/\/nadiacavalleri.com.ar\/en\/courses\/gestion-eficient\u2026pruebas-con-xray\/\">\n\t\t\t\t\t\t<span class=\"elementor-button-content-wrapper\">\n\t\t\t\t\t\t\t\t\t<span class=\"elementor-button-text\">More information<\/span>\n\t\t\t\t\t<\/span>\n\t\t\t\t\t<\/a>\n\t\t\t\t<\/div>\n\t\t\t\t\t\t\t\t<\/div>\n\t\t\t\t<\/div>\n\t\t\t\t\t<\/div>\n\t\t<\/div>\n\t\t\t\t\t<\/div>\n\t\t<\/section>\n\t\t\t\t<\/div>","protected":false},"excerpt":{"rendered":"<p>La gesti\u00f3n de pruebas debe ser eficiente. \u00bfY qu\u00e9 mejor que aprovechar al m\u00e1ximo todas las funcionalidades de Xray para optimizarlas? Este curso es imprescindible, tanto para aquellos que ya utilizan la herramienta y desean sacarle el m\u00e1ximo provecho, como para aquellos que no la conocen, ya que cada d\u00eda es m\u00e1s solicitada en los [&hellip;]<\/p>\n","protected":false},"featured_media":5607,"comment_status":"closed","ping_status":"closed","template":"","meta":{"ocean_post_layout":"","ocean_both_sidebars_style":"","ocean_both_sidebars_content_width":0,"ocean_both_sidebars_sidebars_width":0,"ocean_sidebar":"0","ocean_second_sidebar":"0","ocean_disable_margins":"enable","ocean_add_body_class":"","ocean_shortcode_before_top_bar":"","ocean_shortcode_after_top_bar":"","ocean_shortcode_before_header":"","ocean_shortcode_after_header":"","ocean_has_shortcode":"","ocean_shortcode_after_title":"","ocean_shortcode_before_footer_widgets":"","ocean_shortcode_after_footer_widgets":"","ocean_shortcode_before_footer_bottom":"","ocean_shortcode_after_footer_bottom":"","ocean_display_top_bar":"default","ocean_display_header":"default","ocean_header_style":"","ocean_center_header_left_menu":"0","ocean_custom_header_template":"0","ocean_custom_logo":0,"ocean_custom_retina_logo":0,"ocean_custom_logo_max_width":0,"ocean_custom_logo_tablet_max_width":0,"ocean_custom_logo_mobile_max_width":0,"ocean_custom_logo_max_height":0,"ocean_custom_logo_tablet_max_height":0,"ocean_custom_logo_mobile_max_height":0,"ocean_header_custom_menu":"0","ocean_menu_typo_font_family":"0","ocean_menu_typo_font_subset":"","ocean_menu_typo_font_size":0,"ocean_menu_typo_font_size_tablet":0,"ocean_menu_typo_font_size_mobile":0,"ocean_menu_typo_font_size_unit":"px","ocean_menu_typo_font_weight":"","ocean_menu_typo_font_weight_tablet":"","ocean_menu_typo_font_weight_mobile":"","ocean_menu_typo_transform":"","ocean_menu_typo_transform_tablet":"","ocean_menu_typo_transform_mobile":"","ocean_menu_typo_line_height":0,"ocean_menu_typo_line_height_tablet":0,"ocean_menu_typo_line_height_mobile":0,"ocean_menu_typo_line_height_unit":"","ocean_menu_typo_spacing":0,"ocean_menu_typo_spacing_tablet":0,"ocean_menu_typo_spacing_mobile":0,"ocean_menu_typo_spacing_unit":"","ocean_menu_link_color":"","ocean_menu_link_color_hover":"","ocean_menu_link_color_active":"","ocean_menu_link_background":"","ocean_menu_link_hover_background":"","ocean_menu_link_active_background":"","ocean_menu_social_links_bg":"","ocean_menu_social_hover_links_bg":"","ocean_menu_social_links_color":"","ocean_menu_social_hover_links_color":"","ocean_disable_title":"default","ocean_disable_heading":"default","ocean_post_title":"","ocean_post_subheading":"","ocean_post_title_style":"","ocean_post_title_background_color":"","ocean_post_title_background":0,"ocean_post_title_bg_image_position":"","ocean_post_title_bg_image_attachment":"","ocean_post_title_bg_image_repeat":"","ocean_post_title_bg_image_size":"","ocean_post_title_height":0,"ocean_post_title_bg_overlay":0.5,"ocean_post_title_bg_overlay_color":"","ocean_disable_breadcrumbs":"default","ocean_breadcrumbs_color":"","ocean_breadcrumbs_separator_color":"","ocean_breadcrumbs_links_color":"","ocean_breadcrumbs_links_hover_color":"","ocean_display_footer_widgets":"default","ocean_display_footer_bottom":"default","ocean_custom_footer_template":"0"},"product_brand":[],"product_cat":[137],"product_tag":[154,145,146,147,148],"class_list":{"0":"post-5606","1":"product","2":"type-product","3":"status-publish","4":"has-post-thumbnail","6":"product_cat-cursos-testing","7":"product_tag-agilidad","8":"product_tag-gestion","9":"product_tag-herramientas","10":"product_tag-jira","11":"product_tag-xray","13":"entry","14":"has-media","16":"first","17":"instock","18":"sale","19":"virtual","20":"sold-individually","21":"purchasable","22":"product-type-simple","23":"has-product-nav","24":"col","25":"span_1_of_3","26":"owp-content-center","27":"owp-thumbs-layout-horizontal","28":"owp-btn-normal","29":"owp-tabs-layout-horizontal","30":"has-no-thumbnails"},"yoast_head":"<!-- This site is optimized with the Yoast SEO plugin v27.3 - https:\/\/yoast.com\/product\/yoast-seo-wordpress\/ -->\n<title>Gesti\u00f3n eficiente de pruebas con Xray -<\/title>\n<meta name=\"description\" content=\"Curso te\u00f3rico y pr\u00e1ctico para potenci\u00e1 Jira con Xray y hacer la gesti\u00f3n de las pruebas m\u00e1s eficientes. Optimiz\u00e1 tus pruebas.\" \/>\n<meta name=\"robots\" content=\"index, follow, max-snippet:-1, max-image-preview:large, max-video-preview:-1\" \/>\n<link rel=\"canonical\" href=\"https:\/\/nadiacavalleri.com.ar\/en\/product\/gestion-eficiente-de-pruebas-con-xray\/\" \/>\n<meta property=\"og:locale\" content=\"en_US\" \/>\n<meta property=\"og:type\" content=\"article\" \/>\n<meta property=\"og:title\" content=\"Gesti\u00f3n eficiente de pruebas con Xray -\" \/>\n<meta property=\"og:description\" content=\"Curso te\u00f3rico y pr\u00e1ctico para potenci\u00e1 Jira con Xray y hacer la gesti\u00f3n de las pruebas m\u00e1s eficientes. Optimiz\u00e1 tus pruebas.\" \/>\n<meta property=\"og:url\" content=\"https:\/\/nadiacavalleri.com.ar\/en\/product\/gestion-eficiente-de-pruebas-con-xray\/\" \/>\n<meta property=\"article:publisher\" content=\"https:\/\/www.facebook.com\/nadia.cavalleri\" \/>\n<meta property=\"article:modified_time\" content=\"2026-03-31T21:09:04+00:00\" \/>\n<meta property=\"og:image\" content=\"https:\/\/nadiacavalleri.com.ar\/wp-content\/uploads\/2024\/03\/Producto-Curso-Gestion-eficiente-de-pruebas-con-Xray.png\" \/>\n\t<meta property=\"og:image:width\" content=\"1080\" \/>\n\t<meta property=\"og:image:height\" content=\"1080\" \/>\n\t<meta property=\"og:image:type\" content=\"image\/png\" \/>\n<meta name=\"twitter:card\" content=\"summary_large_image\" \/>\n<meta name=\"twitter:site\" content=\"@nadiacavalleri\" \/>\n<meta name=\"twitter:label1\" content=\"Est. reading time\" \/>\n\t<meta name=\"twitter:data1\" content=\"2 minutes\" \/>\n<script type=\"application\/ld+json\" class=\"yoast-schema-graph\">{\"@context\":\"https:\\\/\\\/schema.org\",\"@graph\":[{\"@type\":\"WebPage\",\"@id\":\"https:\\\/\\\/nadiacavalleri.com.ar\\\/producto\\\/gestion-eficiente-de-pruebas-con-xray\\\/\",\"url\":\"https:\\\/\\\/nadiacavalleri.com.ar\\\/producto\\\/gestion-eficiente-de-pruebas-con-xray\\\/\",\"name\":\"Gesti\u00f3n eficiente de pruebas con Xray -\",\"isPartOf\":{\"@id\":\"https:\\\/\\\/nadiacavalleri.com.ar\\\/#website\"},\"primaryImageOfPage\":{\"@id\":\"https:\\\/\\\/nadiacavalleri.com.ar\\\/producto\\\/gestion-eficiente-de-pruebas-con-xray\\\/#primaryimage\"},\"image\":{\"@id\":\"https:\\\/\\\/nadiacavalleri.com.ar\\\/producto\\\/gestion-eficiente-de-pruebas-con-xray\\\/#primaryimage\"},\"thumbnailUrl\":\"https:\\\/\\\/nadiacavalleri.com.ar\\\/wp-content\\\/uploads\\\/2024\\\/03\\\/Producto-Curso-Gestion-eficiente-de-pruebas-con-Xray.png\",\"datePublished\":\"2024-03-08T15:50:43+00:00\",\"dateModified\":\"2026-03-31T21:09:04+00:00\",\"description\":\"Curso te\u00f3rico y pr\u00e1ctico para potenci\u00e1 Jira con Xray y hacer la gesti\u00f3n de las pruebas m\u00e1s eficientes. Optimiz\u00e1 tus pruebas.\",\"breadcrumb\":{\"@id\":\"https:\\\/\\\/nadiacavalleri.com.ar\\\/producto\\\/gestion-eficiente-de-pruebas-con-xray\\\/#breadcrumb\"},\"inLanguage\":\"en-US\",\"potentialAction\":[{\"@type\":\"ReadAction\",\"target\":[\"https:\\\/\\\/nadiacavalleri.com.ar\\\/producto\\\/gestion-eficiente-de-pruebas-con-xray\\\/\"]}]},{\"@type\":\"ImageObject\",\"inLanguage\":\"en-US\",\"@id\":\"https:\\\/\\\/nadiacavalleri.com.ar\\\/producto\\\/gestion-eficiente-de-pruebas-con-xray\\\/#primaryimage\",\"url\":\"https:\\\/\\\/nadiacavalleri.com.ar\\\/wp-content\\\/uploads\\\/2024\\\/03\\\/Producto-Curso-Gestion-eficiente-de-pruebas-con-Xray.png\",\"contentUrl\":\"https:\\\/\\\/nadiacavalleri.com.ar\\\/wp-content\\\/uploads\\\/2024\\\/03\\\/Producto-Curso-Gestion-eficiente-de-pruebas-con-Xray.png\",\"width\":1080,\"height\":1080,\"caption\":\"Herramientas de testing\"},{\"@type\":\"BreadcrumbList\",\"@id\":\"https:\\\/\\\/nadiacavalleri.com.ar\\\/producto\\\/gestion-eficiente-de-pruebas-con-xray\\\/#breadcrumb\",\"itemListElement\":[{\"@type\":\"ListItem\",\"position\":1,\"name\":\"Portada\",\"item\":\"https:\\\/\\\/nadiacavalleri.com.ar\\\/\"},{\"@type\":\"ListItem\",\"position\":2,\"name\":\"Tienda\",\"item\":\"https:\\\/\\\/nadiacavalleri.com.ar\\\/tienda\\\/\"},{\"@type\":\"ListItem\",\"position\":3,\"name\":\"Gesti\u00f3n eficiente de pruebas con Xray\"}]},{\"@type\":\"WebSite\",\"@id\":\"https:\\\/\\\/nadiacavalleri.com.ar\\\/#website\",\"url\":\"https:\\\/\\\/nadiacavalleri.com.ar\\\/\",\"name\":\"Nadia Cavalleri\",\"description\":\"\",\"publisher\":{\"@id\":\"https:\\\/\\\/nadiacavalleri.com.ar\\\/#organization\"},\"potentialAction\":[{\"@type\":\"SearchAction\",\"target\":{\"@type\":\"EntryPoint\",\"urlTemplate\":\"https:\\\/\\\/nadiacavalleri.com.ar\\\/?s={search_term_string}\"},\"query-input\":{\"@type\":\"PropertyValueSpecification\",\"valueRequired\":true,\"valueName\":\"search_term_string\"}}],\"inLanguage\":\"en-US\"},{\"@type\":\"Organization\",\"@id\":\"https:\\\/\\\/nadiacavalleri.com.ar\\\/#organization\",\"name\":\"Nadia Cavalleri\",\"url\":\"https:\\\/\\\/nadiacavalleri.com.ar\\\/\",\"logo\":{\"@type\":\"ImageObject\",\"inLanguage\":\"en-US\",\"@id\":\"https:\\\/\\\/nadiacavalleri.com.ar\\\/#\\\/schema\\\/logo\\\/image\\\/\",\"url\":\"https:\\\/\\\/nadiacavalleri.com.ar\\\/wp-content\\\/uploads\\\/2018\\\/08\\\/cropped-Favicon-1.png\",\"contentUrl\":\"https:\\\/\\\/nadiacavalleri.com.ar\\\/wp-content\\\/uploads\\\/2018\\\/08\\\/cropped-Favicon-1.png\",\"width\":512,\"height\":512,\"caption\":\"Nadia Cavalleri\"},\"image\":{\"@id\":\"https:\\\/\\\/nadiacavalleri.com.ar\\\/#\\\/schema\\\/logo\\\/image\\\/\"},\"sameAs\":[\"https:\\\/\\\/www.facebook.com\\\/nadia.cavalleri\",\"https:\\\/\\\/x.com\\\/nadiacavalleri\",\"https:\\\/\\\/www.instagram.com\\\/nadia.cavalleri\\\/\",\"https:\\\/\\\/www.youtube.com\\\/c\\\/NadiaSoledadCavalleri\"]}]}<\/script>\n<!-- \/ Yoast SEO plugin. -->","yoast_head_json":{"title":"Gesti\u00f3n eficiente de pruebas con Xray -","description":"Curso te\u00f3rico y pr\u00e1ctico para potenci\u00e1 Jira con Xray y hacer la gesti\u00f3n de las pruebas m\u00e1s eficientes. Optimiz\u00e1 tus pruebas.","robots":{"index":"index","follow":"follow","max-snippet":"max-snippet:-1","max-image-preview":"max-image-preview:large","max-video-preview":"max-video-preview:-1"},"canonical":"https:\/\/nadiacavalleri.com.ar\/en\/product\/gestion-eficiente-de-pruebas-con-xray\/","og_locale":"en_US","og_type":"article","og_title":"Gesti\u00f3n eficiente de pruebas con Xray -","og_description":"Curso te\u00f3rico y pr\u00e1ctico para potenci\u00e1 Jira con Xray y hacer la gesti\u00f3n de las pruebas m\u00e1s eficientes. Optimiz\u00e1 tus pruebas.","og_url":"https:\/\/nadiacavalleri.com.ar\/en\/product\/gestion-eficiente-de-pruebas-con-xray\/","article_publisher":"https:\/\/www.facebook.com\/nadia.cavalleri","article_modified_time":"2026-03-31T21:09:04+00:00","og_image":[{"width":1080,"height":1080,"url":"https:\/\/nadiacavalleri.com.ar\/wp-content\/uploads\/2024\/03\/Producto-Curso-Gestion-eficiente-de-pruebas-con-Xray.png","type":"image\/png"}],"twitter_card":"summary_large_image","twitter_site":"@nadiacavalleri","twitter_misc":{"Est. reading time":"2 minutes"},"schema":{"@context":"https:\/\/schema.org","@graph":[{"@type":"WebPage","@id":"https:\/\/nadiacavalleri.com.ar\/producto\/gestion-eficiente-de-pruebas-con-xray\/","url":"https:\/\/nadiacavalleri.com.ar\/producto\/gestion-eficiente-de-pruebas-con-xray\/","name":"Gesti\u00f3n eficiente de pruebas con Xray -","isPartOf":{"@id":"https:\/\/nadiacavalleri.com.ar\/#website"},"primaryImageOfPage":{"@id":"https:\/\/nadiacavalleri.com.ar\/producto\/gestion-eficiente-de-pruebas-con-xray\/#primaryimage"},"image":{"@id":"https:\/\/nadiacavalleri.com.ar\/producto\/gestion-eficiente-de-pruebas-con-xray\/#primaryimage"},"thumbnailUrl":"https:\/\/nadiacavalleri.com.ar\/wp-content\/uploads\/2024\/03\/Producto-Curso-Gestion-eficiente-de-pruebas-con-Xray.png","datePublished":"2024-03-08T15:50:43+00:00","dateModified":"2026-03-31T21:09:04+00:00","description":"Curso te\u00f3rico y pr\u00e1ctico para potenci\u00e1 Jira con Xray y hacer la gesti\u00f3n de las pruebas m\u00e1s eficientes. Optimiz\u00e1 tus pruebas.","breadcrumb":{"@id":"https:\/\/nadiacavalleri.com.ar\/producto\/gestion-eficiente-de-pruebas-con-xray\/#breadcrumb"},"inLanguage":"en-US","potentialAction":[{"@type":"ReadAction","target":["https:\/\/nadiacavalleri.com.ar\/producto\/gestion-eficiente-de-pruebas-con-xray\/"]}]},{"@type":"ImageObject","inLanguage":"en-US","@id":"https:\/\/nadiacavalleri.com.ar\/producto\/gestion-eficiente-de-pruebas-con-xray\/#primaryimage","url":"https:\/\/nadiacavalleri.com.ar\/wp-content\/uploads\/2024\/03\/Producto-Curso-Gestion-eficiente-de-pruebas-con-Xray.png","contentUrl":"https:\/\/nadiacavalleri.com.ar\/wp-content\/uploads\/2024\/03\/Producto-Curso-Gestion-eficiente-de-pruebas-con-Xray.png","width":1080,"height":1080,"caption":"Herramientas de testing"},{"@type":"BreadcrumbList","@id":"https:\/\/nadiacavalleri.com.ar\/producto\/gestion-eficiente-de-pruebas-con-xray\/#breadcrumb","itemListElement":[{"@type":"ListItem","position":1,"name":"Portada","item":"https:\/\/nadiacavalleri.com.ar\/"},{"@type":"ListItem","position":2,"name":"Tienda","item":"https:\/\/nadiacavalleri.com.ar\/tienda\/"},{"@type":"ListItem","position":3,"name":"Gesti\u00f3n eficiente de pruebas con Xray"}]},{"@type":"WebSite","@id":"https:\/\/nadiacavalleri.com.ar\/#website","url":"https:\/\/nadiacavalleri.com.ar\/","name":"Nadia Cavalleri","description":"","publisher":{"@id":"https:\/\/nadiacavalleri.com.ar\/#organization"},"potentialAction":[{"@type":"SearchAction","target":{"@type":"EntryPoint","urlTemplate":"https:\/\/nadiacavalleri.com.ar\/?s={search_term_string}"},"query-input":{"@type":"PropertyValueSpecification","valueRequired":true,"valueName":"search_term_string"}}],"inLanguage":"en-US"},{"@type":"Organization","@id":"https:\/\/nadiacavalleri.com.ar\/#organization","name":"Nadia Cavalleri","url":"https:\/\/nadiacavalleri.com.ar\/","logo":{"@type":"ImageObject","inLanguage":"en-US","@id":"https:\/\/nadiacavalleri.com.ar\/#\/schema\/logo\/image\/","url":"https:\/\/nadiacavalleri.com.ar\/wp-content\/uploads\/2018\/08\/cropped-Favicon-1.png","contentUrl":"https:\/\/nadiacavalleri.com.ar\/wp-content\/uploads\/2018\/08\/cropped-Favicon-1.png","width":512,"height":512,"caption":"Nadia Cavalleri"},"image":{"@id":"https:\/\/nadiacavalleri.com.ar\/#\/schema\/logo\/image\/"},"sameAs":["https:\/\/www.facebook.com\/nadia.cavalleri","https:\/\/x.com\/nadiacavalleri","https:\/\/www.instagram.com\/nadia.cavalleri\/","https:\/\/www.youtube.com\/c\/NadiaSoledadCavalleri"]}]}},"_links":{"self":[{"href":"https:\/\/nadiacavalleri.com.ar\/en\/wp-json\/wp\/v2\/product\/5606","targetHints":{"allow":["GET"]}}],"collection":[{"href":"https:\/\/nadiacavalleri.com.ar\/en\/wp-json\/wp\/v2\/product"}],"about":[{"href":"https:\/\/nadiacavalleri.com.ar\/en\/wp-json\/wp\/v2\/types\/product"}],"replies":[{"embeddable":true,"href":"https:\/\/nadiacavalleri.com.ar\/en\/wp-json\/wp\/v2\/comments?post=5606"}],"version-history":[{"count":9,"href":"https:\/\/nadiacavalleri.com.ar\/en\/wp-json\/wp\/v2\/product\/5606\/revisions"}],"predecessor-version":[{"id":5677,"href":"https:\/\/nadiacavalleri.com.ar\/en\/wp-json\/wp\/v2\/product\/5606\/revisions\/5677"}],"wp:featuredmedia":[{"embeddable":true,"href":"https:\/\/nadiacavalleri.com.ar\/en\/wp-json\/wp\/v2\/media\/5607"}],"wp:attachment":[{"href":"https:\/\/nadiacavalleri.com.ar\/en\/wp-json\/wp\/v2\/media?parent=5606"}],"wp:term":[{"taxonomy":"product_brand","embeddable":true,"href":"https:\/\/nadiacavalleri.com.ar\/en\/wp-json\/wp\/v2\/product_brand?post=5606"},{"taxonomy":"product_cat","embeddable":true,"href":"https:\/\/nadiacavalleri.com.ar\/en\/wp-json\/wp\/v2\/product_cat?post=5606"},{"taxonomy":"product_tag","embeddable":true,"href":"https:\/\/nadiacavalleri.com.ar\/en\/wp-json\/wp\/v2\/product_tag?post=5606"}],"curies":[{"name":"wp","href":"https:\/\/api.w.org\/{rel}","templated":true}]}}