{"id":5898,"date":"2024-03-10T13:39:10","date_gmt":"2024-03-10T16:39:10","guid":{"rendered":"http:\/\/nadiacavalleri.com.ar\/?post_type=product&#038;p=5898"},"modified":"2026-03-31T17:49:57","modified_gmt":"2026-03-31T20:49:57","slug":"transforma-tu-cv-para-conseguir-trabajo-en-it","status":"publish","type":"product","link":"https:\/\/nadiacavalleri.com.ar\/en\/product\/transforma-tu-cv-para-conseguir-trabajo-en-it\/","title":{"rendered":"Transform your CV to land a job in IT."},"content":{"rendered":"<div data-elementor-type=\"wp-post\" data-elementor-id=\"5898\" class=\"elementor elementor-5898\">\n\t\t\t\t\t\t<section class=\"elementor-section elementor-top-section elementor-element elementor-element-23e4f8c0 elementor-section-boxed elementor-section-height-default elementor-section-height-default\" data-id=\"23e4f8c0\" data-element_type=\"section\" data-e-type=\"section\">\n\t\t\t\t\t\t<div class=\"elementor-container elementor-column-gap-default\">\n\t\t\t\t\t<div class=\"elementor-column elementor-col-100 elementor-top-column elementor-element elementor-element-2fbead54\" data-id=\"2fbead54\" data-element_type=\"column\" data-e-type=\"column\">\n\t\t\t<div class=\"elementor-widget-wrap elementor-element-populated\">\n\t\t\t\t\t\t<div class=\"elementor-element elementor-element-4e3ec0e3 elementor-widget elementor-widget-text-editor\" data-id=\"4e3ec0e3\" data-element_type=\"widget\" data-e-type=\"widget\" data-widget_type=\"text-editor.default\">\n\t\t\t\t<div class=\"elementor-widget-container\">\n\t\t\t\t\t\t\t\t\t<p data-pm-slice=\"0 0 []\">Son muchos los profesionales que quieren conseguir sus primeras experiencias laborales en IT\u00a0o cambiar sus puestos actuales y, a pesar de que se postulan permanentemente en las b\u00fasquedas, no consiguen ser convocados para tener entrevistas laborales.<\/p><p>Cuando en las <a href=\"http:\/\/nadiacavalleri.com.ar\/en\/product\/desarrollo-profesional\/\">professional development sessions<\/a> analizamos el CV nos damos cuenta que falta informaci\u00f3n, que lo importante no est\u00e1 debidamente resaltado y que no est\u00e1n aprovechando la experiencia previa de otras disciplinas para convencer a los reclutadores de que son aptos para el puesto, entre otras cosas&#8230;<\/p><p>Cre\u00e9 este curso no solamente para que hablemos de qu\u00e9 es un CV\u00a0(que eso seguramente ya lo sabes) sino para que adem\u00e1s puedas tener herramientas adicionales para armar un CV\u00a0eficaz y que vaya acompa\u00f1ado de otros elementos que lo enriquezcan como una carta de presentaci\u00f3n, un buen dise\u00f1o, un porfolio o un video curriculum.<\/p><p>En este curso veremos ejemplos reales de todo lo mencionado. Adem\u00e1s te desaf\u00edo a crear tu propia carta, cv, porfolio y video curriculum. <strong>El objetivo es que puedas aplicar todo lo aprendido para convencer a los recruiters de que sos la persona que est\u00e1n buscando para ocupar ese puesto y as\u00ed puedas alcanzar esa oportunidad laboral tan deseada.<\/strong><\/p>\t\t\t\t\t\t\t\t<\/div>\n\t\t\t\t<\/div>\n\t\t\t\t\t<\/div>\n\t\t<\/div>\n\t\t\t\t\t<\/div>\n\t\t<\/section>\n\t\t\t\t<\/div>","protected":false},"excerpt":{"rendered":"<p>Son muchos los profesionales que quieren conseguir sus primeras experiencias laborales en IT\u00a0o cambiar sus puestos actuales y, a pesar de que se postulan permanentemente en las b\u00fasquedas, no consiguen ser convocados para tener entrevistas laborales. Cuando en las sesiones de desarrollo profesional analizamos el CV nos damos cuenta que falta informaci\u00f3n, que lo importante [&hellip;]<\/p>\n","protected":false},"featured_media":5914,"comment_status":"closed","ping_status":"closed","template":"","meta":{"ocean_post_layout":"","ocean_both_sidebars_style":"","ocean_both_sidebars_content_width":0,"ocean_both_sidebars_sidebars_width":0,"ocean_sidebar":"0","ocean_second_sidebar":"0","ocean_disable_margins":"enable","ocean_add_body_class":"","ocean_shortcode_before_top_bar":"","ocean_shortcode_after_top_bar":"","ocean_shortcode_before_header":"","ocean_shortcode_after_header":"","ocean_has_shortcode":"","ocean_shortcode_after_title":"","ocean_shortcode_before_footer_widgets":"","ocean_shortcode_after_footer_widgets":"","ocean_shortcode_before_footer_bottom":"","ocean_shortcode_after_footer_bottom":"","ocean_display_top_bar":"default","ocean_display_header":"default","ocean_header_style":"","ocean_center_header_left_menu":"0","ocean_custom_header_template":"0","ocean_custom_logo":0,"ocean_custom_retina_logo":0,"ocean_custom_logo_max_width":0,"ocean_custom_logo_tablet_max_width":0,"ocean_custom_logo_mobile_max_width":0,"ocean_custom_logo_max_height":0,"ocean_custom_logo_tablet_max_height":0,"ocean_custom_logo_mobile_max_height":0,"ocean_header_custom_menu":"0","ocean_menu_typo_font_family":"0","ocean_menu_typo_font_subset":"","ocean_menu_typo_font_size":0,"ocean_menu_typo_font_size_tablet":0,"ocean_menu_typo_font_size_mobile":0,"ocean_menu_typo_font_size_unit":"px","ocean_menu_typo_font_weight":"","ocean_menu_typo_font_weight_tablet":"","ocean_menu_typo_font_weight_mobile":"","ocean_menu_typo_transform":"","ocean_menu_typo_transform_tablet":"","ocean_menu_typo_transform_mobile":"","ocean_menu_typo_line_height":0,"ocean_menu_typo_line_height_tablet":0,"ocean_menu_typo_line_height_mobile":0,"ocean_menu_typo_line_height_unit":"","ocean_menu_typo_spacing":0,"ocean_menu_typo_spacing_tablet":0,"ocean_menu_typo_spacing_mobile":0,"ocean_menu_typo_spacing_unit":"","ocean_menu_link_color":"","ocean_menu_link_color_hover":"","ocean_menu_link_color_active":"","ocean_menu_link_background":"","ocean_menu_link_hover_background":"","ocean_menu_link_active_background":"","ocean_menu_social_links_bg":"","ocean_menu_social_hover_links_bg":"","ocean_menu_social_links_color":"","ocean_menu_social_hover_links_color":"","ocean_disable_title":"default","ocean_disable_heading":"default","ocean_post_title":"","ocean_post_subheading":"","ocean_post_title_style":"","ocean_post_title_background_color":"","ocean_post_title_background":0,"ocean_post_title_bg_image_position":"","ocean_post_title_bg_image_attachment":"","ocean_post_title_bg_image_repeat":"","ocean_post_title_bg_image_size":"","ocean_post_title_height":0,"ocean_post_title_bg_overlay":0.5,"ocean_post_title_bg_overlay_color":"","ocean_disable_breadcrumbs":"default","ocean_breadcrumbs_color":"","ocean_breadcrumbs_separator_color":"","ocean_breadcrumbs_links_color":"","ocean_breadcrumbs_links_hover_color":"","ocean_display_footer_widgets":"default","ocean_display_footer_bottom":"default","ocean_custom_footer_template":"0"},"product_brand":[],"product_cat":[198,137],"product_tag":[152,132],"class_list":{"0":"post-5898","1":"product","2":"type-product","3":"status-publish","4":"has-post-thumbnail","6":"product_cat-coaching-para-desarrollo-profesional","7":"product_cat-cursos-testing","8":"product_tag-laboral","9":"product_tag-tester","11":"entry","12":"has-media","14":"first","15":"instock","16":"sale","17":"virtual","18":"sold-individually","19":"purchasable","20":"product-type-simple","21":"has-product-nav","22":"col","23":"span_1_of_3","24":"owp-content-center","25":"owp-thumbs-layout-horizontal","26":"owp-btn-normal","27":"owp-tabs-layout-horizontal","28":"has-no-thumbnails"},"yoast_head":"<!-- This site is optimized with the Yoast SEO plugin v27.4 - https:\/\/yoast.com\/product\/yoast-seo-wordpress\/ -->\n<title>Transform\u00e1 tu CV para conseguir trabajo en IT -<\/title>\n<meta name=\"description\" content=\"Con este curso vas a mejorar tu CV y tener un mont\u00f3n de tips para deslumbrar a los recruiters para que te convoquen a las entrevistas.\" \/>\n<meta name=\"robots\" content=\"index, follow, max-snippet:-1, max-image-preview:large, max-video-preview:-1\" \/>\n<link rel=\"canonical\" href=\"https:\/\/nadiacavalleri.com.ar\/en\/product\/transforma-tu-cv-para-conseguir-trabajo-en-it\/\" \/>\n<meta property=\"og:locale\" content=\"en_US\" \/>\n<meta property=\"og:type\" content=\"article\" \/>\n<meta property=\"og:title\" content=\"Transform\u00e1 tu CV para conseguir trabajo en IT -\" \/>\n<meta property=\"og:description\" content=\"Con este curso vas a mejorar tu CV y tener un mont\u00f3n de tips para deslumbrar a los recruiters para que te convoquen a las entrevistas.\" \/>\n<meta property=\"og:url\" content=\"https:\/\/nadiacavalleri.com.ar\/en\/product\/transforma-tu-cv-para-conseguir-trabajo-en-it\/\" \/>\n<meta property=\"article:publisher\" content=\"https:\/\/www.facebook.com\/nadia.cavalleri\" \/>\n<meta property=\"article:modified_time\" content=\"2026-03-31T20:49:57+00:00\" \/>\n<meta property=\"og:image\" content=\"https:\/\/nadiacavalleri.com.ar\/wp-content\/uploads\/2024\/03\/Producto-Curso-Transforma-tu-cv.png\" \/>\n\t<meta property=\"og:image:width\" content=\"1080\" \/>\n\t<meta property=\"og:image:height\" content=\"1080\" \/>\n\t<meta property=\"og:image:type\" content=\"image\/png\" \/>\n<meta name=\"twitter:card\" content=\"summary_large_image\" \/>\n<meta name=\"twitter:site\" content=\"@nadiacavalleri\" \/>\n<meta name=\"twitter:label1\" content=\"Est. reading time\" \/>\n\t<meta name=\"twitter:data1\" content=\"2 minutes\" \/>\n<script type=\"application\/ld+json\" class=\"yoast-schema-graph\">{\"@context\":\"https:\\\/\\\/schema.org\",\"@graph\":[{\"@type\":\"WebPage\",\"@id\":\"https:\\\/\\\/nadiacavalleri.com.ar\\\/producto\\\/transforma-tu-cv-para-conseguir-trabajo-en-it\\\/\",\"url\":\"https:\\\/\\\/nadiacavalleri.com.ar\\\/producto\\\/transforma-tu-cv-para-conseguir-trabajo-en-it\\\/\",\"name\":\"Transform\u00e1 tu CV para conseguir trabajo en IT -\",\"isPartOf\":{\"@id\":\"https:\\\/\\\/nadiacavalleri.com.ar\\\/#website\"},\"primaryImageOfPage\":{\"@id\":\"https:\\\/\\\/nadiacavalleri.com.ar\\\/producto\\\/transforma-tu-cv-para-conseguir-trabajo-en-it\\\/#primaryimage\"},\"image\":{\"@id\":\"https:\\\/\\\/nadiacavalleri.com.ar\\\/producto\\\/transforma-tu-cv-para-conseguir-trabajo-en-it\\\/#primaryimage\"},\"thumbnailUrl\":\"https:\\\/\\\/nadiacavalleri.com.ar\\\/wp-content\\\/uploads\\\/2024\\\/03\\\/Producto-Curso-Transforma-tu-cv.png\",\"datePublished\":\"2024-03-10T16:39:10+00:00\",\"dateModified\":\"2026-03-31T20:49:57+00:00\",\"description\":\"Con este curso vas a mejorar tu CV y tener un mont\u00f3n de tips para deslumbrar a los recruiters para que te convoquen a las entrevistas.\",\"breadcrumb\":{\"@id\":\"https:\\\/\\\/nadiacavalleri.com.ar\\\/producto\\\/transforma-tu-cv-para-conseguir-trabajo-en-it\\\/#breadcrumb\"},\"inLanguage\":\"en-US\",\"potentialAction\":[{\"@type\":\"ReadAction\",\"target\":[\"https:\\\/\\\/nadiacavalleri.com.ar\\\/producto\\\/transforma-tu-cv-para-conseguir-trabajo-en-it\\\/\"]}]},{\"@type\":\"ImageObject\",\"inLanguage\":\"en-US\",\"@id\":\"https:\\\/\\\/nadiacavalleri.com.ar\\\/producto\\\/transforma-tu-cv-para-conseguir-trabajo-en-it\\\/#primaryimage\",\"url\":\"https:\\\/\\\/nadiacavalleri.com.ar\\\/wp-content\\\/uploads\\\/2024\\\/03\\\/Producto-Curso-Transforma-tu-cv.png\",\"contentUrl\":\"https:\\\/\\\/nadiacavalleri.com.ar\\\/wp-content\\\/uploads\\\/2024\\\/03\\\/Producto-Curso-Transforma-tu-cv.png\",\"width\":1080,\"height\":1080,\"caption\":\"Transform\u00e1 tu cv para conseguir trabajo en IT\"},{\"@type\":\"BreadcrumbList\",\"@id\":\"https:\\\/\\\/nadiacavalleri.com.ar\\\/producto\\\/transforma-tu-cv-para-conseguir-trabajo-en-it\\\/#breadcrumb\",\"itemListElement\":[{\"@type\":\"ListItem\",\"position\":1,\"name\":\"Portada\",\"item\":\"https:\\\/\\\/nadiacavalleri.com.ar\\\/\"},{\"@type\":\"ListItem\",\"position\":2,\"name\":\"Tienda\",\"item\":\"https:\\\/\\\/nadiacavalleri.com.ar\\\/tienda\\\/\"},{\"@type\":\"ListItem\",\"position\":3,\"name\":\"Transform\u00e1 tu CV para conseguir trabajo en IT\"}]},{\"@type\":\"WebSite\",\"@id\":\"https:\\\/\\\/nadiacavalleri.com.ar\\\/#website\",\"url\":\"https:\\\/\\\/nadiacavalleri.com.ar\\\/\",\"name\":\"Nadia Cavalleri\",\"description\":\"\",\"publisher\":{\"@id\":\"https:\\\/\\\/nadiacavalleri.com.ar\\\/#organization\"},\"potentialAction\":[{\"@type\":\"SearchAction\",\"target\":{\"@type\":\"EntryPoint\",\"urlTemplate\":\"https:\\\/\\\/nadiacavalleri.com.ar\\\/?s={search_term_string}\"},\"query-input\":{\"@type\":\"PropertyValueSpecification\",\"valueRequired\":true,\"valueName\":\"search_term_string\"}}],\"inLanguage\":\"en-US\"},{\"@type\":\"Organization\",\"@id\":\"https:\\\/\\\/nadiacavalleri.com.ar\\\/#organization\",\"name\":\"Nadia Cavalleri\",\"url\":\"https:\\\/\\\/nadiacavalleri.com.ar\\\/\",\"logo\":{\"@type\":\"ImageObject\",\"inLanguage\":\"en-US\",\"@id\":\"https:\\\/\\\/nadiacavalleri.com.ar\\\/#\\\/schema\\\/logo\\\/image\\\/\",\"url\":\"https:\\\/\\\/nadiacavalleri.com.ar\\\/wp-content\\\/uploads\\\/2018\\\/08\\\/cropped-Favicon-1.png\",\"contentUrl\":\"https:\\\/\\\/nadiacavalleri.com.ar\\\/wp-content\\\/uploads\\\/2018\\\/08\\\/cropped-Favicon-1.png\",\"width\":512,\"height\":512,\"caption\":\"Nadia Cavalleri\"},\"image\":{\"@id\":\"https:\\\/\\\/nadiacavalleri.com.ar\\\/#\\\/schema\\\/logo\\\/image\\\/\"},\"sameAs\":[\"https:\\\/\\\/www.facebook.com\\\/nadia.cavalleri\",\"https:\\\/\\\/x.com\\\/nadiacavalleri\",\"https:\\\/\\\/www.instagram.com\\\/nadia.cavalleri\\\/\",\"https:\\\/\\\/www.youtube.com\\\/c\\\/NadiaSoledadCavalleri\"]}]}<\/script>\n<!-- \/ Yoast SEO plugin. -->","yoast_head_json":{"title":"Transform\u00e1 tu CV para conseguir trabajo en IT -","description":"Con este curso vas a mejorar tu CV y tener un mont\u00f3n de tips para deslumbrar a los recruiters para que te convoquen a las entrevistas.","robots":{"index":"index","follow":"follow","max-snippet":"max-snippet:-1","max-image-preview":"max-image-preview:large","max-video-preview":"max-video-preview:-1"},"canonical":"https:\/\/nadiacavalleri.com.ar\/en\/product\/transforma-tu-cv-para-conseguir-trabajo-en-it\/","og_locale":"en_US","og_type":"article","og_title":"Transform\u00e1 tu CV para conseguir trabajo en IT -","og_description":"Con este curso vas a mejorar tu CV y tener un mont\u00f3n de tips para deslumbrar a los recruiters para que te convoquen a las entrevistas.","og_url":"https:\/\/nadiacavalleri.com.ar\/en\/product\/transforma-tu-cv-para-conseguir-trabajo-en-it\/","article_publisher":"https:\/\/www.facebook.com\/nadia.cavalleri","article_modified_time":"2026-03-31T20:49:57+00:00","og_image":[{"width":1080,"height":1080,"url":"https:\/\/nadiacavalleri.com.ar\/wp-content\/uploads\/2024\/03\/Producto-Curso-Transforma-tu-cv.png","type":"image\/png"}],"twitter_card":"summary_large_image","twitter_site":"@nadiacavalleri","twitter_misc":{"Est. reading time":"2 minutes"},"schema":{"@context":"https:\/\/schema.org","@graph":[{"@type":"WebPage","@id":"https:\/\/nadiacavalleri.com.ar\/producto\/transforma-tu-cv-para-conseguir-trabajo-en-it\/","url":"https:\/\/nadiacavalleri.com.ar\/producto\/transforma-tu-cv-para-conseguir-trabajo-en-it\/","name":"Transform\u00e1 tu CV para conseguir trabajo en IT -","isPartOf":{"@id":"https:\/\/nadiacavalleri.com.ar\/#website"},"primaryImageOfPage":{"@id":"https:\/\/nadiacavalleri.com.ar\/producto\/transforma-tu-cv-para-conseguir-trabajo-en-it\/#primaryimage"},"image":{"@id":"https:\/\/nadiacavalleri.com.ar\/producto\/transforma-tu-cv-para-conseguir-trabajo-en-it\/#primaryimage"},"thumbnailUrl":"https:\/\/nadiacavalleri.com.ar\/wp-content\/uploads\/2024\/03\/Producto-Curso-Transforma-tu-cv.png","datePublished":"2024-03-10T16:39:10+00:00","dateModified":"2026-03-31T20:49:57+00:00","description":"Con este curso vas a mejorar tu CV y tener un mont\u00f3n de tips para deslumbrar a los recruiters para que te convoquen a las entrevistas.","breadcrumb":{"@id":"https:\/\/nadiacavalleri.com.ar\/producto\/transforma-tu-cv-para-conseguir-trabajo-en-it\/#breadcrumb"},"inLanguage":"en-US","potentialAction":[{"@type":"ReadAction","target":["https:\/\/nadiacavalleri.com.ar\/producto\/transforma-tu-cv-para-conseguir-trabajo-en-it\/"]}]},{"@type":"ImageObject","inLanguage":"en-US","@id":"https:\/\/nadiacavalleri.com.ar\/producto\/transforma-tu-cv-para-conseguir-trabajo-en-it\/#primaryimage","url":"https:\/\/nadiacavalleri.com.ar\/wp-content\/uploads\/2024\/03\/Producto-Curso-Transforma-tu-cv.png","contentUrl":"https:\/\/nadiacavalleri.com.ar\/wp-content\/uploads\/2024\/03\/Producto-Curso-Transforma-tu-cv.png","width":1080,"height":1080,"caption":"Transform\u00e1 tu cv para conseguir trabajo en IT"},{"@type":"BreadcrumbList","@id":"https:\/\/nadiacavalleri.com.ar\/producto\/transforma-tu-cv-para-conseguir-trabajo-en-it\/#breadcrumb","itemListElement":[{"@type":"ListItem","position":1,"name":"Portada","item":"https:\/\/nadiacavalleri.com.ar\/"},{"@type":"ListItem","position":2,"name":"Tienda","item":"https:\/\/nadiacavalleri.com.ar\/tienda\/"},{"@type":"ListItem","position":3,"name":"Transform\u00e1 tu CV para conseguir trabajo en IT"}]},{"@type":"WebSite","@id":"https:\/\/nadiacavalleri.com.ar\/#website","url":"https:\/\/nadiacavalleri.com.ar\/","name":"Nadia Cavalleri","description":"","publisher":{"@id":"https:\/\/nadiacavalleri.com.ar\/#organization"},"potentialAction":[{"@type":"SearchAction","target":{"@type":"EntryPoint","urlTemplate":"https:\/\/nadiacavalleri.com.ar\/?s={search_term_string}"},"query-input":{"@type":"PropertyValueSpecification","valueRequired":true,"valueName":"search_term_string"}}],"inLanguage":"en-US"},{"@type":"Organization","@id":"https:\/\/nadiacavalleri.com.ar\/#organization","name":"Nadia Cavalleri","url":"https:\/\/nadiacavalleri.com.ar\/","logo":{"@type":"ImageObject","inLanguage":"en-US","@id":"https:\/\/nadiacavalleri.com.ar\/#\/schema\/logo\/image\/","url":"https:\/\/nadiacavalleri.com.ar\/wp-content\/uploads\/2018\/08\/cropped-Favicon-1.png","contentUrl":"https:\/\/nadiacavalleri.com.ar\/wp-content\/uploads\/2018\/08\/cropped-Favicon-1.png","width":512,"height":512,"caption":"Nadia Cavalleri"},"image":{"@id":"https:\/\/nadiacavalleri.com.ar\/#\/schema\/logo\/image\/"},"sameAs":["https:\/\/www.facebook.com\/nadia.cavalleri","https:\/\/x.com\/nadiacavalleri","https:\/\/www.instagram.com\/nadia.cavalleri\/","https:\/\/www.youtube.com\/c\/NadiaSoledadCavalleri"]}]}},"_links":{"self":[{"href":"https:\/\/nadiacavalleri.com.ar\/en\/wp-json\/wp\/v2\/product\/5898","targetHints":{"allow":["GET"]}}],"collection":[{"href":"https:\/\/nadiacavalleri.com.ar\/en\/wp-json\/wp\/v2\/product"}],"about":[{"href":"https:\/\/nadiacavalleri.com.ar\/en\/wp-json\/wp\/v2\/types\/product"}],"replies":[{"embeddable":true,"href":"https:\/\/nadiacavalleri.com.ar\/en\/wp-json\/wp\/v2\/comments?post=5898"}],"version-history":[{"count":5,"href":"https:\/\/nadiacavalleri.com.ar\/en\/wp-json\/wp\/v2\/product\/5898\/revisions"}],"predecessor-version":[{"id":5908,"href":"https:\/\/nadiacavalleri.com.ar\/en\/wp-json\/wp\/v2\/product\/5898\/revisions\/5908"}],"wp:featuredmedia":[{"embeddable":true,"href":"https:\/\/nadiacavalleri.com.ar\/en\/wp-json\/wp\/v2\/media\/5914"}],"wp:attachment":[{"href":"https:\/\/nadiacavalleri.com.ar\/en\/wp-json\/wp\/v2\/media?parent=5898"}],"wp:term":[{"taxonomy":"product_brand","embeddable":true,"href":"https:\/\/nadiacavalleri.com.ar\/en\/wp-json\/wp\/v2\/product_brand?post=5898"},{"taxonomy":"product_cat","embeddable":true,"href":"https:\/\/nadiacavalleri.com.ar\/en\/wp-json\/wp\/v2\/product_cat?post=5898"},{"taxonomy":"product_tag","embeddable":true,"href":"https:\/\/nadiacavalleri.com.ar\/en\/wp-json\/wp\/v2\/product_tag?post=5898"}],"curies":[{"name":"wp","href":"https:\/\/api.w.org\/{rel}","templated":true}]}}