{"id":5967,"date":"2024-03-12T07:53:37","date_gmt":"2024-03-12T10:53:37","guid":{"rendered":"http:\/\/nadiacavalleri.com.ar\/?post_type=product&#038;p=5967"},"modified":"2026-03-31T17:50:59","modified_gmt":"2026-03-31T20:50:59","slug":"teseting-exploratorio-para-agilizar-tus-pruebas","status":"publish","type":"product","link":"https:\/\/nadiacavalleri.com.ar\/en\/product\/teseting-exploratorio-para-agilizar-tus-pruebas\/","title":{"rendered":"Exploratory Testing to streamline your testing efforts."},"content":{"rendered":"<div data-elementor-type=\"wp-post\" data-elementor-id=\"5967\" class=\"elementor elementor-5967\">\n\t\t\t\t\t\t<section class=\"elementor-section elementor-top-section elementor-element elementor-element-15c8a480 elementor-section-boxed elementor-section-height-default elementor-section-height-default\" data-id=\"15c8a480\" data-element_type=\"section\" data-e-type=\"section\">\n\t\t\t\t\t\t<div class=\"elementor-container elementor-column-gap-default\">\n\t\t\t\t\t<div class=\"elementor-column elementor-col-100 elementor-top-column elementor-element elementor-element-30af39fd\" data-id=\"30af39fd\" data-element_type=\"column\" data-e-type=\"column\">\n\t\t\t<div class=\"elementor-widget-wrap elementor-element-populated\">\n\t\t\t\t\t\t<div class=\"elementor-element elementor-element-7cf77416 elementor-widget elementor-widget-text-editor\" data-id=\"7cf77416\" data-element_type=\"widget\" data-e-type=\"widget\" data-widget_type=\"text-editor.default\">\n\t\t\t\t<div class=\"elementor-widget-container\">\n\t\t\t\t\t\t\t\t\t<p data-pm-slice=\"0 0 []\">El testing exploratorio es una herramienta indispensable que complementa al testing tradicional al que solemos llamar testing planificado o scripted testing. Si bien no es nada nuevo, con el auge de los frameworks \u00e1giles, <strong>este tipo de pruebas es cada vez m\u00e1s necesario porque est\u00e1 muy alineada con los valores de la agilidad<\/strong>.<\/p><p><strong>Hay algunos mitos<\/strong> que giran en relaci\u00f3n al testing exploratorio y <strong>que, a lo largo del curso, nos ocuparemos de derribar<\/strong>. Por ejemplo:<\/p><p><strong>&#8211; Que en el testing exploratorio las pruebas son aleatorias<\/strong><\/p><p><strong>&#8211; Que en el testing exploratorio no se genera documentaci\u00f3n<\/strong><\/p><p><strong>&#8211; Que el testing exploratorio es un testing ad-hoc.<\/strong><\/p><p>A trav\u00e9s de <strong>conceptos te\u00f3ricos y ejemplos pr\u00e1cticos<\/strong> evidenciaremos por qu\u00e9 todo esto no es as\u00ed. .<\/p><p>Como parte de este proceso de aprendizaje, incorporaremos t\u00e9cnicas y herramientas que nos har\u00e1n m\u00e1s f\u00e1cil nuestra labor como tester y nos permitir\u00e1n implementar esta pr\u00e1ctica en nuestros proyectos actuales haci\u00e9ndonos ahorrar tiempo, dinero y dolores de cabeza.<\/p><p><strong>Este curso es ideal para las personas que ya est\u00e1n trabajando como tester y quieren promover la agilidad en sus equipos<\/strong> o incorporar una herramienta que enriquezca su trabajo.<\/p><p><strong>Tambi\u00e9n le ser\u00e1 de utilidad a profesionales que se est\u00e9n formando como testers y quieran incorporar herramientas<\/strong> adicionales para tener un diferencial en su formaci\u00f3n.<\/p>\t\t\t\t\t\t\t\t<\/div>\n\t\t\t\t<\/div>\n\t\t\t\t\t<\/div>\n\t\t<\/div>\n\t\t\t\t\t<\/div>\n\t\t<\/section>\n\t\t\t\t<\/div>","protected":false},"excerpt":{"rendered":"<p>El testing exploratorio es una herramienta indispensable que complementa al testing tradicional al que solemos llamar testing planificado o scripted testing. Si bien no es nada nuevo, con el auge de los frameworks \u00e1giles, este tipo de pruebas es cada vez m\u00e1s necesario porque est\u00e1 muy alineada con los valores de la agilidad. Hay algunos [&hellip;]<\/p>\n","protected":false},"featured_media":5968,"comment_status":"closed","ping_status":"closed","template":"","meta":{"ocean_post_layout":"","ocean_both_sidebars_style":"","ocean_both_sidebars_content_width":0,"ocean_both_sidebars_sidebars_width":0,"ocean_sidebar":"0","ocean_second_sidebar":"0","ocean_disable_margins":"enable","ocean_add_body_class":"","ocean_shortcode_before_top_bar":"","ocean_shortcode_after_top_bar":"","ocean_shortcode_before_header":"","ocean_shortcode_after_header":"","ocean_has_shortcode":"","ocean_shortcode_after_title":"","ocean_shortcode_before_footer_widgets":"","ocean_shortcode_after_footer_widgets":"","ocean_shortcode_before_footer_bottom":"","ocean_shortcode_after_footer_bottom":"","ocean_display_top_bar":"default","ocean_display_header":"default","ocean_header_style":"","ocean_center_header_left_menu":"0","ocean_custom_header_template":"0","ocean_custom_logo":0,"ocean_custom_retina_logo":0,"ocean_custom_logo_max_width":0,"ocean_custom_logo_tablet_max_width":0,"ocean_custom_logo_mobile_max_width":0,"ocean_custom_logo_max_height":0,"ocean_custom_logo_tablet_max_height":0,"ocean_custom_logo_mobile_max_height":0,"ocean_header_custom_menu":"0","ocean_menu_typo_font_family":"0","ocean_menu_typo_font_subset":"","ocean_menu_typo_font_size":0,"ocean_menu_typo_font_size_tablet":0,"ocean_menu_typo_font_size_mobile":0,"ocean_menu_typo_font_size_unit":"px","ocean_menu_typo_font_weight":"","ocean_menu_typo_font_weight_tablet":"","ocean_menu_typo_font_weight_mobile":"","ocean_menu_typo_transform":"","ocean_menu_typo_transform_tablet":"","ocean_menu_typo_transform_mobile":"","ocean_menu_typo_line_height":0,"ocean_menu_typo_line_height_tablet":0,"ocean_menu_typo_line_height_mobile":0,"ocean_menu_typo_line_height_unit":"","ocean_menu_typo_spacing":0,"ocean_menu_typo_spacing_tablet":0,"ocean_menu_typo_spacing_mobile":0,"ocean_menu_typo_spacing_unit":"","ocean_menu_link_color":"","ocean_menu_link_color_hover":"","ocean_menu_link_color_active":"","ocean_menu_link_background":"","ocean_menu_link_hover_background":"","ocean_menu_link_active_background":"","ocean_menu_social_links_bg":"","ocean_menu_social_hover_links_bg":"","ocean_menu_social_links_color":"","ocean_menu_social_hover_links_color":"","ocean_disable_title":"default","ocean_disable_heading":"default","ocean_post_title":"","ocean_post_subheading":"","ocean_post_title_style":"","ocean_post_title_background_color":"","ocean_post_title_background":0,"ocean_post_title_bg_image_position":"","ocean_post_title_bg_image_attachment":"","ocean_post_title_bg_image_repeat":"","ocean_post_title_bg_image_size":"","ocean_post_title_height":0,"ocean_post_title_bg_overlay":0.5,"ocean_post_title_bg_overlay_color":"","ocean_disable_breadcrumbs":"default","ocean_breadcrumbs_color":"","ocean_breadcrumbs_separator_color":"","ocean_breadcrumbs_links_color":"","ocean_breadcrumbs_links_hover_color":"","ocean_display_footer_widgets":"default","ocean_display_footer_bottom":"default","ocean_custom_footer_template":"0"},"product_brand":[],"product_cat":[137],"product_tag":[154,132,133],"class_list":{"0":"post-5967","1":"product","2":"type-product","3":"status-publish","4":"has-post-thumbnail","6":"product_cat-cursos-testing","7":"product_tag-agilidad","8":"product_tag-tester","9":"product_tag-testing","11":"entry","12":"has-media","14":"first","15":"instock","16":"sale","17":"virtual","18":"sold-individually","19":"purchasable","20":"product-type-simple","21":"has-product-nav","22":"col","23":"span_1_of_3","24":"owp-content-center","25":"owp-thumbs-layout-horizontal","26":"owp-btn-normal","27":"owp-tabs-layout-horizontal","28":"has-no-thumbnails"},"yoast_head":"<!-- This site is optimized with the Yoast SEO plugin v27.4 - https:\/\/yoast.com\/product\/yoast-seo-wordpress\/ -->\n<title>Testing exploratorio para agilizar tus pruebas -<\/title>\n<meta name=\"description\" content=\"Curso para aprender todas las t\u00e9cnicas y herramientas que te ayudaran a que tus pruebas exploratorias no sean aleatorias.\" \/>\n<meta name=\"robots\" content=\"index, follow, max-snippet:-1, max-image-preview:large, max-video-preview:-1\" \/>\n<link rel=\"canonical\" href=\"https:\/\/nadiacavalleri.com.ar\/en\/product\/teseting-exploratorio-para-agilizar-tus-pruebas\/\" \/>\n<meta property=\"og:locale\" content=\"en_US\" \/>\n<meta property=\"og:type\" content=\"article\" \/>\n<meta property=\"og:title\" content=\"Testing exploratorio para agilizar tus pruebas -\" \/>\n<meta property=\"og:description\" content=\"Curso para aprender todas las t\u00e9cnicas y herramientas que te ayudaran a que tus pruebas exploratorias no sean aleatorias.\" \/>\n<meta property=\"og:url\" content=\"https:\/\/nadiacavalleri.com.ar\/en\/product\/teseting-exploratorio-para-agilizar-tus-pruebas\/\" \/>\n<meta property=\"article:publisher\" content=\"https:\/\/www.facebook.com\/nadia.cavalleri\" \/>\n<meta property=\"article:modified_time\" content=\"2026-03-31T20:50:59+00:00\" \/>\n<meta property=\"og:image\" content=\"https:\/\/nadiacavalleri.com.ar\/wp-content\/uploads\/2024\/03\/Producto-Curso-Testing-exploratorio.png\" \/>\n\t<meta property=\"og:image:width\" content=\"1080\" \/>\n\t<meta property=\"og:image:height\" content=\"1080\" \/>\n\t<meta property=\"og:image:type\" content=\"image\/png\" \/>\n<meta name=\"twitter:card\" content=\"summary_large_image\" \/>\n<meta name=\"twitter:site\" content=\"@nadiacavalleri\" \/>\n<meta name=\"twitter:label1\" content=\"Est. reading time\" \/>\n\t<meta name=\"twitter:data1\" content=\"2 minutes\" \/>\n<script type=\"application\/ld+json\" class=\"yoast-schema-graph\">{\"@context\":\"https:\\\/\\\/schema.org\",\"@graph\":[{\"@type\":\"WebPage\",\"@id\":\"https:\\\/\\\/nadiacavalleri.com.ar\\\/producto\\\/teseting-exploratorio-para-agilizar-tus-pruebas\\\/\",\"url\":\"https:\\\/\\\/nadiacavalleri.com.ar\\\/producto\\\/teseting-exploratorio-para-agilizar-tus-pruebas\\\/\",\"name\":\"Testing exploratorio para agilizar tus pruebas -\",\"isPartOf\":{\"@id\":\"https:\\\/\\\/nadiacavalleri.com.ar\\\/#website\"},\"primaryImageOfPage\":{\"@id\":\"https:\\\/\\\/nadiacavalleri.com.ar\\\/producto\\\/teseting-exploratorio-para-agilizar-tus-pruebas\\\/#primaryimage\"},\"image\":{\"@id\":\"https:\\\/\\\/nadiacavalleri.com.ar\\\/producto\\\/teseting-exploratorio-para-agilizar-tus-pruebas\\\/#primaryimage\"},\"thumbnailUrl\":\"https:\\\/\\\/nadiacavalleri.com.ar\\\/wp-content\\\/uploads\\\/2024\\\/03\\\/Producto-Curso-Testing-exploratorio.png\",\"datePublished\":\"2024-03-12T10:53:37+00:00\",\"dateModified\":\"2026-03-31T20:50:59+00:00\",\"description\":\"Curso para aprender todas las t\u00e9cnicas y herramientas que te ayudaran a que tus pruebas exploratorias no sean aleatorias.\",\"breadcrumb\":{\"@id\":\"https:\\\/\\\/nadiacavalleri.com.ar\\\/producto\\\/teseting-exploratorio-para-agilizar-tus-pruebas\\\/#breadcrumb\"},\"inLanguage\":\"en-US\",\"potentialAction\":[{\"@type\":\"ReadAction\",\"target\":[\"https:\\\/\\\/nadiacavalleri.com.ar\\\/producto\\\/teseting-exploratorio-para-agilizar-tus-pruebas\\\/\"]}]},{\"@type\":\"ImageObject\",\"inLanguage\":\"en-US\",\"@id\":\"https:\\\/\\\/nadiacavalleri.com.ar\\\/producto\\\/teseting-exploratorio-para-agilizar-tus-pruebas\\\/#primaryimage\",\"url\":\"https:\\\/\\\/nadiacavalleri.com.ar\\\/wp-content\\\/uploads\\\/2024\\\/03\\\/Producto-Curso-Testing-exploratorio.png\",\"contentUrl\":\"https:\\\/\\\/nadiacavalleri.com.ar\\\/wp-content\\\/uploads\\\/2024\\\/03\\\/Producto-Curso-Testing-exploratorio.png\",\"width\":1080,\"height\":1080,\"caption\":\"Curso testing exploratorio\"},{\"@type\":\"BreadcrumbList\",\"@id\":\"https:\\\/\\\/nadiacavalleri.com.ar\\\/producto\\\/teseting-exploratorio-para-agilizar-tus-pruebas\\\/#breadcrumb\",\"itemListElement\":[{\"@type\":\"ListItem\",\"position\":1,\"name\":\"Portada\",\"item\":\"https:\\\/\\\/nadiacavalleri.com.ar\\\/\"},{\"@type\":\"ListItem\",\"position\":2,\"name\":\"Tienda\",\"item\":\"https:\\\/\\\/nadiacavalleri.com.ar\\\/tienda\\\/\"},{\"@type\":\"ListItem\",\"position\":3,\"name\":\"Testing exploratorio para agilizar tus pruebas\"}]},{\"@type\":\"WebSite\",\"@id\":\"https:\\\/\\\/nadiacavalleri.com.ar\\\/#website\",\"url\":\"https:\\\/\\\/nadiacavalleri.com.ar\\\/\",\"name\":\"Nadia Cavalleri\",\"description\":\"\",\"publisher\":{\"@id\":\"https:\\\/\\\/nadiacavalleri.com.ar\\\/#organization\"},\"potentialAction\":[{\"@type\":\"SearchAction\",\"target\":{\"@type\":\"EntryPoint\",\"urlTemplate\":\"https:\\\/\\\/nadiacavalleri.com.ar\\\/?s={search_term_string}\"},\"query-input\":{\"@type\":\"PropertyValueSpecification\",\"valueRequired\":true,\"valueName\":\"search_term_string\"}}],\"inLanguage\":\"en-US\"},{\"@type\":\"Organization\",\"@id\":\"https:\\\/\\\/nadiacavalleri.com.ar\\\/#organization\",\"name\":\"Nadia Cavalleri\",\"url\":\"https:\\\/\\\/nadiacavalleri.com.ar\\\/\",\"logo\":{\"@type\":\"ImageObject\",\"inLanguage\":\"en-US\",\"@id\":\"https:\\\/\\\/nadiacavalleri.com.ar\\\/#\\\/schema\\\/logo\\\/image\\\/\",\"url\":\"https:\\\/\\\/nadiacavalleri.com.ar\\\/wp-content\\\/uploads\\\/2018\\\/08\\\/cropped-Favicon-1.png\",\"contentUrl\":\"https:\\\/\\\/nadiacavalleri.com.ar\\\/wp-content\\\/uploads\\\/2018\\\/08\\\/cropped-Favicon-1.png\",\"width\":512,\"height\":512,\"caption\":\"Nadia Cavalleri\"},\"image\":{\"@id\":\"https:\\\/\\\/nadiacavalleri.com.ar\\\/#\\\/schema\\\/logo\\\/image\\\/\"},\"sameAs\":[\"https:\\\/\\\/www.facebook.com\\\/nadia.cavalleri\",\"https:\\\/\\\/x.com\\\/nadiacavalleri\",\"https:\\\/\\\/www.instagram.com\\\/nadia.cavalleri\\\/\",\"https:\\\/\\\/www.youtube.com\\\/c\\\/NadiaSoledadCavalleri\"]}]}<\/script>\n<!-- \/ Yoast SEO plugin. -->","yoast_head_json":{"title":"Testing exploratorio para agilizar tus pruebas -","description":"Curso para aprender todas las t\u00e9cnicas y herramientas que te ayudaran a que tus pruebas exploratorias no sean aleatorias.","robots":{"index":"index","follow":"follow","max-snippet":"max-snippet:-1","max-image-preview":"max-image-preview:large","max-video-preview":"max-video-preview:-1"},"canonical":"https:\/\/nadiacavalleri.com.ar\/en\/product\/teseting-exploratorio-para-agilizar-tus-pruebas\/","og_locale":"en_US","og_type":"article","og_title":"Testing exploratorio para agilizar tus pruebas -","og_description":"Curso para aprender todas las t\u00e9cnicas y herramientas que te ayudaran a que tus pruebas exploratorias no sean aleatorias.","og_url":"https:\/\/nadiacavalleri.com.ar\/en\/product\/teseting-exploratorio-para-agilizar-tus-pruebas\/","article_publisher":"https:\/\/www.facebook.com\/nadia.cavalleri","article_modified_time":"2026-03-31T20:50:59+00:00","og_image":[{"width":1080,"height":1080,"url":"https:\/\/nadiacavalleri.com.ar\/wp-content\/uploads\/2024\/03\/Producto-Curso-Testing-exploratorio.png","type":"image\/png"}],"twitter_card":"summary_large_image","twitter_site":"@nadiacavalleri","twitter_misc":{"Est. reading time":"2 minutes"},"schema":{"@context":"https:\/\/schema.org","@graph":[{"@type":"WebPage","@id":"https:\/\/nadiacavalleri.com.ar\/producto\/teseting-exploratorio-para-agilizar-tus-pruebas\/","url":"https:\/\/nadiacavalleri.com.ar\/producto\/teseting-exploratorio-para-agilizar-tus-pruebas\/","name":"Testing exploratorio para agilizar tus pruebas -","isPartOf":{"@id":"https:\/\/nadiacavalleri.com.ar\/#website"},"primaryImageOfPage":{"@id":"https:\/\/nadiacavalleri.com.ar\/producto\/teseting-exploratorio-para-agilizar-tus-pruebas\/#primaryimage"},"image":{"@id":"https:\/\/nadiacavalleri.com.ar\/producto\/teseting-exploratorio-para-agilizar-tus-pruebas\/#primaryimage"},"thumbnailUrl":"https:\/\/nadiacavalleri.com.ar\/wp-content\/uploads\/2024\/03\/Producto-Curso-Testing-exploratorio.png","datePublished":"2024-03-12T10:53:37+00:00","dateModified":"2026-03-31T20:50:59+00:00","description":"Curso para aprender todas las t\u00e9cnicas y herramientas que te ayudaran a que tus pruebas exploratorias no sean aleatorias.","breadcrumb":{"@id":"https:\/\/nadiacavalleri.com.ar\/producto\/teseting-exploratorio-para-agilizar-tus-pruebas\/#breadcrumb"},"inLanguage":"en-US","potentialAction":[{"@type":"ReadAction","target":["https:\/\/nadiacavalleri.com.ar\/producto\/teseting-exploratorio-para-agilizar-tus-pruebas\/"]}]},{"@type":"ImageObject","inLanguage":"en-US","@id":"https:\/\/nadiacavalleri.com.ar\/producto\/teseting-exploratorio-para-agilizar-tus-pruebas\/#primaryimage","url":"https:\/\/nadiacavalleri.com.ar\/wp-content\/uploads\/2024\/03\/Producto-Curso-Testing-exploratorio.png","contentUrl":"https:\/\/nadiacavalleri.com.ar\/wp-content\/uploads\/2024\/03\/Producto-Curso-Testing-exploratorio.png","width":1080,"height":1080,"caption":"Curso testing exploratorio"},{"@type":"BreadcrumbList","@id":"https:\/\/nadiacavalleri.com.ar\/producto\/teseting-exploratorio-para-agilizar-tus-pruebas\/#breadcrumb","itemListElement":[{"@type":"ListItem","position":1,"name":"Portada","item":"https:\/\/nadiacavalleri.com.ar\/"},{"@type":"ListItem","position":2,"name":"Tienda","item":"https:\/\/nadiacavalleri.com.ar\/tienda\/"},{"@type":"ListItem","position":3,"name":"Testing exploratorio para agilizar tus pruebas"}]},{"@type":"WebSite","@id":"https:\/\/nadiacavalleri.com.ar\/#website","url":"https:\/\/nadiacavalleri.com.ar\/","name":"Nadia Cavalleri","description":"","publisher":{"@id":"https:\/\/nadiacavalleri.com.ar\/#organization"},"potentialAction":[{"@type":"SearchAction","target":{"@type":"EntryPoint","urlTemplate":"https:\/\/nadiacavalleri.com.ar\/?s={search_term_string}"},"query-input":{"@type":"PropertyValueSpecification","valueRequired":true,"valueName":"search_term_string"}}],"inLanguage":"en-US"},{"@type":"Organization","@id":"https:\/\/nadiacavalleri.com.ar\/#organization","name":"Nadia Cavalleri","url":"https:\/\/nadiacavalleri.com.ar\/","logo":{"@type":"ImageObject","inLanguage":"en-US","@id":"https:\/\/nadiacavalleri.com.ar\/#\/schema\/logo\/image\/","url":"https:\/\/nadiacavalleri.com.ar\/wp-content\/uploads\/2018\/08\/cropped-Favicon-1.png","contentUrl":"https:\/\/nadiacavalleri.com.ar\/wp-content\/uploads\/2018\/08\/cropped-Favicon-1.png","width":512,"height":512,"caption":"Nadia Cavalleri"},"image":{"@id":"https:\/\/nadiacavalleri.com.ar\/#\/schema\/logo\/image\/"},"sameAs":["https:\/\/www.facebook.com\/nadia.cavalleri","https:\/\/x.com\/nadiacavalleri","https:\/\/www.instagram.com\/nadia.cavalleri\/","https:\/\/www.youtube.com\/c\/NadiaSoledadCavalleri"]}]}},"_links":{"self":[{"href":"https:\/\/nadiacavalleri.com.ar\/en\/wp-json\/wp\/v2\/product\/5967","targetHints":{"allow":["GET"]}}],"collection":[{"href":"https:\/\/nadiacavalleri.com.ar\/en\/wp-json\/wp\/v2\/product"}],"about":[{"href":"https:\/\/nadiacavalleri.com.ar\/en\/wp-json\/wp\/v2\/types\/product"}],"replies":[{"embeddable":true,"href":"https:\/\/nadiacavalleri.com.ar\/en\/wp-json\/wp\/v2\/comments?post=5967"}],"version-history":[{"count":6,"href":"https:\/\/nadiacavalleri.com.ar\/en\/wp-json\/wp\/v2\/product\/5967\/revisions"}],"predecessor-version":[{"id":5982,"href":"https:\/\/nadiacavalleri.com.ar\/en\/wp-json\/wp\/v2\/product\/5967\/revisions\/5982"}],"wp:featuredmedia":[{"embeddable":true,"href":"https:\/\/nadiacavalleri.com.ar\/en\/wp-json\/wp\/v2\/media\/5968"}],"wp:attachment":[{"href":"https:\/\/nadiacavalleri.com.ar\/en\/wp-json\/wp\/v2\/media?parent=5967"}],"wp:term":[{"taxonomy":"product_brand","embeddable":true,"href":"https:\/\/nadiacavalleri.com.ar\/en\/wp-json\/wp\/v2\/product_brand?post=5967"},{"taxonomy":"product_cat","embeddable":true,"href":"https:\/\/nadiacavalleri.com.ar\/en\/wp-json\/wp\/v2\/product_cat?post=5967"},{"taxonomy":"product_tag","embeddable":true,"href":"https:\/\/nadiacavalleri.com.ar\/en\/wp-json\/wp\/v2\/product_tag?post=5967"}],"curies":[{"name":"wp","href":"https:\/\/api.w.org\/{rel}","templated":true}]}}