{"id":6069,"date":"2024-03-12T12:09:40","date_gmt":"2024-03-12T15:09:40","guid":{"rendered":"http:\/\/nadiacavalleri.com.ar\/?post_type=product&#038;p=6069"},"modified":"2026-03-31T17:48:09","modified_gmt":"2026-03-31T20:48:09","slug":"introduccion-a-la-programacion","status":"publish","type":"product","link":"https:\/\/nadiacavalleri.com.ar\/en\/product\/introduccion-a-la-programacion\/","title":{"rendered":"Introduction to programming."},"content":{"rendered":"<div data-elementor-type=\"wp-post\" data-elementor-id=\"6069\" class=\"elementor elementor-6069\">\n\t\t\t\t\t\t<section class=\"elementor-section elementor-top-section elementor-element elementor-element-efa4e59 elementor-section-boxed elementor-section-height-default elementor-section-height-default\" data-id=\"efa4e59\" data-element_type=\"section\" data-e-type=\"section\">\n\t\t\t\t\t\t<div class=\"elementor-container elementor-column-gap-default\">\n\t\t\t\t\t<div class=\"elementor-column elementor-col-100 elementor-top-column elementor-element elementor-element-40660914\" data-id=\"40660914\" data-element_type=\"column\" data-e-type=\"column\">\n\t\t\t<div class=\"elementor-widget-wrap elementor-element-populated\">\n\t\t\t\t\t\t<div class=\"elementor-element elementor-element-eb373af elementor-widget elementor-widget-text-editor\" data-id=\"eb373af\" data-element_type=\"widget\" data-e-type=\"widget\" data-widget_type=\"text-editor.default\">\n\t\t\t\t<div class=\"elementor-widget-container\">\n\t\t\t\t\t\t\t\t\t<p data-pm-slice=\"0 0 []\">\u00bfAlguna vez sentiste curiosidad por el mundo de la programaci\u00f3n pero no sab\u00edas por d\u00f3nde empezar? \u00a1Sin dudas, este curso es tu puerta de entrada! <strong>Vas a aprender<\/strong> paso a paso y de una manera muy sencilla, <strong>los fundamentos de la programaci\u00f3n sin abrumarte con jergas t\u00e9cnicas.<\/strong><\/p><p>Uno de los mayores <strong>objetivos<\/strong> del curso es que puedas <strong>desarrollar tu pensamiento computacional para aplicarlo a la resoluci\u00f3n de problemas<\/strong>. Por eso, <strong>no ser\u00e1 necesario que aprendas un lenguaje de programaci\u00f3n<\/strong> en particular, sino que esto mismo <strong>podremos lograrlo<\/strong> principalmente <strong>a trav\u00e9s de pseudoc\u00f3digo<\/strong> (aunque tambi\u00e9n aprenderemos los diagramas de flujo). \u00a1Herramientas m\u00e1s que suficientes para que puedas convertir tus ideas en programas funcionales!<\/p><p><strong>Tambi\u00e9n vas a aprender los elementos b\u00e1sicos de programaci\u00f3n<\/strong> como las variables, constantes, tipos de datos, condicionales, operadores aritm\u00e9ticos y l\u00f3gicos, estructuras repetitivas&#8230; <strong>y otros elementos no tan b\u00e1sicos<\/strong> como las funciones, procedimientos y la recursividad.<\/p><p>No importa si sos un completo principiante o alguien que ya ha dado sus primeros pasos. Este curso est\u00e1 dise\u00f1ado para que de todas formas puedas seguirlo. As\u00ed que, <strong>si queres desbloquear nuevas oportunidades, mejorar tus habilidades l\u00f3gicas y anal\u00edticas y dar tus primeros pasos en el mundo de la programaci\u00f3n \u00a1Este es el curso perfecto para comenzar!<\/strong><\/p>\t\t\t\t\t\t\t\t<\/div>\n\t\t\t\t<\/div>\n\t\t\t\t\t<\/div>\n\t\t<\/div>\n\t\t\t\t\t<\/div>\n\t\t<\/section>\n\t\t\t\t<\/div>","protected":false},"excerpt":{"rendered":"<p>\u00bfAlguna vez sentiste curiosidad por el mundo de la programaci\u00f3n pero no sab\u00edas por d\u00f3nde empezar? \u00a1Sin dudas, este curso es tu puerta de entrada! Vas a aprender paso a paso y de una manera muy sencilla, los fundamentos de la programaci\u00f3n sin abrumarte con jergas t\u00e9cnicas. Uno de los mayores objetivos del curso es [&hellip;]<\/p>\n","protected":false},"featured_media":6070,"comment_status":"closed","ping_status":"closed","template":"","meta":{"ocean_post_layout":"","ocean_both_sidebars_style":"","ocean_both_sidebars_content_width":0,"ocean_both_sidebars_sidebars_width":0,"ocean_sidebar":"0","ocean_second_sidebar":"0","ocean_disable_margins":"enable","ocean_add_body_class":"","ocean_shortcode_before_top_bar":"","ocean_shortcode_after_top_bar":"","ocean_shortcode_before_header":"","ocean_shortcode_after_header":"","ocean_has_shortcode":"","ocean_shortcode_after_title":"","ocean_shortcode_before_footer_widgets":"","ocean_shortcode_after_footer_widgets":"","ocean_shortcode_before_footer_bottom":"","ocean_shortcode_after_footer_bottom":"","ocean_display_top_bar":"default","ocean_display_header":"default","ocean_header_style":"","ocean_center_header_left_menu":"0","ocean_custom_header_template":"0","ocean_custom_logo":0,"ocean_custom_retina_logo":0,"ocean_custom_logo_max_width":0,"ocean_custom_logo_tablet_max_width":0,"ocean_custom_logo_mobile_max_width":0,"ocean_custom_logo_max_height":0,"ocean_custom_logo_tablet_max_height":0,"ocean_custom_logo_mobile_max_height":0,"ocean_header_custom_menu":"0","ocean_menu_typo_font_family":"0","ocean_menu_typo_font_subset":"","ocean_menu_typo_font_size":0,"ocean_menu_typo_font_size_tablet":0,"ocean_menu_typo_font_size_mobile":0,"ocean_menu_typo_font_size_unit":"px","ocean_menu_typo_font_weight":"","ocean_menu_typo_font_weight_tablet":"","ocean_menu_typo_font_weight_mobile":"","ocean_menu_typo_transform":"","ocean_menu_typo_transform_tablet":"","ocean_menu_typo_transform_mobile":"","ocean_menu_typo_line_height":0,"ocean_menu_typo_line_height_tablet":0,"ocean_menu_typo_line_height_mobile":0,"ocean_menu_typo_line_height_unit":"","ocean_menu_typo_spacing":0,"ocean_menu_typo_spacing_tablet":0,"ocean_menu_typo_spacing_mobile":0,"ocean_menu_typo_spacing_unit":"","ocean_menu_link_color":"","ocean_menu_link_color_hover":"","ocean_menu_link_color_active":"","ocean_menu_link_background":"","ocean_menu_link_hover_background":"","ocean_menu_link_active_background":"","ocean_menu_social_links_bg":"","ocean_menu_social_hover_links_bg":"","ocean_menu_social_links_color":"","ocean_menu_social_hover_links_color":"","ocean_disable_title":"default","ocean_disable_heading":"default","ocean_post_title":"","ocean_post_subheading":"","ocean_post_title_style":"","ocean_post_title_background_color":"","ocean_post_title_background":0,"ocean_post_title_bg_image_position":"","ocean_post_title_bg_image_attachment":"","ocean_post_title_bg_image_repeat":"","ocean_post_title_bg_image_size":"","ocean_post_title_height":0,"ocean_post_title_bg_overlay":0.5,"ocean_post_title_bg_overlay_color":"","ocean_disable_breadcrumbs":"default","ocean_breadcrumbs_color":"","ocean_breadcrumbs_separator_color":"","ocean_breadcrumbs_links_color":"","ocean_breadcrumbs_links_hover_color":"","ocean_display_footer_widgets":"default","ocean_display_footer_bottom":"default","ocean_custom_footer_template":"0"},"product_brand":[],"product_cat":[137],"product_tag":[157,146,156,139],"class_list":{"0":"post-6069","1":"product","2":"type-product","3":"status-publish","4":"has-post-thumbnail","6":"product_cat-cursos-testing","7":"product_tag-automatizacion","8":"product_tag-herramientas","9":"product_tag-programacion","10":"product_tag-tecnico","12":"entry","13":"has-media","15":"first","16":"instock","17":"sale","18":"virtual","19":"sold-individually","20":"purchasable","21":"product-type-simple","22":"has-product-nav","23":"col","24":"span_1_of_3","25":"owp-content-center","26":"owp-thumbs-layout-horizontal","27":"owp-btn-normal","28":"owp-tabs-layout-horizontal","29":"has-no-thumbnails"},"yoast_head":"<!-- This site is optimized with the Yoast SEO plugin v27.3 - https:\/\/yoast.com\/product\/yoast-seo-wordpress\/ -->\n<title>Introducci\u00f3n a la programaci\u00f3n -<\/title>\n<meta name=\"description\" content=\"Curso de introducci\u00f3n a la programaci\u00f3n donde vas a desarrollar tu pensamiento computacional y crear tus primeros algoritmos en pseudoc\u00f3digo.\" \/>\n<meta name=\"robots\" content=\"index, follow, max-snippet:-1, max-image-preview:large, max-video-preview:-1\" \/>\n<link rel=\"canonical\" href=\"https:\/\/nadiacavalleri.com.ar\/en\/product\/introduccion-a-la-programacion\/\" \/>\n<meta property=\"og:locale\" content=\"en_US\" \/>\n<meta property=\"og:type\" content=\"article\" \/>\n<meta property=\"og:title\" content=\"Curso de introducci\u00f3n a la programaci\u00f3n\" \/>\n<meta property=\"og:description\" content=\"Curso de introducci\u00f3n a la programaci\u00f3n donde vas a desarrollar tu pensamiento computacional y crear tus primeros algoritmos en pseudoc\u00f3digo.\" \/>\n<meta property=\"og:url\" content=\"https:\/\/nadiacavalleri.com.ar\/en\/product\/introduccion-a-la-programacion\/\" \/>\n<meta property=\"article:publisher\" content=\"https:\/\/www.facebook.com\/nadia.cavalleri\" \/>\n<meta property=\"article:modified_time\" content=\"2026-03-31T20:48:09+00:00\" \/>\n<meta property=\"og:image\" content=\"https:\/\/nadiacavalleri.com.ar\/wp-content\/uploads\/2024\/03\/Producto-Curso-Introduccion-a-la-programacion.png\" \/>\n\t<meta property=\"og:image:width\" content=\"1080\" \/>\n\t<meta property=\"og:image:height\" content=\"1080\" \/>\n\t<meta property=\"og:image:type\" content=\"image\/png\" \/>\n<meta name=\"twitter:card\" content=\"summary_large_image\" \/>\n<meta name=\"twitter:title\" content=\"Curso de introducci\u00f3n a la programaci\u00f3n\" \/>\n<meta name=\"twitter:description\" content=\"Curso de introducci\u00f3n a la programaci\u00f3n donde vas a desarrollar tu pensamiento computacional y crear tus primeros algoritmos en pseudoc\u00f3digo.\" \/>\n<meta name=\"twitter:image\" content=\"https:\/\/nadiacavalleri.com.ar\/wp-content\/uploads\/2024\/03\/Producto-Curso-Introduccion-a-la-programacion.png\" \/>\n<meta name=\"twitter:site\" content=\"@nadiacavalleri\" \/>\n<meta name=\"twitter:label1\" content=\"Est. reading time\" \/>\n\t<meta name=\"twitter:data1\" content=\"2 minutes\" \/>\n<script type=\"application\/ld+json\" class=\"yoast-schema-graph\">{\"@context\":\"https:\\\/\\\/schema.org\",\"@graph\":[{\"@type\":\"WebPage\",\"@id\":\"https:\\\/\\\/nadiacavalleri.com.ar\\\/producto\\\/introduccion-a-la-programacion\\\/\",\"url\":\"https:\\\/\\\/nadiacavalleri.com.ar\\\/producto\\\/introduccion-a-la-programacion\\\/\",\"name\":\"Introducci\u00f3n a la programaci\u00f3n -\",\"isPartOf\":{\"@id\":\"https:\\\/\\\/nadiacavalleri.com.ar\\\/#website\"},\"primaryImageOfPage\":{\"@id\":\"https:\\\/\\\/nadiacavalleri.com.ar\\\/producto\\\/introduccion-a-la-programacion\\\/#primaryimage\"},\"image\":{\"@id\":\"https:\\\/\\\/nadiacavalleri.com.ar\\\/producto\\\/introduccion-a-la-programacion\\\/#primaryimage\"},\"thumbnailUrl\":\"https:\\\/\\\/nadiacavalleri.com.ar\\\/wp-content\\\/uploads\\\/2024\\\/03\\\/Producto-Curso-Introduccion-a-la-programacion.png\",\"datePublished\":\"2024-03-12T15:09:40+00:00\",\"dateModified\":\"2026-03-31T20:48:09+00:00\",\"description\":\"Curso de introducci\u00f3n a la programaci\u00f3n donde vas a desarrollar tu pensamiento computacional y crear tus primeros algoritmos en pseudoc\u00f3digo.\",\"breadcrumb\":{\"@id\":\"https:\\\/\\\/nadiacavalleri.com.ar\\\/producto\\\/introduccion-a-la-programacion\\\/#breadcrumb\"},\"inLanguage\":\"en-US\",\"potentialAction\":[{\"@type\":\"ReadAction\",\"target\":[\"https:\\\/\\\/nadiacavalleri.com.ar\\\/producto\\\/introduccion-a-la-programacion\\\/\"]}]},{\"@type\":\"ImageObject\",\"inLanguage\":\"en-US\",\"@id\":\"https:\\\/\\\/nadiacavalleri.com.ar\\\/producto\\\/introduccion-a-la-programacion\\\/#primaryimage\",\"url\":\"https:\\\/\\\/nadiacavalleri.com.ar\\\/wp-content\\\/uploads\\\/2024\\\/03\\\/Producto-Curso-Introduccion-a-la-programacion.png\",\"contentUrl\":\"https:\\\/\\\/nadiacavalleri.com.ar\\\/wp-content\\\/uploads\\\/2024\\\/03\\\/Producto-Curso-Introduccion-a-la-programacion.png\",\"width\":1080,\"height\":1080,\"caption\":\"Curso introducci\u00f3n a la programaci\u00f3n\"},{\"@type\":\"BreadcrumbList\",\"@id\":\"https:\\\/\\\/nadiacavalleri.com.ar\\\/producto\\\/introduccion-a-la-programacion\\\/#breadcrumb\",\"itemListElement\":[{\"@type\":\"ListItem\",\"position\":1,\"name\":\"Portada\",\"item\":\"https:\\\/\\\/nadiacavalleri.com.ar\\\/\"},{\"@type\":\"ListItem\",\"position\":2,\"name\":\"Tienda\",\"item\":\"https:\\\/\\\/nadiacavalleri.com.ar\\\/tienda\\\/\"},{\"@type\":\"ListItem\",\"position\":3,\"name\":\"Introducci\u00f3n a la programaci\u00f3n\"}]},{\"@type\":\"WebSite\",\"@id\":\"https:\\\/\\\/nadiacavalleri.com.ar\\\/#website\",\"url\":\"https:\\\/\\\/nadiacavalleri.com.ar\\\/\",\"name\":\"Nadia Cavalleri\",\"description\":\"\",\"publisher\":{\"@id\":\"https:\\\/\\\/nadiacavalleri.com.ar\\\/#organization\"},\"potentialAction\":[{\"@type\":\"SearchAction\",\"target\":{\"@type\":\"EntryPoint\",\"urlTemplate\":\"https:\\\/\\\/nadiacavalleri.com.ar\\\/?s={search_term_string}\"},\"query-input\":{\"@type\":\"PropertyValueSpecification\",\"valueRequired\":true,\"valueName\":\"search_term_string\"}}],\"inLanguage\":\"en-US\"},{\"@type\":\"Organization\",\"@id\":\"https:\\\/\\\/nadiacavalleri.com.ar\\\/#organization\",\"name\":\"Nadia Cavalleri\",\"url\":\"https:\\\/\\\/nadiacavalleri.com.ar\\\/\",\"logo\":{\"@type\":\"ImageObject\",\"inLanguage\":\"en-US\",\"@id\":\"https:\\\/\\\/nadiacavalleri.com.ar\\\/#\\\/schema\\\/logo\\\/image\\\/\",\"url\":\"https:\\\/\\\/nadiacavalleri.com.ar\\\/wp-content\\\/uploads\\\/2018\\\/08\\\/cropped-Favicon-1.png\",\"contentUrl\":\"https:\\\/\\\/nadiacavalleri.com.ar\\\/wp-content\\\/uploads\\\/2018\\\/08\\\/cropped-Favicon-1.png\",\"width\":512,\"height\":512,\"caption\":\"Nadia Cavalleri\"},\"image\":{\"@id\":\"https:\\\/\\\/nadiacavalleri.com.ar\\\/#\\\/schema\\\/logo\\\/image\\\/\"},\"sameAs\":[\"https:\\\/\\\/www.facebook.com\\\/nadia.cavalleri\",\"https:\\\/\\\/x.com\\\/nadiacavalleri\",\"https:\\\/\\\/www.instagram.com\\\/nadia.cavalleri\\\/\",\"https:\\\/\\\/www.youtube.com\\\/c\\\/NadiaSoledadCavalleri\"]}]}<\/script>\n<!-- \/ Yoast SEO plugin. -->","yoast_head_json":{"title":"Introducci\u00f3n a la programaci\u00f3n -","description":"Curso de introducci\u00f3n a la programaci\u00f3n donde vas a desarrollar tu pensamiento computacional y crear tus primeros algoritmos en pseudoc\u00f3digo.","robots":{"index":"index","follow":"follow","max-snippet":"max-snippet:-1","max-image-preview":"max-image-preview:large","max-video-preview":"max-video-preview:-1"},"canonical":"https:\/\/nadiacavalleri.com.ar\/en\/product\/introduccion-a-la-programacion\/","og_locale":"en_US","og_type":"article","og_title":"Curso de introducci\u00f3n a la programaci\u00f3n","og_description":"Curso de introducci\u00f3n a la programaci\u00f3n donde vas a desarrollar tu pensamiento computacional y crear tus primeros algoritmos en pseudoc\u00f3digo.","og_url":"https:\/\/nadiacavalleri.com.ar\/en\/product\/introduccion-a-la-programacion\/","article_publisher":"https:\/\/www.facebook.com\/nadia.cavalleri","article_modified_time":"2026-03-31T20:48:09+00:00","og_image":[{"width":1080,"height":1080,"url":"https:\/\/nadiacavalleri.com.ar\/wp-content\/uploads\/2024\/03\/Producto-Curso-Introduccion-a-la-programacion.png","type":"image\/png"}],"twitter_card":"summary_large_image","twitter_title":"Curso de introducci\u00f3n a la programaci\u00f3n","twitter_description":"Curso de introducci\u00f3n a la programaci\u00f3n donde vas a desarrollar tu pensamiento computacional y crear tus primeros algoritmos en pseudoc\u00f3digo.","twitter_image":"https:\/\/nadiacavalleri.com.ar\/wp-content\/uploads\/2024\/03\/Producto-Curso-Introduccion-a-la-programacion.png","twitter_site":"@nadiacavalleri","twitter_misc":{"Est. reading time":"2 minutes"},"schema":{"@context":"https:\/\/schema.org","@graph":[{"@type":"WebPage","@id":"https:\/\/nadiacavalleri.com.ar\/producto\/introduccion-a-la-programacion\/","url":"https:\/\/nadiacavalleri.com.ar\/producto\/introduccion-a-la-programacion\/","name":"Introducci\u00f3n a la programaci\u00f3n -","isPartOf":{"@id":"https:\/\/nadiacavalleri.com.ar\/#website"},"primaryImageOfPage":{"@id":"https:\/\/nadiacavalleri.com.ar\/producto\/introduccion-a-la-programacion\/#primaryimage"},"image":{"@id":"https:\/\/nadiacavalleri.com.ar\/producto\/introduccion-a-la-programacion\/#primaryimage"},"thumbnailUrl":"https:\/\/nadiacavalleri.com.ar\/wp-content\/uploads\/2024\/03\/Producto-Curso-Introduccion-a-la-programacion.png","datePublished":"2024-03-12T15:09:40+00:00","dateModified":"2026-03-31T20:48:09+00:00","description":"Curso de introducci\u00f3n a la programaci\u00f3n donde vas a desarrollar tu pensamiento computacional y crear tus primeros algoritmos en pseudoc\u00f3digo.","breadcrumb":{"@id":"https:\/\/nadiacavalleri.com.ar\/producto\/introduccion-a-la-programacion\/#breadcrumb"},"inLanguage":"en-US","potentialAction":[{"@type":"ReadAction","target":["https:\/\/nadiacavalleri.com.ar\/producto\/introduccion-a-la-programacion\/"]}]},{"@type":"ImageObject","inLanguage":"en-US","@id":"https:\/\/nadiacavalleri.com.ar\/producto\/introduccion-a-la-programacion\/#primaryimage","url":"https:\/\/nadiacavalleri.com.ar\/wp-content\/uploads\/2024\/03\/Producto-Curso-Introduccion-a-la-programacion.png","contentUrl":"https:\/\/nadiacavalleri.com.ar\/wp-content\/uploads\/2024\/03\/Producto-Curso-Introduccion-a-la-programacion.png","width":1080,"height":1080,"caption":"Curso introducci\u00f3n a la programaci\u00f3n"},{"@type":"BreadcrumbList","@id":"https:\/\/nadiacavalleri.com.ar\/producto\/introduccion-a-la-programacion\/#breadcrumb","itemListElement":[{"@type":"ListItem","position":1,"name":"Portada","item":"https:\/\/nadiacavalleri.com.ar\/"},{"@type":"ListItem","position":2,"name":"Tienda","item":"https:\/\/nadiacavalleri.com.ar\/tienda\/"},{"@type":"ListItem","position":3,"name":"Introducci\u00f3n a la programaci\u00f3n"}]},{"@type":"WebSite","@id":"https:\/\/nadiacavalleri.com.ar\/#website","url":"https:\/\/nadiacavalleri.com.ar\/","name":"Nadia Cavalleri","description":"","publisher":{"@id":"https:\/\/nadiacavalleri.com.ar\/#organization"},"potentialAction":[{"@type":"SearchAction","target":{"@type":"EntryPoint","urlTemplate":"https:\/\/nadiacavalleri.com.ar\/?s={search_term_string}"},"query-input":{"@type":"PropertyValueSpecification","valueRequired":true,"valueName":"search_term_string"}}],"inLanguage":"en-US"},{"@type":"Organization","@id":"https:\/\/nadiacavalleri.com.ar\/#organization","name":"Nadia Cavalleri","url":"https:\/\/nadiacavalleri.com.ar\/","logo":{"@type":"ImageObject","inLanguage":"en-US","@id":"https:\/\/nadiacavalleri.com.ar\/#\/schema\/logo\/image\/","url":"https:\/\/nadiacavalleri.com.ar\/wp-content\/uploads\/2018\/08\/cropped-Favicon-1.png","contentUrl":"https:\/\/nadiacavalleri.com.ar\/wp-content\/uploads\/2018\/08\/cropped-Favicon-1.png","width":512,"height":512,"caption":"Nadia Cavalleri"},"image":{"@id":"https:\/\/nadiacavalleri.com.ar\/#\/schema\/logo\/image\/"},"sameAs":["https:\/\/www.facebook.com\/nadia.cavalleri","https:\/\/x.com\/nadiacavalleri","https:\/\/www.instagram.com\/nadia.cavalleri\/","https:\/\/www.youtube.com\/c\/NadiaSoledadCavalleri"]}]}},"_links":{"self":[{"href":"https:\/\/nadiacavalleri.com.ar\/en\/wp-json\/wp\/v2\/product\/6069","targetHints":{"allow":["GET"]}}],"collection":[{"href":"https:\/\/nadiacavalleri.com.ar\/en\/wp-json\/wp\/v2\/product"}],"about":[{"href":"https:\/\/nadiacavalleri.com.ar\/en\/wp-json\/wp\/v2\/types\/product"}],"replies":[{"embeddable":true,"href":"https:\/\/nadiacavalleri.com.ar\/en\/wp-json\/wp\/v2\/comments?post=6069"}],"version-history":[{"count":9,"href":"https:\/\/nadiacavalleri.com.ar\/en\/wp-json\/wp\/v2\/product\/6069\/revisions"}],"predecessor-version":[{"id":7153,"href":"https:\/\/nadiacavalleri.com.ar\/en\/wp-json\/wp\/v2\/product\/6069\/revisions\/7153"}],"wp:featuredmedia":[{"embeddable":true,"href":"https:\/\/nadiacavalleri.com.ar\/en\/wp-json\/wp\/v2\/media\/6070"}],"wp:attachment":[{"href":"https:\/\/nadiacavalleri.com.ar\/en\/wp-json\/wp\/v2\/media?parent=6069"}],"wp:term":[{"taxonomy":"product_brand","embeddable":true,"href":"https:\/\/nadiacavalleri.com.ar\/en\/wp-json\/wp\/v2\/product_brand?post=6069"},{"taxonomy":"product_cat","embeddable":true,"href":"https:\/\/nadiacavalleri.com.ar\/en\/wp-json\/wp\/v2\/product_cat?post=6069"},{"taxonomy":"product_tag","embeddable":true,"href":"https:\/\/nadiacavalleri.com.ar\/en\/wp-json\/wp\/v2\/product_tag?post=6069"}],"curies":[{"name":"wp","href":"https:\/\/api.w.org\/{rel}","templated":true}]}}