{"id":6394,"date":"2024-03-15T12:29:30","date_gmt":"2024-03-15T15:29:30","guid":{"rendered":"http:\/\/nadiacavalleri.com.ar\/?post_type=product&#038;p=6394"},"modified":"2026-03-31T18:05:27","modified_gmt":"2026-03-31T21:05:27","slug":"dev-tools-para-testers","status":"publish","type":"product","link":"https:\/\/nadiacavalleri.com.ar\/en\/product\/dev-tools-para-testers\/","title":{"rendered":"Dev tools for testers"},"content":{"rendered":"<div data-elementor-type=\"wp-post\" data-elementor-id=\"6394\" class=\"elementor elementor-6394\">\n\t\t\t\t\t\t<section class=\"elementor-section elementor-top-section elementor-element elementor-element-6f5d6114 elementor-section-boxed elementor-section-height-default elementor-section-height-default\" data-id=\"6f5d6114\" data-element_type=\"section\" data-e-type=\"section\">\n\t\t\t\t\t\t<div class=\"elementor-container elementor-column-gap-default\">\n\t\t\t\t\t<div class=\"elementor-column elementor-col-100 elementor-top-column elementor-element elementor-element-4edf8686\" data-id=\"4edf8686\" data-element_type=\"column\" data-e-type=\"column\">\n\t\t\t<div class=\"elementor-widget-wrap elementor-element-populated\">\n\t\t\t\t\t\t<div class=\"elementor-element elementor-element-1006b630 elementor-widget elementor-widget-text-editor\" data-id=\"1006b630\" data-element_type=\"widget\" data-e-type=\"widget\" data-widget_type=\"text-editor.default\">\n\t\t\t\t<div class=\"elementor-widget-container\">\n\t\t\t\t\t\t\t\t\t<p data-pm-slice=\"0 0 []\"><strong>Las dev tools son herramientas que vienen integradas a los navegadores y que fueron pensadas para hacerle la vida m\u00e1s f\u00e1cil al desarrollador<\/strong>. Sin embargo, estas herramientas <strong>tambi\u00e9n las podemos aprovechar en testing<\/strong>.<\/p><p>En este curso veremos una introducci\u00f3n a los aspectos m\u00e1s importantes de las dev tools. Si bien hay un mont\u00f3n de funcionalidades, solo aprenderemos aquellas que ser\u00e1n de utilidad para hacer un testing funcional manual. Tambi\u00e9n se mencionar\u00e1n temas de performance y accesibilidad pero no se har\u00e1 foco en eso durante el curso.<\/p><p>Las funcionalidades que cubriremos son las que nos permiten hacer simulaciones de dispositivos m\u00f3viles, inspeccionar elementos, obtener detalles de advertencias o errores, navegar el c\u00f3digo fuente, localizar request y response, simular redes de menor desempe\u00f1o y carga de CPU, entender qu\u00e9 cosas se han implementado bien y cu\u00e1les son las oportunidades de mejora, y problemas en relaci\u00f3n a la accesibilidad y performance. y grabar escenarios de prueba para reproducirlos m\u00e1s tarde.<\/p><p>Por \u00faltimo destacar que:<\/p><p>&#8211; Es un curso introductorio donde se presentan las herramientas pero no se entra en profundidad<\/p><p>&#8211; <strong>Si bien se mencionan conceptos de performance y accesibilidad, el enfoque est\u00e1 puesto en el testing funcional manual.<\/strong><\/p><p>\u00a1Nos vemos adentro del\u00a0 curso!<\/p>\t\t\t\t\t\t\t\t<\/div>\n\t\t\t\t<\/div>\n\t\t\t\t\t<\/div>\n\t\t<\/div>\n\t\t\t\t\t<\/div>\n\t\t<\/section>\n\t\t\t\t<\/div>","protected":false},"excerpt":{"rendered":"<p>Las dev tools son herramientas que vienen integradas a los navegadores y que fueron pensadas para hacerle la vida m\u00e1s f\u00e1cil al desarrollador. Sin embargo, estas herramientas tambi\u00e9n las podemos aprovechar en testing. En este curso veremos una introducci\u00f3n a los aspectos m\u00e1s importantes de las dev tools. Si bien hay un mont\u00f3n de funcionalidades, [&hellip;]<\/p>\n","protected":false},"featured_media":6403,"comment_status":"closed","ping_status":"closed","template":"","meta":{"ocean_post_layout":"","ocean_both_sidebars_style":"","ocean_both_sidebars_content_width":0,"ocean_both_sidebars_sidebars_width":0,"ocean_sidebar":"0","ocean_second_sidebar":"0","ocean_disable_margins":"enable","ocean_add_body_class":"","ocean_shortcode_before_top_bar":"","ocean_shortcode_after_top_bar":"","ocean_shortcode_before_header":"","ocean_shortcode_after_header":"","ocean_has_shortcode":"","ocean_shortcode_after_title":"","ocean_shortcode_before_footer_widgets":"","ocean_shortcode_after_footer_widgets":"","ocean_shortcode_before_footer_bottom":"","ocean_shortcode_after_footer_bottom":"","ocean_display_top_bar":"default","ocean_display_header":"default","ocean_header_style":"","ocean_center_header_left_menu":"0","ocean_custom_header_template":"0","ocean_custom_logo":0,"ocean_custom_retina_logo":0,"ocean_custom_logo_max_width":0,"ocean_custom_logo_tablet_max_width":0,"ocean_custom_logo_mobile_max_width":0,"ocean_custom_logo_max_height":0,"ocean_custom_logo_tablet_max_height":0,"ocean_custom_logo_mobile_max_height":0,"ocean_header_custom_menu":"0","ocean_menu_typo_font_family":"0","ocean_menu_typo_font_subset":"","ocean_menu_typo_font_size":0,"ocean_menu_typo_font_size_tablet":0,"ocean_menu_typo_font_size_mobile":0,"ocean_menu_typo_font_size_unit":"px","ocean_menu_typo_font_weight":"","ocean_menu_typo_font_weight_tablet":"","ocean_menu_typo_font_weight_mobile":"","ocean_menu_typo_transform":"","ocean_menu_typo_transform_tablet":"","ocean_menu_typo_transform_mobile":"","ocean_menu_typo_line_height":0,"ocean_menu_typo_line_height_tablet":0,"ocean_menu_typo_line_height_mobile":0,"ocean_menu_typo_line_height_unit":"","ocean_menu_typo_spacing":0,"ocean_menu_typo_spacing_tablet":0,"ocean_menu_typo_spacing_mobile":0,"ocean_menu_typo_spacing_unit":"","ocean_menu_link_color":"","ocean_menu_link_color_hover":"","ocean_menu_link_color_active":"","ocean_menu_link_background":"","ocean_menu_link_hover_background":"","ocean_menu_link_active_background":"","ocean_menu_social_links_bg":"","ocean_menu_social_hover_links_bg":"","ocean_menu_social_links_color":"","ocean_menu_social_hover_links_color":"","ocean_disable_title":"default","ocean_disable_heading":"default","ocean_post_title":"","ocean_post_subheading":"","ocean_post_title_style":"","ocean_post_title_background_color":"","ocean_post_title_background":0,"ocean_post_title_bg_image_position":"","ocean_post_title_bg_image_attachment":"","ocean_post_title_bg_image_repeat":"","ocean_post_title_bg_image_size":"","ocean_post_title_height":0,"ocean_post_title_bg_overlay":0.5,"ocean_post_title_bg_overlay_color":"","ocean_disable_breadcrumbs":"default","ocean_breadcrumbs_color":"","ocean_breadcrumbs_separator_color":"","ocean_breadcrumbs_links_color":"","ocean_breadcrumbs_links_hover_color":"","ocean_display_footer_widgets":"default","ocean_display_footer_bottom":"default","ocean_custom_footer_template":"0"},"product_brand":[],"product_cat":[137],"product_tag":[146,156,139,132,133],"class_list":{"0":"post-6394","1":"product","2":"type-product","3":"status-publish","4":"has-post-thumbnail","6":"product_cat-cursos-testing","7":"product_tag-herramientas","8":"product_tag-programacion","9":"product_tag-tecnico","10":"product_tag-tester","11":"product_tag-testing","13":"entry","14":"has-media","16":"first","17":"instock","18":"sale","19":"virtual","20":"sold-individually","21":"purchasable","22":"product-type-simple","23":"has-product-nav","24":"col","25":"span_1_of_3","26":"owp-content-center","27":"owp-thumbs-layout-horizontal","28":"owp-btn-normal","29":"owp-tabs-layout-horizontal","30":"has-no-thumbnails"},"yoast_head":"<!-- This site is optimized with the Yoast SEO plugin v27.3 - https:\/\/yoast.com\/product\/yoast-seo-wordpress\/ -->\n<title>Dev tools para testers -<\/title>\n<meta name=\"description\" content=\"Curso que te permitir\u00e1 aprovech\u00e1 las herramientas de desarrollo que vienen en los browsers para mejorar tus pruebas.\" \/>\n<meta name=\"robots\" content=\"index, follow, max-snippet:-1, max-image-preview:large, max-video-preview:-1\" \/>\n<link rel=\"canonical\" href=\"https:\/\/nadiacavalleri.com.ar\/en\/product\/dev-tools-para-testers\/\" \/>\n<meta property=\"og:locale\" content=\"en_US\" \/>\n<meta property=\"og:type\" content=\"article\" \/>\n<meta property=\"og:title\" content=\"Dev tools para testers -\" \/>\n<meta property=\"og:description\" content=\"Curso que te permitir\u00e1 aprovech\u00e1 las herramientas de desarrollo que vienen en los browsers para mejorar tus pruebas.\" \/>\n<meta property=\"og:url\" content=\"https:\/\/nadiacavalleri.com.ar\/en\/product\/dev-tools-para-testers\/\" \/>\n<meta property=\"article:publisher\" content=\"https:\/\/www.facebook.com\/nadia.cavalleri\" \/>\n<meta property=\"article:modified_time\" content=\"2026-03-31T21:05:27+00:00\" \/>\n<meta property=\"og:image\" content=\"https:\/\/nadiacavalleri.com.ar\/wp-content\/uploads\/2024\/03\/Producto-Curso-Dev-tools-para-testers-1.png\" \/>\n\t<meta property=\"og:image:width\" content=\"1080\" \/>\n\t<meta property=\"og:image:height\" content=\"1080\" \/>\n\t<meta property=\"og:image:type\" content=\"image\/png\" \/>\n<meta name=\"twitter:card\" content=\"summary_large_image\" \/>\n<meta name=\"twitter:site\" content=\"@nadiacavalleri\" \/>\n<meta name=\"twitter:label1\" content=\"Est. reading time\" \/>\n\t<meta name=\"twitter:data1\" content=\"2 minutes\" \/>\n<script type=\"application\/ld+json\" class=\"yoast-schema-graph\">{\"@context\":\"https:\\\/\\\/schema.org\",\"@graph\":[{\"@type\":\"WebPage\",\"@id\":\"https:\\\/\\\/nadiacavalleri.com.ar\\\/producto\\\/dev-tools-para-testers\\\/\",\"url\":\"https:\\\/\\\/nadiacavalleri.com.ar\\\/producto\\\/dev-tools-para-testers\\\/\",\"name\":\"Dev tools para testers -\",\"isPartOf\":{\"@id\":\"https:\\\/\\\/nadiacavalleri.com.ar\\\/#website\"},\"primaryImageOfPage\":{\"@id\":\"https:\\\/\\\/nadiacavalleri.com.ar\\\/producto\\\/dev-tools-para-testers\\\/#primaryimage\"},\"image\":{\"@id\":\"https:\\\/\\\/nadiacavalleri.com.ar\\\/producto\\\/dev-tools-para-testers\\\/#primaryimage\"},\"thumbnailUrl\":\"https:\\\/\\\/nadiacavalleri.com.ar\\\/wp-content\\\/uploads\\\/2024\\\/03\\\/Producto-Curso-Dev-tools-para-testers-1.png\",\"datePublished\":\"2024-03-15T15:29:30+00:00\",\"dateModified\":\"2026-03-31T21:05:27+00:00\",\"description\":\"Curso que te permitir\u00e1 aprovech\u00e1 las herramientas de desarrollo que vienen en los browsers para mejorar tus pruebas.\",\"breadcrumb\":{\"@id\":\"https:\\\/\\\/nadiacavalleri.com.ar\\\/producto\\\/dev-tools-para-testers\\\/#breadcrumb\"},\"inLanguage\":\"en-US\",\"potentialAction\":[{\"@type\":\"ReadAction\",\"target\":[\"https:\\\/\\\/nadiacavalleri.com.ar\\\/producto\\\/dev-tools-para-testers\\\/\"]}]},{\"@type\":\"ImageObject\",\"inLanguage\":\"en-US\",\"@id\":\"https:\\\/\\\/nadiacavalleri.com.ar\\\/producto\\\/dev-tools-para-testers\\\/#primaryimage\",\"url\":\"https:\\\/\\\/nadiacavalleri.com.ar\\\/wp-content\\\/uploads\\\/2024\\\/03\\\/Producto-Curso-Dev-tools-para-testers-1.png\",\"contentUrl\":\"https:\\\/\\\/nadiacavalleri.com.ar\\\/wp-content\\\/uploads\\\/2024\\\/03\\\/Producto-Curso-Dev-tools-para-testers-1.png\",\"width\":1080,\"height\":1080,\"caption\":\"Dev tools para testers\"},{\"@type\":\"BreadcrumbList\",\"@id\":\"https:\\\/\\\/nadiacavalleri.com.ar\\\/producto\\\/dev-tools-para-testers\\\/#breadcrumb\",\"itemListElement\":[{\"@type\":\"ListItem\",\"position\":1,\"name\":\"Portada\",\"item\":\"https:\\\/\\\/nadiacavalleri.com.ar\\\/\"},{\"@type\":\"ListItem\",\"position\":2,\"name\":\"Tienda\",\"item\":\"https:\\\/\\\/nadiacavalleri.com.ar\\\/tienda\\\/\"},{\"@type\":\"ListItem\",\"position\":3,\"name\":\"Dev tools para testers\"}]},{\"@type\":\"WebSite\",\"@id\":\"https:\\\/\\\/nadiacavalleri.com.ar\\\/#website\",\"url\":\"https:\\\/\\\/nadiacavalleri.com.ar\\\/\",\"name\":\"Nadia Cavalleri\",\"description\":\"\",\"publisher\":{\"@id\":\"https:\\\/\\\/nadiacavalleri.com.ar\\\/#organization\"},\"potentialAction\":[{\"@type\":\"SearchAction\",\"target\":{\"@type\":\"EntryPoint\",\"urlTemplate\":\"https:\\\/\\\/nadiacavalleri.com.ar\\\/?s={search_term_string}\"},\"query-input\":{\"@type\":\"PropertyValueSpecification\",\"valueRequired\":true,\"valueName\":\"search_term_string\"}}],\"inLanguage\":\"en-US\"},{\"@type\":\"Organization\",\"@id\":\"https:\\\/\\\/nadiacavalleri.com.ar\\\/#organization\",\"name\":\"Nadia Cavalleri\",\"url\":\"https:\\\/\\\/nadiacavalleri.com.ar\\\/\",\"logo\":{\"@type\":\"ImageObject\",\"inLanguage\":\"en-US\",\"@id\":\"https:\\\/\\\/nadiacavalleri.com.ar\\\/#\\\/schema\\\/logo\\\/image\\\/\",\"url\":\"https:\\\/\\\/nadiacavalleri.com.ar\\\/wp-content\\\/uploads\\\/2018\\\/08\\\/cropped-Favicon-1.png\",\"contentUrl\":\"https:\\\/\\\/nadiacavalleri.com.ar\\\/wp-content\\\/uploads\\\/2018\\\/08\\\/cropped-Favicon-1.png\",\"width\":512,\"height\":512,\"caption\":\"Nadia Cavalleri\"},\"image\":{\"@id\":\"https:\\\/\\\/nadiacavalleri.com.ar\\\/#\\\/schema\\\/logo\\\/image\\\/\"},\"sameAs\":[\"https:\\\/\\\/www.facebook.com\\\/nadia.cavalleri\",\"https:\\\/\\\/x.com\\\/nadiacavalleri\",\"https:\\\/\\\/www.instagram.com\\\/nadia.cavalleri\\\/\",\"https:\\\/\\\/www.youtube.com\\\/c\\\/NadiaSoledadCavalleri\"]}]}<\/script>\n<!-- \/ Yoast SEO plugin. -->","yoast_head_json":{"title":"Dev tools para testers -","description":"Curso que te permitir\u00e1 aprovech\u00e1 las herramientas de desarrollo que vienen en los browsers para mejorar tus pruebas.","robots":{"index":"index","follow":"follow","max-snippet":"max-snippet:-1","max-image-preview":"max-image-preview:large","max-video-preview":"max-video-preview:-1"},"canonical":"https:\/\/nadiacavalleri.com.ar\/en\/product\/dev-tools-para-testers\/","og_locale":"en_US","og_type":"article","og_title":"Dev tools para testers -","og_description":"Curso que te permitir\u00e1 aprovech\u00e1 las herramientas de desarrollo que vienen en los browsers para mejorar tus pruebas.","og_url":"https:\/\/nadiacavalleri.com.ar\/en\/product\/dev-tools-para-testers\/","article_publisher":"https:\/\/www.facebook.com\/nadia.cavalleri","article_modified_time":"2026-03-31T21:05:27+00:00","og_image":[{"width":1080,"height":1080,"url":"https:\/\/nadiacavalleri.com.ar\/wp-content\/uploads\/2024\/03\/Producto-Curso-Dev-tools-para-testers-1.png","type":"image\/png"}],"twitter_card":"summary_large_image","twitter_site":"@nadiacavalleri","twitter_misc":{"Est. reading time":"2 minutes"},"schema":{"@context":"https:\/\/schema.org","@graph":[{"@type":"WebPage","@id":"https:\/\/nadiacavalleri.com.ar\/producto\/dev-tools-para-testers\/","url":"https:\/\/nadiacavalleri.com.ar\/producto\/dev-tools-para-testers\/","name":"Dev tools para testers -","isPartOf":{"@id":"https:\/\/nadiacavalleri.com.ar\/#website"},"primaryImageOfPage":{"@id":"https:\/\/nadiacavalleri.com.ar\/producto\/dev-tools-para-testers\/#primaryimage"},"image":{"@id":"https:\/\/nadiacavalleri.com.ar\/producto\/dev-tools-para-testers\/#primaryimage"},"thumbnailUrl":"https:\/\/nadiacavalleri.com.ar\/wp-content\/uploads\/2024\/03\/Producto-Curso-Dev-tools-para-testers-1.png","datePublished":"2024-03-15T15:29:30+00:00","dateModified":"2026-03-31T21:05:27+00:00","description":"Curso que te permitir\u00e1 aprovech\u00e1 las herramientas de desarrollo que vienen en los browsers para mejorar tus pruebas.","breadcrumb":{"@id":"https:\/\/nadiacavalleri.com.ar\/producto\/dev-tools-para-testers\/#breadcrumb"},"inLanguage":"en-US","potentialAction":[{"@type":"ReadAction","target":["https:\/\/nadiacavalleri.com.ar\/producto\/dev-tools-para-testers\/"]}]},{"@type":"ImageObject","inLanguage":"en-US","@id":"https:\/\/nadiacavalleri.com.ar\/producto\/dev-tools-para-testers\/#primaryimage","url":"https:\/\/nadiacavalleri.com.ar\/wp-content\/uploads\/2024\/03\/Producto-Curso-Dev-tools-para-testers-1.png","contentUrl":"https:\/\/nadiacavalleri.com.ar\/wp-content\/uploads\/2024\/03\/Producto-Curso-Dev-tools-para-testers-1.png","width":1080,"height":1080,"caption":"Dev tools para testers"},{"@type":"BreadcrumbList","@id":"https:\/\/nadiacavalleri.com.ar\/producto\/dev-tools-para-testers\/#breadcrumb","itemListElement":[{"@type":"ListItem","position":1,"name":"Portada","item":"https:\/\/nadiacavalleri.com.ar\/"},{"@type":"ListItem","position":2,"name":"Tienda","item":"https:\/\/nadiacavalleri.com.ar\/tienda\/"},{"@type":"ListItem","position":3,"name":"Dev tools para testers"}]},{"@type":"WebSite","@id":"https:\/\/nadiacavalleri.com.ar\/#website","url":"https:\/\/nadiacavalleri.com.ar\/","name":"Nadia Cavalleri","description":"","publisher":{"@id":"https:\/\/nadiacavalleri.com.ar\/#organization"},"potentialAction":[{"@type":"SearchAction","target":{"@type":"EntryPoint","urlTemplate":"https:\/\/nadiacavalleri.com.ar\/?s={search_term_string}"},"query-input":{"@type":"PropertyValueSpecification","valueRequired":true,"valueName":"search_term_string"}}],"inLanguage":"en-US"},{"@type":"Organization","@id":"https:\/\/nadiacavalleri.com.ar\/#organization","name":"Nadia Cavalleri","url":"https:\/\/nadiacavalleri.com.ar\/","logo":{"@type":"ImageObject","inLanguage":"en-US","@id":"https:\/\/nadiacavalleri.com.ar\/#\/schema\/logo\/image\/","url":"https:\/\/nadiacavalleri.com.ar\/wp-content\/uploads\/2018\/08\/cropped-Favicon-1.png","contentUrl":"https:\/\/nadiacavalleri.com.ar\/wp-content\/uploads\/2018\/08\/cropped-Favicon-1.png","width":512,"height":512,"caption":"Nadia Cavalleri"},"image":{"@id":"https:\/\/nadiacavalleri.com.ar\/#\/schema\/logo\/image\/"},"sameAs":["https:\/\/www.facebook.com\/nadia.cavalleri","https:\/\/x.com\/nadiacavalleri","https:\/\/www.instagram.com\/nadia.cavalleri\/","https:\/\/www.youtube.com\/c\/NadiaSoledadCavalleri"]}]}},"_links":{"self":[{"href":"https:\/\/nadiacavalleri.com.ar\/en\/wp-json\/wp\/v2\/product\/6394","targetHints":{"allow":["GET"]}}],"collection":[{"href":"https:\/\/nadiacavalleri.com.ar\/en\/wp-json\/wp\/v2\/product"}],"about":[{"href":"https:\/\/nadiacavalleri.com.ar\/en\/wp-json\/wp\/v2\/types\/product"}],"replies":[{"embeddable":true,"href":"https:\/\/nadiacavalleri.com.ar\/en\/wp-json\/wp\/v2\/comments?post=6394"}],"version-history":[{"count":9,"href":"https:\/\/nadiacavalleri.com.ar\/en\/wp-json\/wp\/v2\/product\/6394\/revisions"}],"predecessor-version":[{"id":7146,"href":"https:\/\/nadiacavalleri.com.ar\/en\/wp-json\/wp\/v2\/product\/6394\/revisions\/7146"}],"wp:featuredmedia":[{"embeddable":true,"href":"https:\/\/nadiacavalleri.com.ar\/en\/wp-json\/wp\/v2\/media\/6403"}],"wp:attachment":[{"href":"https:\/\/nadiacavalleri.com.ar\/en\/wp-json\/wp\/v2\/media?parent=6394"}],"wp:term":[{"taxonomy":"product_brand","embeddable":true,"href":"https:\/\/nadiacavalleri.com.ar\/en\/wp-json\/wp\/v2\/product_brand?post=6394"},{"taxonomy":"product_cat","embeddable":true,"href":"https:\/\/nadiacavalleri.com.ar\/en\/wp-json\/wp\/v2\/product_cat?post=6394"},{"taxonomy":"product_tag","embeddable":true,"href":"https:\/\/nadiacavalleri.com.ar\/en\/wp-json\/wp\/v2\/product_tag?post=6394"}],"curies":[{"name":"wp","href":"https:\/\/api.w.org\/{rel}","templated":true}]}}