{"id":8236,"date":"2024-08-07T06:16:38","date_gmt":"2024-08-07T09:16:38","guid":{"rendered":"https:\/\/nadiacavalleri.com.ar\/?post_type=product&#038;p=8236"},"modified":"2026-03-31T17:45:21","modified_gmt":"2026-03-31T20:45:21","slug":"introduccion-a-las-pruebas-de-sistemas-de-inteligencia-artificial","status":"publish","type":"product","link":"https:\/\/nadiacavalleri.com.ar\/en\/product\/introduccion-a-las-pruebas-de-sistemas-de-inteligencia-artificial\/","title":{"rendered":"Introducci\u00f3n a las pruebas de sistemas de Inteligencia Artificial"},"content":{"rendered":"<p data-pm-slice=\"0 0 []\">Este curso de Introducci\u00f3n a las Pruebas de Sistemas de Inteligencia Artificial te ofrece los fundamentos para sumergirte en el fascinante mundo de la Inteligencia artificial.<\/p>\n<p>Comenzaremos explorando los conceptos b\u00e1sicos como machine learning (aprendizaje autom\u00e1tico), deep learning, redes neuronales artificiales, inteligencia artificial generativa, datasets, hiperpar\u00e1metros, y muchos conceptos m\u00e1s.\u00a0 Esto te dar\u00e1 un panorama general y te permitir\u00e1 ordenar todos esos conceptos que seguramente escuchaste pero que todav\u00eda no podes diferenciar.<\/p>\n<p>Adem\u00e1s, abordaremos el proceso de construcci\u00f3n de modelos de Inteligencia Artificial. Entender\u00e1s como las pruebas tradicionales se diferencian de las pruebas de inteligencia artificial y cu\u00e1les son lso desaf\u00edos con los que nos encontraremos al sumergirnos en este tipo de proyectos.\u00a0 Conocer\u00e1s los atributos de calidad m\u00e1s relevantes en este campo y las m\u00e9tricas m\u00e1s utilizadas para evaluar el desempe\u00f1o de los modelos. Analizaremos tambi\u00e9n qu\u00e9 aspectos deben probarse en un proyecto de machine learning.<\/p>\n<p>Hablaremos de las estrategias de pruebas y haremos una revisi\u00f3n de los riesgos y ataques m\u00e1s comunes en la Inteligencia artificial. Finalmente, repasaremos las certificaciones disponibles que hay en el mercado para este campo orientadas a testing.<\/p>\n<p>Seguramente, el d\u00eda de ma\u00f1ana (\u00a1U hoy mismo!), cuando te toque probar un modelo de IA, tengas que especializarte en el tipo espec\u00edfico que te toque, pero con este curso ya tendr\u00e1s una gran base como para poder arrancar rapidamente y especializarte con m\u00e1s foraciones en el nuevo desaf\u00edo.<\/p>\n<p>\u00a1Prep\u00e1rate para un viaje educativo enriquecedor y desafiante!<\/p>","protected":false},"excerpt":{"rendered":"<p>Este curso de Introducci\u00f3n a las Pruebas de Sistemas de Inteligencia Artificial te ofrece los fundamentos para sumergirte en el fascinante mundo de la Inteligencia artificial. Comenzaremos explorando los conceptos b\u00e1sicos como machine learning (aprendizaje autom\u00e1tico), deep learning, redes neuronales artificiales, inteligencia artificial generativa, datasets, hiperpar\u00e1metros, y muchos conceptos m\u00e1s.\u00a0 Esto te dar\u00e1 un panorama [&hellip;]<\/p>\n","protected":false},"featured_media":8237,"comment_status":"closed","ping_status":"closed","template":"","meta":{"ocean_post_layout":"","ocean_both_sidebars_style":"","ocean_both_sidebars_content_width":0,"ocean_both_sidebars_sidebars_width":0,"ocean_sidebar":"0","ocean_second_sidebar":"0","ocean_disable_margins":"enable","ocean_add_body_class":"","ocean_shortcode_before_top_bar":"","ocean_shortcode_after_top_bar":"","ocean_shortcode_before_header":"","ocean_shortcode_after_header":"","ocean_has_shortcode":"","ocean_shortcode_after_title":"","ocean_shortcode_before_footer_widgets":"","ocean_shortcode_after_footer_widgets":"","ocean_shortcode_before_footer_bottom":"","ocean_shortcode_after_footer_bottom":"","ocean_display_top_bar":"default","ocean_display_header":"default","ocean_header_style":"","ocean_center_header_left_menu":"0","ocean_custom_header_template":"0","ocean_custom_logo":0,"ocean_custom_retina_logo":0,"ocean_custom_logo_max_width":0,"ocean_custom_logo_tablet_max_width":0,"ocean_custom_logo_mobile_max_width":0,"ocean_custom_logo_max_height":0,"ocean_custom_logo_tablet_max_height":0,"ocean_custom_logo_mobile_max_height":0,"ocean_header_custom_menu":"0","ocean_menu_typo_font_family":"0","ocean_menu_typo_font_subset":"","ocean_menu_typo_font_size":0,"ocean_menu_typo_font_size_tablet":0,"ocean_menu_typo_font_size_mobile":0,"ocean_menu_typo_font_size_unit":"px","ocean_menu_typo_font_weight":"","ocean_menu_typo_font_weight_tablet":"","ocean_menu_typo_font_weight_mobile":"","ocean_menu_typo_transform":"","ocean_menu_typo_transform_tablet":"","ocean_menu_typo_transform_mobile":"","ocean_menu_typo_line_height":0,"ocean_menu_typo_line_height_tablet":0,"ocean_menu_typo_line_height_mobile":0,"ocean_menu_typo_line_height_unit":"","ocean_menu_typo_spacing":0,"ocean_menu_typo_spacing_tablet":0,"ocean_menu_typo_spacing_mobile":0,"ocean_menu_typo_spacing_unit":"","ocean_menu_link_color":"","ocean_menu_link_color_hover":"","ocean_menu_link_color_active":"","ocean_menu_link_background":"","ocean_menu_link_hover_background":"","ocean_menu_link_active_background":"","ocean_menu_social_links_bg":"","ocean_menu_social_hover_links_bg":"","ocean_menu_social_links_color":"","ocean_menu_social_hover_links_color":"","ocean_disable_title":"default","ocean_disable_heading":"default","ocean_post_title":"","ocean_post_subheading":"","ocean_post_title_style":"","ocean_post_title_background_color":"","ocean_post_title_background":0,"ocean_post_title_bg_image_position":"","ocean_post_title_bg_image_attachment":"","ocean_post_title_bg_image_repeat":"","ocean_post_title_bg_image_size":"","ocean_post_title_height":0,"ocean_post_title_bg_overlay":0.5,"ocean_post_title_bg_overlay_color":"","ocean_disable_breadcrumbs":"default","ocean_breadcrumbs_color":"","ocean_breadcrumbs_separator_color":"","ocean_breadcrumbs_links_color":"","ocean_breadcrumbs_links_hover_color":"","ocean_display_footer_widgets":"default","ocean_display_footer_bottom":"default","ocean_custom_footer_template":"0"},"product_brand":[],"product_cat":[137],"product_tag":[185,132,133],"class_list":{"0":"post-8236","1":"product","2":"type-product","3":"status-publish","4":"has-post-thumbnail","6":"product_cat-cursos-testing","7":"product_tag-inteligencia-artificial","8":"product_tag-tester","9":"product_tag-testing","11":"entry","12":"has-media","14":"first","15":"instock","16":"sale","17":"virtual","18":"sold-individually","19":"purchasable","20":"product-type-simple","21":"has-product-nav","22":"col","23":"span_1_of_3","24":"owp-content-center","25":"owp-thumbs-layout-horizontal","26":"owp-btn-normal","27":"owp-tabs-layout-horizontal","28":"has-no-thumbnails"},"yoast_head":"<!-- This site is optimized with the Yoast SEO plugin v27.3 - https:\/\/yoast.com\/product\/yoast-seo-wordpress\/ -->\n<title>Introducci\u00f3n a las pruebas de sistemas de Inteligencia Artificial -<\/title>\n<meta name=\"description\" content=\"Aprend\u00e9 a probar sistemas de inteligencia artificial . Este es el primer paso de tu pr\u00f3ximo desaf\u00edo como tester de inteligencia artificial\" \/>\n<meta name=\"robots\" content=\"index, follow, max-snippet:-1, max-image-preview:large, max-video-preview:-1\" \/>\n<link rel=\"canonical\" href=\"https:\/\/nadiacavalleri.com.ar\/en\/product\/introduccion-a-las-pruebas-de-sistemas-de-inteligencia-artificial\/\" \/>\n<meta property=\"og:locale\" content=\"en_US\" \/>\n<meta property=\"og:type\" content=\"article\" \/>\n<meta property=\"og:title\" content=\"Introducci\u00f3n a las pruebas de sistemas de Inteligencia Artificial -\" \/>\n<meta property=\"og:description\" content=\"Aprend\u00e9 a probar sistemas de inteligencia artificial . Este es el primer paso de tu pr\u00f3ximo desaf\u00edo como tester de inteligencia artificial\" \/>\n<meta property=\"og:url\" content=\"https:\/\/nadiacavalleri.com.ar\/en\/product\/introduccion-a-las-pruebas-de-sistemas-de-inteligencia-artificial\/\" \/>\n<meta property=\"article:publisher\" content=\"https:\/\/www.facebook.com\/nadia.cavalleri\" \/>\n<meta property=\"article:modified_time\" content=\"2026-03-31T20:45:21+00:00\" \/>\n<meta property=\"og:image\" content=\"https:\/\/nadiacavalleri.com.ar\/wp-content\/uploads\/2024\/08\/Producto-Curso-IAdel-tiempo.png\" \/>\n\t<meta property=\"og:image:width\" content=\"1080\" \/>\n\t<meta property=\"og:image:height\" content=\"1080\" \/>\n\t<meta property=\"og:image:type\" content=\"image\/png\" \/>\n<meta name=\"twitter:card\" content=\"summary_large_image\" \/>\n<meta name=\"twitter:site\" content=\"@nadiacavalleri\" \/>\n<meta name=\"twitter:label1\" content=\"Est. reading time\" \/>\n\t<meta name=\"twitter:data1\" content=\"2 minutes\" \/>\n<script type=\"application\/ld+json\" class=\"yoast-schema-graph\">{\"@context\":\"https:\\\/\\\/schema.org\",\"@graph\":[{\"@type\":\"WebPage\",\"@id\":\"https:\\\/\\\/nadiacavalleri.com.ar\\\/producto\\\/introduccion-a-las-pruebas-de-sistemas-de-inteligencia-artificial\\\/\",\"url\":\"https:\\\/\\\/nadiacavalleri.com.ar\\\/producto\\\/introduccion-a-las-pruebas-de-sistemas-de-inteligencia-artificial\\\/\",\"name\":\"Introducci\u00f3n a las pruebas de sistemas de Inteligencia Artificial -\",\"isPartOf\":{\"@id\":\"https:\\\/\\\/nadiacavalleri.com.ar\\\/#website\"},\"primaryImageOfPage\":{\"@id\":\"https:\\\/\\\/nadiacavalleri.com.ar\\\/producto\\\/introduccion-a-las-pruebas-de-sistemas-de-inteligencia-artificial\\\/#primaryimage\"},\"image\":{\"@id\":\"https:\\\/\\\/nadiacavalleri.com.ar\\\/producto\\\/introduccion-a-las-pruebas-de-sistemas-de-inteligencia-artificial\\\/#primaryimage\"},\"thumbnailUrl\":\"https:\\\/\\\/nadiacavalleri.com.ar\\\/wp-content\\\/uploads\\\/2024\\\/08\\\/Producto-Curso-IAdel-tiempo.png\",\"datePublished\":\"2024-08-07T09:16:38+00:00\",\"dateModified\":\"2026-03-31T20:45:21+00:00\",\"description\":\"Aprend\u00e9 a probar sistemas de inteligencia artificial . Este es el primer paso de tu pr\u00f3ximo desaf\u00edo como tester de inteligencia artificial\",\"breadcrumb\":{\"@id\":\"https:\\\/\\\/nadiacavalleri.com.ar\\\/producto\\\/introduccion-a-las-pruebas-de-sistemas-de-inteligencia-artificial\\\/#breadcrumb\"},\"inLanguage\":\"en-US\",\"potentialAction\":[{\"@type\":\"ReadAction\",\"target\":[\"https:\\\/\\\/nadiacavalleri.com.ar\\\/producto\\\/introduccion-a-las-pruebas-de-sistemas-de-inteligencia-artificial\\\/\"]}]},{\"@type\":\"ImageObject\",\"inLanguage\":\"en-US\",\"@id\":\"https:\\\/\\\/nadiacavalleri.com.ar\\\/producto\\\/introduccion-a-las-pruebas-de-sistemas-de-inteligencia-artificial\\\/#primaryimage\",\"url\":\"https:\\\/\\\/nadiacavalleri.com.ar\\\/wp-content\\\/uploads\\\/2024\\\/08\\\/Producto-Curso-IAdel-tiempo.png\",\"contentUrl\":\"https:\\\/\\\/nadiacavalleri.com.ar\\\/wp-content\\\/uploads\\\/2024\\\/08\\\/Producto-Curso-IAdel-tiempo.png\",\"width\":1080,\"height\":1080,\"caption\":\"Curso pruebas de sistemas de Inteligencia Artificial\"},{\"@type\":\"BreadcrumbList\",\"@id\":\"https:\\\/\\\/nadiacavalleri.com.ar\\\/producto\\\/introduccion-a-las-pruebas-de-sistemas-de-inteligencia-artificial\\\/#breadcrumb\",\"itemListElement\":[{\"@type\":\"ListItem\",\"position\":1,\"name\":\"Portada\",\"item\":\"https:\\\/\\\/nadiacavalleri.com.ar\\\/\"},{\"@type\":\"ListItem\",\"position\":2,\"name\":\"Tienda\",\"item\":\"https:\\\/\\\/nadiacavalleri.com.ar\\\/tienda\\\/\"},{\"@type\":\"ListItem\",\"position\":3,\"name\":\"Introducci\u00f3n a las pruebas de sistemas de Inteligencia Artificial\"}]},{\"@type\":\"WebSite\",\"@id\":\"https:\\\/\\\/nadiacavalleri.com.ar\\\/#website\",\"url\":\"https:\\\/\\\/nadiacavalleri.com.ar\\\/\",\"name\":\"Nadia Cavalleri\",\"description\":\"\",\"publisher\":{\"@id\":\"https:\\\/\\\/nadiacavalleri.com.ar\\\/#organization\"},\"potentialAction\":[{\"@type\":\"SearchAction\",\"target\":{\"@type\":\"EntryPoint\",\"urlTemplate\":\"https:\\\/\\\/nadiacavalleri.com.ar\\\/?s={search_term_string}\"},\"query-input\":{\"@type\":\"PropertyValueSpecification\",\"valueRequired\":true,\"valueName\":\"search_term_string\"}}],\"inLanguage\":\"en-US\"},{\"@type\":\"Organization\",\"@id\":\"https:\\\/\\\/nadiacavalleri.com.ar\\\/#organization\",\"name\":\"Nadia Cavalleri\",\"url\":\"https:\\\/\\\/nadiacavalleri.com.ar\\\/\",\"logo\":{\"@type\":\"ImageObject\",\"inLanguage\":\"en-US\",\"@id\":\"https:\\\/\\\/nadiacavalleri.com.ar\\\/#\\\/schema\\\/logo\\\/image\\\/\",\"url\":\"https:\\\/\\\/nadiacavalleri.com.ar\\\/wp-content\\\/uploads\\\/2018\\\/08\\\/cropped-Favicon-1.png\",\"contentUrl\":\"https:\\\/\\\/nadiacavalleri.com.ar\\\/wp-content\\\/uploads\\\/2018\\\/08\\\/cropped-Favicon-1.png\",\"width\":512,\"height\":512,\"caption\":\"Nadia Cavalleri\"},\"image\":{\"@id\":\"https:\\\/\\\/nadiacavalleri.com.ar\\\/#\\\/schema\\\/logo\\\/image\\\/\"},\"sameAs\":[\"https:\\\/\\\/www.facebook.com\\\/nadia.cavalleri\",\"https:\\\/\\\/x.com\\\/nadiacavalleri\",\"https:\\\/\\\/www.instagram.com\\\/nadia.cavalleri\\\/\",\"https:\\\/\\\/www.youtube.com\\\/c\\\/NadiaSoledadCavalleri\"]}]}<\/script>\n<!-- \/ Yoast SEO plugin. -->","yoast_head_json":{"title":"Introducci\u00f3n a las pruebas de sistemas de Inteligencia Artificial -","description":"Aprend\u00e9 a probar sistemas de inteligencia artificial . Este es el primer paso de tu pr\u00f3ximo desaf\u00edo como tester de inteligencia artificial","robots":{"index":"index","follow":"follow","max-snippet":"max-snippet:-1","max-image-preview":"max-image-preview:large","max-video-preview":"max-video-preview:-1"},"canonical":"https:\/\/nadiacavalleri.com.ar\/en\/product\/introduccion-a-las-pruebas-de-sistemas-de-inteligencia-artificial\/","og_locale":"en_US","og_type":"article","og_title":"Introducci\u00f3n a las pruebas de sistemas de Inteligencia Artificial -","og_description":"Aprend\u00e9 a probar sistemas de inteligencia artificial . Este es el primer paso de tu pr\u00f3ximo desaf\u00edo como tester de inteligencia artificial","og_url":"https:\/\/nadiacavalleri.com.ar\/en\/product\/introduccion-a-las-pruebas-de-sistemas-de-inteligencia-artificial\/","article_publisher":"https:\/\/www.facebook.com\/nadia.cavalleri","article_modified_time":"2026-03-31T20:45:21+00:00","og_image":[{"width":1080,"height":1080,"url":"https:\/\/nadiacavalleri.com.ar\/wp-content\/uploads\/2024\/08\/Producto-Curso-IAdel-tiempo.png","type":"image\/png"}],"twitter_card":"summary_large_image","twitter_site":"@nadiacavalleri","twitter_misc":{"Est. reading time":"2 minutes"},"schema":{"@context":"https:\/\/schema.org","@graph":[{"@type":"WebPage","@id":"https:\/\/nadiacavalleri.com.ar\/producto\/introduccion-a-las-pruebas-de-sistemas-de-inteligencia-artificial\/","url":"https:\/\/nadiacavalleri.com.ar\/producto\/introduccion-a-las-pruebas-de-sistemas-de-inteligencia-artificial\/","name":"Introducci\u00f3n a las pruebas de sistemas de Inteligencia Artificial -","isPartOf":{"@id":"https:\/\/nadiacavalleri.com.ar\/#website"},"primaryImageOfPage":{"@id":"https:\/\/nadiacavalleri.com.ar\/producto\/introduccion-a-las-pruebas-de-sistemas-de-inteligencia-artificial\/#primaryimage"},"image":{"@id":"https:\/\/nadiacavalleri.com.ar\/producto\/introduccion-a-las-pruebas-de-sistemas-de-inteligencia-artificial\/#primaryimage"},"thumbnailUrl":"https:\/\/nadiacavalleri.com.ar\/wp-content\/uploads\/2024\/08\/Producto-Curso-IAdel-tiempo.png","datePublished":"2024-08-07T09:16:38+00:00","dateModified":"2026-03-31T20:45:21+00:00","description":"Aprend\u00e9 a probar sistemas de inteligencia artificial . Este es el primer paso de tu pr\u00f3ximo desaf\u00edo como tester de inteligencia artificial","breadcrumb":{"@id":"https:\/\/nadiacavalleri.com.ar\/producto\/introduccion-a-las-pruebas-de-sistemas-de-inteligencia-artificial\/#breadcrumb"},"inLanguage":"en-US","potentialAction":[{"@type":"ReadAction","target":["https:\/\/nadiacavalleri.com.ar\/producto\/introduccion-a-las-pruebas-de-sistemas-de-inteligencia-artificial\/"]}]},{"@type":"ImageObject","inLanguage":"en-US","@id":"https:\/\/nadiacavalleri.com.ar\/producto\/introduccion-a-las-pruebas-de-sistemas-de-inteligencia-artificial\/#primaryimage","url":"https:\/\/nadiacavalleri.com.ar\/wp-content\/uploads\/2024\/08\/Producto-Curso-IAdel-tiempo.png","contentUrl":"https:\/\/nadiacavalleri.com.ar\/wp-content\/uploads\/2024\/08\/Producto-Curso-IAdel-tiempo.png","width":1080,"height":1080,"caption":"Curso pruebas de sistemas de Inteligencia Artificial"},{"@type":"BreadcrumbList","@id":"https:\/\/nadiacavalleri.com.ar\/producto\/introduccion-a-las-pruebas-de-sistemas-de-inteligencia-artificial\/#breadcrumb","itemListElement":[{"@type":"ListItem","position":1,"name":"Portada","item":"https:\/\/nadiacavalleri.com.ar\/"},{"@type":"ListItem","position":2,"name":"Tienda","item":"https:\/\/nadiacavalleri.com.ar\/tienda\/"},{"@type":"ListItem","position":3,"name":"Introducci\u00f3n a las pruebas de sistemas de Inteligencia Artificial"}]},{"@type":"WebSite","@id":"https:\/\/nadiacavalleri.com.ar\/#website","url":"https:\/\/nadiacavalleri.com.ar\/","name":"Nadia Cavalleri","description":"","publisher":{"@id":"https:\/\/nadiacavalleri.com.ar\/#organization"},"potentialAction":[{"@type":"SearchAction","target":{"@type":"EntryPoint","urlTemplate":"https:\/\/nadiacavalleri.com.ar\/?s={search_term_string}"},"query-input":{"@type":"PropertyValueSpecification","valueRequired":true,"valueName":"search_term_string"}}],"inLanguage":"en-US"},{"@type":"Organization","@id":"https:\/\/nadiacavalleri.com.ar\/#organization","name":"Nadia Cavalleri","url":"https:\/\/nadiacavalleri.com.ar\/","logo":{"@type":"ImageObject","inLanguage":"en-US","@id":"https:\/\/nadiacavalleri.com.ar\/#\/schema\/logo\/image\/","url":"https:\/\/nadiacavalleri.com.ar\/wp-content\/uploads\/2018\/08\/cropped-Favicon-1.png","contentUrl":"https:\/\/nadiacavalleri.com.ar\/wp-content\/uploads\/2018\/08\/cropped-Favicon-1.png","width":512,"height":512,"caption":"Nadia Cavalleri"},"image":{"@id":"https:\/\/nadiacavalleri.com.ar\/#\/schema\/logo\/image\/"},"sameAs":["https:\/\/www.facebook.com\/nadia.cavalleri","https:\/\/x.com\/nadiacavalleri","https:\/\/www.instagram.com\/nadia.cavalleri\/","https:\/\/www.youtube.com\/c\/NadiaSoledadCavalleri"]}]}},"_links":{"self":[{"href":"https:\/\/nadiacavalleri.com.ar\/en\/wp-json\/wp\/v2\/product\/8236","targetHints":{"allow":["GET"]}}],"collection":[{"href":"https:\/\/nadiacavalleri.com.ar\/en\/wp-json\/wp\/v2\/product"}],"about":[{"href":"https:\/\/nadiacavalleri.com.ar\/en\/wp-json\/wp\/v2\/types\/product"}],"replies":[{"embeddable":true,"href":"https:\/\/nadiacavalleri.com.ar\/en\/wp-json\/wp\/v2\/comments?post=8236"}],"version-history":[{"count":2,"href":"https:\/\/nadiacavalleri.com.ar\/en\/wp-json\/wp\/v2\/product\/8236\/revisions"}],"predecessor-version":[{"id":8639,"href":"https:\/\/nadiacavalleri.com.ar\/en\/wp-json\/wp\/v2\/product\/8236\/revisions\/8639"}],"wp:featuredmedia":[{"embeddable":true,"href":"https:\/\/nadiacavalleri.com.ar\/en\/wp-json\/wp\/v2\/media\/8237"}],"wp:attachment":[{"href":"https:\/\/nadiacavalleri.com.ar\/en\/wp-json\/wp\/v2\/media?parent=8236"}],"wp:term":[{"taxonomy":"product_brand","embeddable":true,"href":"https:\/\/nadiacavalleri.com.ar\/en\/wp-json\/wp\/v2\/product_brand?post=8236"},{"taxonomy":"product_cat","embeddable":true,"href":"https:\/\/nadiacavalleri.com.ar\/en\/wp-json\/wp\/v2\/product_cat?post=8236"},{"taxonomy":"product_tag","embeddable":true,"href":"https:\/\/nadiacavalleri.com.ar\/en\/wp-json\/wp\/v2\/product_tag?post=8236"}],"curies":[{"name":"wp","href":"https:\/\/api.w.org\/{rel}","templated":true}]}}