{"id":9596,"date":"2025-01-02T08:00:38","date_gmt":"2025-01-02T11:00:38","guid":{"rendered":"https:\/\/nadiacavalleri.com.ar\/?post_type=product&#038;p=9596"},"modified":"2026-03-31T17:56:03","modified_gmt":"2026-03-31T20:56:03","slug":"aproba-la-certificacion-test-analyst","status":"publish","type":"product","link":"https:\/\/nadiacavalleri.com.ar\/en\/product\/aproba-la-certificacion-test-analyst\/","title":{"rendered":"Aprob\u00e1 la certificaci\u00f3n Test Analyst (CTAL-TA)"},"content":{"rendered":"<div data-elementor-type=\"wp-post\" data-elementor-id=\"9596\" class=\"elementor elementor-9596\">\n\t\t\t\t\t\t<section class=\"elementor-section elementor-top-section elementor-element elementor-element-7a0eb38e elementor-section-boxed elementor-section-height-default elementor-section-height-default\" data-id=\"7a0eb38e\" data-element_type=\"section\" data-e-type=\"section\">\n\t\t\t\t\t\t<div class=\"elementor-container elementor-column-gap-default\">\n\t\t\t\t\t<div class=\"elementor-column elementor-col-100 elementor-top-column elementor-element elementor-element-75d89330\" data-id=\"75d89330\" data-element_type=\"column\" data-e-type=\"column\">\n\t\t\t<div class=\"elementor-widget-wrap elementor-element-populated\">\n\t\t\t\t\t\t<div class=\"elementor-element elementor-element-7448919 elementor-widget elementor-widget-text-editor\" data-id=\"7448919\" data-element_type=\"widget\" data-e-type=\"widget\" data-widget_type=\"text-editor.default\">\n\t\t\t\t<div class=\"elementor-widget-container\">\n\t\t\t\t\t\t\t\t\t<p data-pm-slice=\"0 0 []\">Este curso est\u00e1 dise\u00f1ado para ayudarte tanto si est\u00e1s prepar\u00e1ndote para rendir la certificaci\u00f3n de Analista de pruebas (Advanced Level Test Analyst)\u00a0(CTAL-TA)\u00a0como si simplemente quer\u00e9s aprender o repasar t\u00e9cnicas clave para desempe\u00f1arte mejor en este rol.<\/p><p>En el caso de que quieras rendir el examen, record\u00e1 que primero tenes que tener aprobado el <em>Foundation Level, <\/em>s\u00ed a\u00fan no lo ten\u00e9s, tambi\u00e9n hay un curso para ello.<\/p><p>El curso est\u00e1 completamente actualizado a la \u00faltima versi\u00f3n de la certificaci\u00f3n, y vamos a recorrer juntos todos los temas del <em>syllabus<\/em>. Todo el material est\u00e1 organizado en las mismas secciones del syllabus para que puedas ir directamente a consultar el contenido espec\u00edfico que est\u00e1s buscando. Al final, tambi\u00e9n encontrar\u00e1s una secci\u00f3n especial con preguntas y respuestas basadas en modelos de examen reales.\u00a0Como siempre, no solo se explica cu\u00e1l es la respuesta correcta sino que se analiza por qu\u00e9 las otras son incorrectas.<\/p><p>Por supuesto que hacer el curso no garantiza la aprobaci\u00f3n del examen pero, si lo hiciste y practicaste lo suficiente, podes ir con la tranquilidad de que ten\u00e9s todo lo que necesitas para pasar satisfactoriamente ese examen.<\/p><p>Preparate para analizar, entender y practicar. Estoy ac\u00e1 para acompa\u00f1arte en este proceso.<\/p><p>\u00a1Nos vemos dentro del curso!<\/p>\t\t\t\t\t\t\t\t<\/div>\n\t\t\t\t<\/div>\n\t\t\t\t\t<\/div>\n\t\t<\/div>\n\t\t\t\t\t<\/div>\n\t\t<\/section>\n\t\t\t\t<\/div>","protected":false},"excerpt":{"rendered":"<p>Este curso est\u00e1 dise\u00f1ado para ayudarte tanto si est\u00e1s prepar\u00e1ndote para rendir la certificaci\u00f3n de Analista de pruebas (Advanced Level Test Analyst)\u00a0(CTAL-TA)\u00a0como si simplemente quer\u00e9s aprender o repasar t\u00e9cnicas clave para desempe\u00f1arte mejor en este rol. En el caso de que quieras rendir el examen, record\u00e1 que primero tenes que tener aprobado el Foundation Level, [&hellip;]<\/p>\n","protected":false},"featured_media":9599,"comment_status":"closed","ping_status":"closed","template":"","meta":{"ocean_post_layout":"","ocean_both_sidebars_style":"","ocean_both_sidebars_content_width":0,"ocean_both_sidebars_sidebars_width":0,"ocean_sidebar":"0","ocean_second_sidebar":"0","ocean_disable_margins":"enable","ocean_add_body_class":"","ocean_shortcode_before_top_bar":"","ocean_shortcode_after_top_bar":"","ocean_shortcode_before_header":"","ocean_shortcode_after_header":"","ocean_has_shortcode":"","ocean_shortcode_after_title":"","ocean_shortcode_before_footer_widgets":"","ocean_shortcode_after_footer_widgets":"","ocean_shortcode_before_footer_bottom":"","ocean_shortcode_after_footer_bottom":"","ocean_display_top_bar":"default","ocean_display_header":"default","ocean_header_style":"","ocean_center_header_left_menu":"0","ocean_custom_header_template":"0","ocean_custom_logo":0,"ocean_custom_retina_logo":0,"ocean_custom_logo_max_width":0,"ocean_custom_logo_tablet_max_width":0,"ocean_custom_logo_mobile_max_width":0,"ocean_custom_logo_max_height":0,"ocean_custom_logo_tablet_max_height":0,"ocean_custom_logo_mobile_max_height":0,"ocean_header_custom_menu":"0","ocean_menu_typo_font_family":"0","ocean_menu_typo_font_subset":"","ocean_menu_typo_font_size":0,"ocean_menu_typo_font_size_tablet":0,"ocean_menu_typo_font_size_mobile":0,"ocean_menu_typo_font_size_unit":"px","ocean_menu_typo_font_weight":"","ocean_menu_typo_font_weight_tablet":"","ocean_menu_typo_font_weight_mobile":"","ocean_menu_typo_transform":"","ocean_menu_typo_transform_tablet":"","ocean_menu_typo_transform_mobile":"","ocean_menu_typo_line_height":0,"ocean_menu_typo_line_height_tablet":0,"ocean_menu_typo_line_height_mobile":0,"ocean_menu_typo_line_height_unit":"","ocean_menu_typo_spacing":0,"ocean_menu_typo_spacing_tablet":0,"ocean_menu_typo_spacing_mobile":0,"ocean_menu_typo_spacing_unit":"","ocean_menu_link_color":"","ocean_menu_link_color_hover":"","ocean_menu_link_color_active":"","ocean_menu_link_background":"","ocean_menu_link_hover_background":"","ocean_menu_link_active_background":"","ocean_menu_social_links_bg":"","ocean_menu_social_hover_links_bg":"","ocean_menu_social_links_color":"","ocean_menu_social_hover_links_color":"","ocean_disable_title":"default","ocean_disable_heading":"default","ocean_post_title":"","ocean_post_subheading":"","ocean_post_title_style":"","ocean_post_title_background_color":"","ocean_post_title_background":0,"ocean_post_title_bg_image_position":"","ocean_post_title_bg_image_attachment":"","ocean_post_title_bg_image_repeat":"","ocean_post_title_bg_image_size":"","ocean_post_title_height":0,"ocean_post_title_bg_overlay":0.5,"ocean_post_title_bg_overlay_color":"","ocean_disable_breadcrumbs":"default","ocean_breadcrumbs_color":"","ocean_breadcrumbs_separator_color":"","ocean_breadcrumbs_links_color":"","ocean_breadcrumbs_links_hover_color":"","ocean_display_footer_widgets":"default","ocean_display_footer_bottom":"default","ocean_custom_footer_template":"0"},"product_brand":[],"product_cat":[199,137],"product_tag":[171,132,133],"class_list":{"0":"post-9596","1":"product","2":"type-product","3":"status-publish","4":"has-post-thumbnail","6":"product_cat-certificaciones-testing","7":"product_cat-cursos-testing","8":"product_tag-certificacion","9":"product_tag-tester","10":"product_tag-testing","12":"entry","13":"has-media","15":"first","16":"instock","17":"sale","18":"virtual","19":"sold-individually","20":"purchasable","21":"product-type-simple","22":"has-product-nav","23":"col","24":"span_1_of_3","25":"owp-content-center","26":"owp-thumbs-layout-horizontal","27":"owp-btn-normal","28":"owp-tabs-layout-horizontal","29":"has-no-thumbnails"},"yoast_head":"<!-- This site is optimized with the Yoast SEO plugin v27.3 - https:\/\/yoast.com\/product\/yoast-seo-wordpress\/ -->\n<title>Aprob\u00e1 la certificaci\u00f3n Test Analyst (CTAL-TA) -<\/title>\n<meta name=\"description\" content=\"Preparate para rendir y aprobar la certificaci\u00f3n Certified Tester Advanced Level Test Analyst (CTAL-TA) de ISTQB . Convertite en un analista de pruebas certificado.\" \/>\n<meta name=\"robots\" content=\"index, follow, max-snippet:-1, max-image-preview:large, max-video-preview:-1\" \/>\n<link rel=\"canonical\" href=\"https:\/\/nadiacavalleri.com.ar\/en\/product\/aproba-la-certificacion-test-analyst\/\" \/>\n<meta property=\"og:locale\" content=\"en_US\" \/>\n<meta property=\"og:type\" content=\"article\" \/>\n<meta property=\"og:title\" content=\"Aprob\u00e1 la certificaci\u00f3n Test Analyst (CTAL-TA) -\" \/>\n<meta property=\"og:description\" content=\"Preparate para rendir y aprobar la certificaci\u00f3n Certified Tester Advanced Level Test Analyst (CTAL-TA) de ISTQB . Convertite en un analista de pruebas certificado.\" \/>\n<meta property=\"og:url\" content=\"https:\/\/nadiacavalleri.com.ar\/en\/product\/aproba-la-certificacion-test-analyst\/\" \/>\n<meta property=\"article:publisher\" content=\"https:\/\/www.facebook.com\/nadia.cavalleri\" \/>\n<meta property=\"article:modified_time\" content=\"2026-03-31T20:56:03+00:00\" \/>\n<meta property=\"og:image\" content=\"https:\/\/nadiacavalleri.com.ar\/wp-content\/uploads\/2025\/01\/Producto-Curso-Analista-de-pruebas-CTAL-AT.png\" \/>\n\t<meta property=\"og:image:width\" content=\"1080\" \/>\n\t<meta property=\"og:image:height\" content=\"1080\" \/>\n\t<meta property=\"og:image:type\" content=\"image\/png\" \/>\n<meta name=\"twitter:card\" content=\"summary_large_image\" \/>\n<meta name=\"twitter:site\" content=\"@nadiacavalleri\" \/>\n<meta name=\"twitter:label1\" content=\"Est. reading time\" \/>\n\t<meta name=\"twitter:data1\" content=\"2 minutes\" \/>\n<script type=\"application\/ld+json\" class=\"yoast-schema-graph\">{\"@context\":\"https:\\\/\\\/schema.org\",\"@graph\":[{\"@type\":\"WebPage\",\"@id\":\"https:\\\/\\\/nadiacavalleri.com.ar\\\/producto\\\/aproba-la-certificacion-test-analyst\\\/\",\"url\":\"https:\\\/\\\/nadiacavalleri.com.ar\\\/producto\\\/aproba-la-certificacion-test-analyst\\\/\",\"name\":\"Aprob\u00e1 la certificaci\u00f3n Test Analyst (CTAL-TA) -\",\"isPartOf\":{\"@id\":\"https:\\\/\\\/nadiacavalleri.com.ar\\\/#website\"},\"primaryImageOfPage\":{\"@id\":\"https:\\\/\\\/nadiacavalleri.com.ar\\\/producto\\\/aproba-la-certificacion-test-analyst\\\/#primaryimage\"},\"image\":{\"@id\":\"https:\\\/\\\/nadiacavalleri.com.ar\\\/producto\\\/aproba-la-certificacion-test-analyst\\\/#primaryimage\"},\"thumbnailUrl\":\"https:\\\/\\\/nadiacavalleri.com.ar\\\/wp-content\\\/uploads\\\/2025\\\/01\\\/Producto-Curso-Analista-de-pruebas-CTAL-AT.png\",\"datePublished\":\"2025-01-02T11:00:38+00:00\",\"dateModified\":\"2026-03-31T20:56:03+00:00\",\"description\":\"Preparate para rendir y aprobar la certificaci\u00f3n Certified Tester Advanced Level Test Analyst (CTAL-TA) de ISTQB . Convertite en un analista de pruebas certificado.\",\"breadcrumb\":{\"@id\":\"https:\\\/\\\/nadiacavalleri.com.ar\\\/producto\\\/aproba-la-certificacion-test-analyst\\\/#breadcrumb\"},\"inLanguage\":\"en-US\",\"potentialAction\":[{\"@type\":\"ReadAction\",\"target\":[\"https:\\\/\\\/nadiacavalleri.com.ar\\\/producto\\\/aproba-la-certificacion-test-analyst\\\/\"]}]},{\"@type\":\"ImageObject\",\"inLanguage\":\"en-US\",\"@id\":\"https:\\\/\\\/nadiacavalleri.com.ar\\\/producto\\\/aproba-la-certificacion-test-analyst\\\/#primaryimage\",\"url\":\"https:\\\/\\\/nadiacavalleri.com.ar\\\/wp-content\\\/uploads\\\/2025\\\/01\\\/Producto-Curso-Analista-de-pruebas-CTAL-AT.png\",\"contentUrl\":\"https:\\\/\\\/nadiacavalleri.com.ar\\\/wp-content\\\/uploads\\\/2025\\\/01\\\/Producto-Curso-Analista-de-pruebas-CTAL-AT.png\",\"width\":1080,\"height\":1080,\"caption\":\"Certificaci\u00f3n Test Analyst CTAL-AT\"},{\"@type\":\"BreadcrumbList\",\"@id\":\"https:\\\/\\\/nadiacavalleri.com.ar\\\/producto\\\/aproba-la-certificacion-test-analyst\\\/#breadcrumb\",\"itemListElement\":[{\"@type\":\"ListItem\",\"position\":1,\"name\":\"Portada\",\"item\":\"https:\\\/\\\/nadiacavalleri.com.ar\\\/\"},{\"@type\":\"ListItem\",\"position\":2,\"name\":\"Tienda\",\"item\":\"https:\\\/\\\/nadiacavalleri.com.ar\\\/tienda\\\/\"},{\"@type\":\"ListItem\",\"position\":3,\"name\":\"Aprob\u00e1 la certificaci\u00f3n Test Analyst (CTAL-TA)\"}]},{\"@type\":\"WebSite\",\"@id\":\"https:\\\/\\\/nadiacavalleri.com.ar\\\/#website\",\"url\":\"https:\\\/\\\/nadiacavalleri.com.ar\\\/\",\"name\":\"Nadia Cavalleri\",\"description\":\"\",\"publisher\":{\"@id\":\"https:\\\/\\\/nadiacavalleri.com.ar\\\/#organization\"},\"potentialAction\":[{\"@type\":\"SearchAction\",\"target\":{\"@type\":\"EntryPoint\",\"urlTemplate\":\"https:\\\/\\\/nadiacavalleri.com.ar\\\/?s={search_term_string}\"},\"query-input\":{\"@type\":\"PropertyValueSpecification\",\"valueRequired\":true,\"valueName\":\"search_term_string\"}}],\"inLanguage\":\"en-US\"},{\"@type\":\"Organization\",\"@id\":\"https:\\\/\\\/nadiacavalleri.com.ar\\\/#organization\",\"name\":\"Nadia Cavalleri\",\"url\":\"https:\\\/\\\/nadiacavalleri.com.ar\\\/\",\"logo\":{\"@type\":\"ImageObject\",\"inLanguage\":\"en-US\",\"@id\":\"https:\\\/\\\/nadiacavalleri.com.ar\\\/#\\\/schema\\\/logo\\\/image\\\/\",\"url\":\"https:\\\/\\\/nadiacavalleri.com.ar\\\/wp-content\\\/uploads\\\/2018\\\/08\\\/cropped-Favicon-1.png\",\"contentUrl\":\"https:\\\/\\\/nadiacavalleri.com.ar\\\/wp-content\\\/uploads\\\/2018\\\/08\\\/cropped-Favicon-1.png\",\"width\":512,\"height\":512,\"caption\":\"Nadia Cavalleri\"},\"image\":{\"@id\":\"https:\\\/\\\/nadiacavalleri.com.ar\\\/#\\\/schema\\\/logo\\\/image\\\/\"},\"sameAs\":[\"https:\\\/\\\/www.facebook.com\\\/nadia.cavalleri\",\"https:\\\/\\\/x.com\\\/nadiacavalleri\",\"https:\\\/\\\/www.instagram.com\\\/nadia.cavalleri\\\/\",\"https:\\\/\\\/www.youtube.com\\\/c\\\/NadiaSoledadCavalleri\"]}]}<\/script>\n<!-- \/ Yoast SEO plugin. -->","yoast_head_json":{"title":"Aprob\u00e1 la certificaci\u00f3n Test Analyst (CTAL-TA) -","description":"Preparate para rendir y aprobar la certificaci\u00f3n Certified Tester Advanced Level Test Analyst (CTAL-TA) de ISTQB . Convertite en un analista de pruebas certificado.","robots":{"index":"index","follow":"follow","max-snippet":"max-snippet:-1","max-image-preview":"max-image-preview:large","max-video-preview":"max-video-preview:-1"},"canonical":"https:\/\/nadiacavalleri.com.ar\/en\/product\/aproba-la-certificacion-test-analyst\/","og_locale":"en_US","og_type":"article","og_title":"Aprob\u00e1 la certificaci\u00f3n Test Analyst (CTAL-TA) -","og_description":"Preparate para rendir y aprobar la certificaci\u00f3n Certified Tester Advanced Level Test Analyst (CTAL-TA) de ISTQB . Convertite en un analista de pruebas certificado.","og_url":"https:\/\/nadiacavalleri.com.ar\/en\/product\/aproba-la-certificacion-test-analyst\/","article_publisher":"https:\/\/www.facebook.com\/nadia.cavalleri","article_modified_time":"2026-03-31T20:56:03+00:00","og_image":[{"width":1080,"height":1080,"url":"https:\/\/nadiacavalleri.com.ar\/wp-content\/uploads\/2025\/01\/Producto-Curso-Analista-de-pruebas-CTAL-AT.png","type":"image\/png"}],"twitter_card":"summary_large_image","twitter_site":"@nadiacavalleri","twitter_misc":{"Est. reading time":"2 minutes"},"schema":{"@context":"https:\/\/schema.org","@graph":[{"@type":"WebPage","@id":"https:\/\/nadiacavalleri.com.ar\/producto\/aproba-la-certificacion-test-analyst\/","url":"https:\/\/nadiacavalleri.com.ar\/producto\/aproba-la-certificacion-test-analyst\/","name":"Aprob\u00e1 la certificaci\u00f3n Test Analyst (CTAL-TA) -","isPartOf":{"@id":"https:\/\/nadiacavalleri.com.ar\/#website"},"primaryImageOfPage":{"@id":"https:\/\/nadiacavalleri.com.ar\/producto\/aproba-la-certificacion-test-analyst\/#primaryimage"},"image":{"@id":"https:\/\/nadiacavalleri.com.ar\/producto\/aproba-la-certificacion-test-analyst\/#primaryimage"},"thumbnailUrl":"https:\/\/nadiacavalleri.com.ar\/wp-content\/uploads\/2025\/01\/Producto-Curso-Analista-de-pruebas-CTAL-AT.png","datePublished":"2025-01-02T11:00:38+00:00","dateModified":"2026-03-31T20:56:03+00:00","description":"Preparate para rendir y aprobar la certificaci\u00f3n Certified Tester Advanced Level Test Analyst (CTAL-TA) de ISTQB . Convertite en un analista de pruebas certificado.","breadcrumb":{"@id":"https:\/\/nadiacavalleri.com.ar\/producto\/aproba-la-certificacion-test-analyst\/#breadcrumb"},"inLanguage":"en-US","potentialAction":[{"@type":"ReadAction","target":["https:\/\/nadiacavalleri.com.ar\/producto\/aproba-la-certificacion-test-analyst\/"]}]},{"@type":"ImageObject","inLanguage":"en-US","@id":"https:\/\/nadiacavalleri.com.ar\/producto\/aproba-la-certificacion-test-analyst\/#primaryimage","url":"https:\/\/nadiacavalleri.com.ar\/wp-content\/uploads\/2025\/01\/Producto-Curso-Analista-de-pruebas-CTAL-AT.png","contentUrl":"https:\/\/nadiacavalleri.com.ar\/wp-content\/uploads\/2025\/01\/Producto-Curso-Analista-de-pruebas-CTAL-AT.png","width":1080,"height":1080,"caption":"Certificaci\u00f3n Test Analyst CTAL-AT"},{"@type":"BreadcrumbList","@id":"https:\/\/nadiacavalleri.com.ar\/producto\/aproba-la-certificacion-test-analyst\/#breadcrumb","itemListElement":[{"@type":"ListItem","position":1,"name":"Portada","item":"https:\/\/nadiacavalleri.com.ar\/"},{"@type":"ListItem","position":2,"name":"Tienda","item":"https:\/\/nadiacavalleri.com.ar\/tienda\/"},{"@type":"ListItem","position":3,"name":"Aprob\u00e1 la certificaci\u00f3n Test Analyst (CTAL-TA)"}]},{"@type":"WebSite","@id":"https:\/\/nadiacavalleri.com.ar\/#website","url":"https:\/\/nadiacavalleri.com.ar\/","name":"Nadia Cavalleri","description":"","publisher":{"@id":"https:\/\/nadiacavalleri.com.ar\/#organization"},"potentialAction":[{"@type":"SearchAction","target":{"@type":"EntryPoint","urlTemplate":"https:\/\/nadiacavalleri.com.ar\/?s={search_term_string}"},"query-input":{"@type":"PropertyValueSpecification","valueRequired":true,"valueName":"search_term_string"}}],"inLanguage":"en-US"},{"@type":"Organization","@id":"https:\/\/nadiacavalleri.com.ar\/#organization","name":"Nadia Cavalleri","url":"https:\/\/nadiacavalleri.com.ar\/","logo":{"@type":"ImageObject","inLanguage":"en-US","@id":"https:\/\/nadiacavalleri.com.ar\/#\/schema\/logo\/image\/","url":"https:\/\/nadiacavalleri.com.ar\/wp-content\/uploads\/2018\/08\/cropped-Favicon-1.png","contentUrl":"https:\/\/nadiacavalleri.com.ar\/wp-content\/uploads\/2018\/08\/cropped-Favicon-1.png","width":512,"height":512,"caption":"Nadia Cavalleri"},"image":{"@id":"https:\/\/nadiacavalleri.com.ar\/#\/schema\/logo\/image\/"},"sameAs":["https:\/\/www.facebook.com\/nadia.cavalleri","https:\/\/x.com\/nadiacavalleri","https:\/\/www.instagram.com\/nadia.cavalleri\/","https:\/\/www.youtube.com\/c\/NadiaSoledadCavalleri"]}]}},"_links":{"self":[{"href":"https:\/\/nadiacavalleri.com.ar\/en\/wp-json\/wp\/v2\/product\/9596","targetHints":{"allow":["GET"]}}],"collection":[{"href":"https:\/\/nadiacavalleri.com.ar\/en\/wp-json\/wp\/v2\/product"}],"about":[{"href":"https:\/\/nadiacavalleri.com.ar\/en\/wp-json\/wp\/v2\/types\/product"}],"replies":[{"embeddable":true,"href":"https:\/\/nadiacavalleri.com.ar\/en\/wp-json\/wp\/v2\/comments?post=9596"}],"version-history":[{"count":6,"href":"https:\/\/nadiacavalleri.com.ar\/en\/wp-json\/wp\/v2\/product\/9596\/revisions"}],"predecessor-version":[{"id":9614,"href":"https:\/\/nadiacavalleri.com.ar\/en\/wp-json\/wp\/v2\/product\/9596\/revisions\/9614"}],"wp:featuredmedia":[{"embeddable":true,"href":"https:\/\/nadiacavalleri.com.ar\/en\/wp-json\/wp\/v2\/media\/9599"}],"wp:attachment":[{"href":"https:\/\/nadiacavalleri.com.ar\/en\/wp-json\/wp\/v2\/media?parent=9596"}],"wp:term":[{"taxonomy":"product_brand","embeddable":true,"href":"https:\/\/nadiacavalleri.com.ar\/en\/wp-json\/wp\/v2\/product_brand?post=9596"},{"taxonomy":"product_cat","embeddable":true,"href":"https:\/\/nadiacavalleri.com.ar\/en\/wp-json\/wp\/v2\/product_cat?post=9596"},{"taxonomy":"product_tag","embeddable":true,"href":"https:\/\/nadiacavalleri.com.ar\/en\/wp-json\/wp\/v2\/product_tag?post=9596"}],"curies":[{"name":"wp","href":"https:\/\/api.w.org\/{rel}","templated":true}]}}